{"id":5269,"date":"2024-06-06T20:04:54","date_gmt":"2024-06-06T18:04:54","guid":{"rendered":"https:\/\/pdrtools.ch\/produkt\/tab-tower\/"},"modified":"2026-04-10T10:12:49","modified_gmt":"2026-04-10T08:12:49","slug":"tab-tower","status":"publish","type":"product","link":"https:\/\/pdrtools.ch\/pl\/produkt\/tab-tower\/","title":{"rendered":"Tab Tower &#8211; Reloaded"},"content":{"rendered":"<h2><img data-opt-id=171546654  fetchpriority=\"high\" decoding=\"async\" class=\"wp-image-9867 size-medium alignright\" src=\"https:\/\/mlzzjckobjnb.i.optimole.com\/w:300\/h:400\/q:mauto\/f:best\/https:\/\/pdrtools.ch\/wp-content\/uploads\/IMG_6831.jpeg\" alt=\"\" width=\"300\" height=\"400\" srcset=\"https:\/\/mlzzjckobjnb.i.optimole.com\/w:300\/h:400\/q:mauto\/f:best\/https:\/\/pdrtools.ch\/wp-content\/uploads\/IMG_6831-scaled.jpeg 300w, https:\/\/mlzzjckobjnb.i.optimole.com\/w:600\/h:800\/q:mauto\/f:best\/https:\/\/pdrtools.ch\/wp-content\/uploads\/IMG_6831-scaled.jpeg 600w, https:\/\/mlzzjckobjnb.i.optimole.com\/w:768\/h:1024\/q:mauto\/f:best\/https:\/\/pdrtools.ch\/wp-content\/uploads\/IMG_6831-scaled.jpeg 768w, https:\/\/mlzzjckobjnb.i.optimole.com\/w:1152\/h:1536\/q:mauto\/f:best\/https:\/\/pdrtools.ch\/wp-content\/uploads\/IMG_6831-scaled.jpeg 1152w, https:\/\/mlzzjckobjnb.i.optimole.com\/w:1536\/h:2048\/q:mauto\/f:best\/https:\/\/pdrtools.ch\/wp-content\/uploads\/IMG_6831-scaled.jpeg 1536w, https:\/\/mlzzjckobjnb.i.optimole.com\/w:1200\/h:1600\/q:mauto\/f:best\/https:\/\/pdrtools.ch\/wp-content\/uploads\/IMG_6831-scaled.jpeg 1200w, https:\/\/mlzzjckobjnb.i.optimole.com\/w:1920\/h:2560\/q:mauto\/f:best\/https:\/\/pdrtools.ch\/wp-content\/uploads\/IMG_6831-scaled.jpeg 1920w, https:\/\/mlzzjckobjnb.i.optimole.com\/w:1920\/h:2560\/q:mauto\/f:best\/dpr:2\/https:\/\/pdrtools.ch\/wp-content\/uploads\/IMG_6831-scaled.jpeg 2x\" sizes=\"(max-width: 300px) 100vw, 300px\" \/><strong data-start=\"397\" data-end=\"421\">Tab Tower &#8211; Reloaded<\/strong><br data-start=\"421\" data-end=\"424\"><em data-start=\"424\" data-end=\"462\">Uzbr\u00f3j sw\u00f3j Tab Tower w akcesoria.<\/em><\/h2>\n<p data-start=\"211\" data-end=\"402\">Tab Tower &#8211; Reloaded to co\u015b wi\u0119cej ni\u017c tylko uchwyt.<br data-start=\"517\" data-end=\"520\">To modu\u0142owy system organizacji dla profesjonalist\u00f3w PDR, opracowany z my\u015bl\u0105 o maksymalnej wydajno\u015bci bezpo\u015brednio w poje\u017adzie.<\/p>\n<p data-start=\"694\" data-end=\"768\"><strong>Dezorganizacja kosztuje czas.<\/strong><br data-start=\"716\" data-end=\"719\">Lu\u017ane zak\u0142adki, narz\u0119dzia le\u017c\u0105ce wok\u00f3\u0142, ci\u0105g\u0142e szukanie.<\/p>\n<p data-start=\"770\" data-end=\"884\">Dzi\u0119ki Tab Tower &#8211; Reloaded masz wszystko dok\u0142adnie tam, gdzie tego potrzebujesz &#8211; szybko, schludnie i w zasi\u0119gu r\u0119ki.<\/p>\n<p data-start=\"1018\" data-end=\"1140\"><strong data-start=\"1018\" data-end=\"1036\">Maksymalna przyczepno\u015b\u0107<\/strong><br data-start=\"1036\" data-end=\"1039\">Bardzo silny magnes utrzymuje wie\u017c\u0119 bezpiecznie na metalowych powierzchniach &#8211; nawet w gor\u0105czkowym \u015brodowisku pracy.<\/p>\n<p data-start=\"1142\" data-end=\"1271\"><strong data-start=\"1142\" data-end=\"1165\">Ochrona i stabilno\u015b\u0107<\/strong><br data-start=\"1165\" data-end=\"1168\">Silikonowe n\u00f3\u017cki chroni\u0105 lakier i jednocze\u015bnie zapewniaj\u0105 antypo\u015blizgow\u0105 podstaw\u0119. W razie potrzeby mo\u017cna je wymieni\u0107. <\/p>\n<p data-start=\"1273\" data-end=\"1397\"><strong data-start=\"1273\" data-end=\"1303\">Wi\u0119cej miejsca, wi\u0119cej kontroli<\/strong><br data-start=\"1303\" data-end=\"1306\">Dzi\u0119ki <strong data-start=\"1310\" data-end=\"1322\">10 gniazdom<\/strong> masz jeszcze wi\u0119cej mo\u017cliwo\u015bci uporz\u0105dkowania zak\u0142adek i akcesori\u00f3w.<\/p>\n<p data-start=\"1399\" data-end=\"1493\"><strong data-start=\"1399\" data-end=\"1421\">Zoptymalizowana konstrukcja<\/strong><br data-start=\"1421\" data-end=\"1424\">Poprawiona ergonomia zapewnia szybki dost\u0119p i wydajn\u0105 prac\u0119.<\/p>\n<hr data-start=\"1058\" data-end=\"1061\">\n<h1 data-start=\"1063\" data-end=\"1105\"><strong data-start=\"1063\" data-end=\"1103\">Zbuduj w\u0142asn\u0105 konfiguracj\u0119:<\/strong><\/h1>\n<p data-start=\"1589\" data-end=\"1638\">Tab Tower &#8211; Reloaded jest ca\u0142kowicie modu\u0142owy.<\/p>\n<p data-start=\"1640\" data-end=\"1678\">Dostosuj go dok\u0142adnie do swojego przep\u0142ywu pracy dzi\u0119ki naszym akcesoriom:<\/p>\n<p data-start=\"1680\" data-end=\"1813\">&#8211; Uchwyt do przewracania<br data-start=\"1698\" data-end=\"1701\">&#8211; Magnetyczny uchwyt na ko\u0144c\u00f3wki<br data-start=\"1726\" data-end=\"1729\">&#8211; Uchwyt na butelki z rozpylaczem<br data-start=\"1751\" data-end=\"1754\">&#8211; Podw\u00f3jny uk\u0142adacz<br data-start=\"1770\" data-end=\"1773\">&#8211; Wiaderka<br data-start=\"1786\" data-end=\"1789\">&#8211; Pojemnik na klej<\/p>\n<p data-start=\"1815\" data-end=\"1844\">Nie jest to standard. Twoja konfiguracja. <\/p>\n<hr data-start=\"1292\" data-end=\"1295\">\n<p style=\"text-align: center;\" data-start=\"1297\" data-end=\"1452\">Narz\u0119dzie dla profesjonalist\u00f3w, kt\u00f3rzy pracuj\u0105 w spos\u00f3b zorganizowany i chc\u0105 szybciej sko\u0144czy\u0107 prac\u0119.<\/p>\n<hr data-start=\"1454\" data-end=\"1457\">\n<p data-start=\"1459\" data-end=\"1536\"><em data-start=\"1459\" data-end=\"1536\">Zak\u0142adki i akcesoria s\u0142u\u017c\u0105 wy\u0142\u0105cznie do cel\u00f3w demonstracyjnych i nie wchodz\u0105 w zakres dostawy.<\/em><\/p>\n","protected":false},"excerpt":{"rendered":"<p><strong data-start=\"45\" data-end=\"69\">Tab Tower &#8211; Reloaded<\/strong> to nast\u0119pna generacja organizacji PDR &#8211; z ultra mocnym magnesem, silikonowymi n\u00f3\u017ckami i teraz 10 gniazdami dla maksymalnej wydajno\u015bci. Dzi\u0119ki modu\u0142owemu systemowi, wie\u017c\u0119 mo\u017cna spersonalizowa\u0107 za pomoc\u0105 akcesori\u00f3w i idealnie dostosowa\u0107 do przep\u0142ywu pracy. <\/p>\n<p>&nbsp;<\/p>\n","protected":false},"featured_media":10217,"comment_status":"closed","ping_status":"closed","template":"","meta":[],"product_brand":[],"product_cat":[923,944],"product_tag":[924],"class_list":{"0":"post-5269","1":"product","2":"type-product","3":"status-publish","4":"has-post-thumbnail","6":"product_cat-tab-tower","7":"product_cat-uchwyt-narzedzia","8":"product_tag-tab-tower","10":"first","11":"instock","12":"taxable","13":"shipping-taxable","14":"purchasable","15":"product-type-simple"},"_links":{"self":[{"href":"https:\/\/pdrtools.ch\/pl\/wp-json\/wp\/v2\/product\/5269","targetHints":{"allow":["GET"]}}],"collection":[{"href":"https:\/\/pdrtools.ch\/pl\/wp-json\/wp\/v2\/product"}],"about":[{"href":"https:\/\/pdrtools.ch\/pl\/wp-json\/wp\/v2\/types\/product"}],"replies":[{"embeddable":true,"href":"https:\/\/pdrtools.ch\/pl\/wp-json\/wp\/v2\/comments?post=5269"}],"wp:featuredmedia":[{"embeddable":true,"href":"https:\/\/pdrtools.ch\/pl\/wp-json\/wp\/v2\/media\/10217"}],"wp:attachment":[{"href":"https:\/\/pdrtools.ch\/pl\/wp-json\/wp\/v2\/media?parent=5269"}],"wp:term":[{"taxonomy":"product_brand","embeddable":true,"href":"https:\/\/pdrtools.ch\/pl\/wp-json\/wp\/v2\/product_brand?post=5269"},{"taxonomy":"product_cat","embeddable":true,"href":"https:\/\/pdrtools.ch\/pl\/wp-json\/wp\/v2\/product_cat?post=5269"},{"taxonomy":"product_tag","embeddable":true,"href":"https:\/\/pdrtools.ch\/pl\/wp-json\/wp\/v2\/product_tag?post=5269"}],"curies":[{"name":"wp","href":"https:\/\/api.w.org\/{rel}","templated":true}]}}