{"id":5208,"date":"2024-06-11T10:21:48","date_gmt":"2024-06-11T08:21:48","guid":{"rendered":"https:\/\/pdrtools.ch\/produkt\/tab-tower-blue\/"},"modified":"2026-04-10T10:13:31","modified_gmt":"2026-04-10T08:13:31","slug":"tab-tower-blue","status":"publish","type":"product","link":"https:\/\/pdrtools.ch\/pl\/produkt\/tab-tower-blue\/","title":{"rendered":"Tab Tower &#8211; niebieski"},"content":{"rendered":"<h3>Tab Tower Blue (EDYCJA LIMITOWANA): Efektywna organizacja kart PDR<\/h3>\n<p><span class=\"hljs-variable\">To<\/span> <span class=\"hljs-built_in\">Zak\u0142adka<\/span> <span class=\"hljs-variable\">Wie\u017ca<\/span> <span class=\"hljs-variable\">jest<\/span> <span class=\"hljs-variable\">jeden<\/span> <span class=\"hljs-variable\">ograniczony<\/span> <span class=\"hljs-variable\">Wydanie<\/span><span class=\"hljs-operator\">.<\/span> <span class=\"hljs-variable\">The<\/span> <span class=\"hljs-variable\">Zasi\u0119g<\/span> <span class=\"hljs-variable\">z<\/span> <span class=\"hljs-variable\">p\u00f3\u0142przezroczysty<\/span> <span class=\"hljs-variable\">niebieski<\/span> <span class=\"hljs-variable\">Wyko\u0144czenia<\/span> <span class=\"hljs-variable\">trwa<\/span> <span class=\"hljs-variable\">w<\/span> <span class=\"hljs-variable\">w<\/span> <span class=\"hljs-variable\">Produkcja<\/span> <span class=\"hljs-variable\">prawie<\/span> <span class=\"hljs-variable\">podw\u00f3jny<\/span> <span class=\"hljs-variable\">wi\u0119c<\/span> <span class=\"hljs-variable\">d\u0142ugi<\/span><span class=\"hljs-operator\">.<\/span> <span class=\"hljs-variable\">The<\/span> <span class=\"hljs-built_in\">Zak\u0142adka<\/span> <span class=\"hljs-variable\">Wie\u017ca<\/span><span class=\"hljs-operator\">,<\/span> <span class=\"hljs-variable\">pod\u0142oga<\/span><span class=\"hljs-operator\">,<\/span> <span class=\"hljs-variable\">w<\/span> <span class=\"hljs-variable\">Pokrywa<\/span> <span class=\"hljs-variable\">oraz<\/span> <span class=\"hljs-variable\">w<\/span> <span class=\"hljs-variable\">\u015brodek<\/span> <span class=\"hljs-variable\">Zachowanie<\/span><span class=\"hljs-variable\">Wszystkie<\/span><span class=\"hljs-operator\"> grupy<\/span> <span class=\"hljs-variable\">wiekowe<\/span> <span class=\"hljs-variable\">maj\u0105 ten sam<\/span> <span class=\"hljs-variable\">jednolity<\/span> <span class=\"hljs-variable\">kolor.<\/span><\/p>\n<p>Tab Tower to idealne rozwi\u0105zanie do przechowywania zak\u0142adek samoprzylepnych PDR w spos\u00f3b uporz\u0105dkowany i \u0142atwo dost\u0119pny. To kompaktowe akcesorium maksymalizuje wydajno\u015b\u0107 w miejscu pracy i zapewnia mobilno\u015b\u0107 profesjonalistom PDR.  <strong>G\u0142\u00f3wne cechy:<\/strong><\/p>\n<ul>\n<li><strong>Obrotowa konstrukcja:<\/strong> \u0141atwy dost\u0119p do wszystkich zak\u0142adek poprzez proste obr\u00f3cenie Tab Tower.<\/li>\n<li><strong>8 rowk\u00f3w:<\/strong> Mie\u015bci r\u00f3\u017cne rozmiary zak\u0142adek, od ma\u0142ych do du\u017cych.<\/li>\n<li><strong>Wyjmowany pojemnik \u015brodkowy:<\/strong> \u0141atwe usuwanie odpad\u00f3w kleju lub przechowywanie przylepc\u00f3w. Szybkie usuwanie i czyszczenie. <\/li>\n<li><strong>Bezpieczna pokrywa:<\/strong> zapewnia bezpiecze\u0144stwo i ochron\u0119 kart podczas transportu.<\/li>\n<\/ul>\n<p>Tylko do wyczerpania zapas\u00f3w!<\/p>\n<p><em>* Wysy\u0142ka do kraj\u00f3w UE ze Szwajcarii mo\u017ce wi\u0105za\u0107 si\u0119 z dodatkowymi kosztami, takimi jak op\u0142aty celne lub podatki. *<\/em><\/p>\n","protected":false},"excerpt":{"rendered":"<p>Czy Tw\u00f3j w\u00f3zek narz\u0119dziowy jest prze\u0142adowany zak\u0142adkami? Tab Tower zwalnia miejsce, przyspiesza naprawy dzi\u0119ki szybkiemu i mobilnemu dost\u0119powi oraz zapewnia wygodne miejsce do usuwania odpad\u00f3w kleju. Profesjonalne rozwi\u0105zanie dla powa\u017cnych technik\u00f3w PDR.  <\/p>\n<p>&nbsp;<\/p>\n","protected":false},"featured_media":8916,"comment_status":"closed","ping_status":"closed","template":"","meta":[],"product_brand":[],"product_cat":[944],"product_tag":[924],"class_list":{"0":"post-5208","1":"product","2":"type-product","3":"status-publish","4":"has-post-thumbnail","6":"product_cat-uchwyt-narzedzia","7":"product_tag-tab-tower","9":"first","10":"instock","11":"sale","12":"sold-individually","13":"taxable","14":"shipping-taxable","15":"purchasable","16":"product-type-simple"},"_links":{"self":[{"href":"https:\/\/pdrtools.ch\/pl\/wp-json\/wp\/v2\/product\/5208","targetHints":{"allow":["GET"]}}],"collection":[{"href":"https:\/\/pdrtools.ch\/pl\/wp-json\/wp\/v2\/product"}],"about":[{"href":"https:\/\/pdrtools.ch\/pl\/wp-json\/wp\/v2\/types\/product"}],"replies":[{"embeddable":true,"href":"https:\/\/pdrtools.ch\/pl\/wp-json\/wp\/v2\/comments?post=5208"}],"wp:featuredmedia":[{"embeddable":true,"href":"https:\/\/pdrtools.ch\/pl\/wp-json\/wp\/v2\/media\/8916"}],"wp:attachment":[{"href":"https:\/\/pdrtools.ch\/pl\/wp-json\/wp\/v2\/media?parent=5208"}],"wp:term":[{"taxonomy":"product_brand","embeddable":true,"href":"https:\/\/pdrtools.ch\/pl\/wp-json\/wp\/v2\/product_brand?post=5208"},{"taxonomy":"product_cat","embeddable":true,"href":"https:\/\/pdrtools.ch\/pl\/wp-json\/wp\/v2\/product_cat?post=5208"},{"taxonomy":"product_tag","embeddable":true,"href":"https:\/\/pdrtools.ch\/pl\/wp-json\/wp\/v2\/product_tag?post=5208"}],"curies":[{"name":"wp","href":"https:\/\/api.w.org\/{rel}","templated":true}]}}