{"id":5184,"date":"2024-07-18T13:22:15","date_gmt":"2024-07-18T11:22:15","guid":{"rendered":"https:\/\/pdrtools.ch\/produkt\/tab-tower-xl-grey\/"},"modified":"2026-04-10T10:12:53","modified_gmt":"2026-04-10T08:12:53","slug":"tab-tower-xl-grey","status":"publish","type":"product","link":"https:\/\/pdrtools.ch\/pl\/produkt\/tab-tower-xl-grey\/","title":{"rendered":"Tab Tower XL &#8211; szary"},"content":{"rendered":"<h3>Tab Tower XL &#8211; szary: efektywna organizacja zak\u0142adek samoprzylepnych PDR<\/h3>\n<p>Tab Tower XL to idealne rozwi\u0105zanie do przechowywania zak\u0142adek samoprzylepnych PDR w spos\u00f3b uporz\u0105dkowany i \u0142atwo dost\u0119pny. To kompaktowe akcesorium maksymalizuje wydajno\u015b\u0107 w miejscu pracy i zapewnia mobilno\u015b\u0107 profesjonalistom PDR. <\/p>\n<p><strong>G\u0142\u00f3wne cechy:<\/strong><\/p>\n<ul>\n<li><strong>Bardzo du\u017cy:<\/strong> mie\u015bci wi\u0119cej zak\u0142adek<\/li>\n<li><strong>Obrotowa konstrukcja:<\/strong> \u0141atwy dost\u0119p do wszystkich zak\u0142adek poprzez proste obr\u00f3cenie Tab Tower.<\/li>\n<li><strong>8 rowk\u00f3w:<\/strong> Mie\u015bci r\u00f3\u017cne rozmiary zak\u0142adek, od ma\u0142ych do du\u017cych.<\/li>\n<li><strong>Wyjmowany pojemnik \u015brodkowy:<\/strong> \u0141atwe usuwanie odpad\u00f3w kleju lub przechowywanie przylepc\u00f3w. Szybkie usuwanie i czyszczenie. <\/li>\n<li><strong>Bezpieczna pokrywa:<\/strong> zapewnia bezpiecze\u0144stwo i ochron\u0119 kart podczas transportu.<\/li>\n<\/ul>\n<h5>\n* Zak\u0142adki s\u0142u\u017c\u0105 wy\u0142\u0105cznie do cel\u00f3w demonstracyjnych i nie s\u0105 wliczone w cen\u0119. *<em> Wysy\u0142ka do kraj\u00f3w UE ze Szwajcarii mo\u017ce wi\u0105za\u0107 si\u0119 z dodatkowymi kosztami, takimi jak op\u0142aty celne lub podatki. *<\/em><\/h5>\n","protected":false},"excerpt":{"rendered":"<p>Tw\u00f3j w\u00f3zek narz\u0119dziowy jest prze\u0142adowany zak\u0142adkami? Tab Tower XL zwalnia miejsce, przyspiesza naprawy dzi\u0119ki szybkiemu i mobilnemu dost\u0119powi oraz zapewnia wygodne miejsce do usuwania odpad\u00f3w kleju. Profesjonalne rozwi\u0105zanie dla powa\u017cnych technik\u00f3w PDR.  <\/p>\n<p>&nbsp;<\/p>\n","protected":false},"featured_media":5187,"comment_status":"closed","ping_status":"closed","template":"","meta":[],"product_brand":[],"product_cat":[944],"product_tag":[924],"class_list":{"0":"post-5184","1":"product","2":"type-product","3":"status-publish","4":"has-post-thumbnail","6":"product_cat-uchwyt-narzedzia","7":"product_tag-tab-tower","9":"first","10":"outofstock","11":"taxable","12":"shipping-taxable","13":"purchasable","14":"product-type-simple"},"_links":{"self":[{"href":"https:\/\/pdrtools.ch\/pl\/wp-json\/wp\/v2\/product\/5184","targetHints":{"allow":["GET"]}}],"collection":[{"href":"https:\/\/pdrtools.ch\/pl\/wp-json\/wp\/v2\/product"}],"about":[{"href":"https:\/\/pdrtools.ch\/pl\/wp-json\/wp\/v2\/types\/product"}],"replies":[{"embeddable":true,"href":"https:\/\/pdrtools.ch\/pl\/wp-json\/wp\/v2\/comments?post=5184"}],"wp:featuredmedia":[{"embeddable":true,"href":"https:\/\/pdrtools.ch\/pl\/wp-json\/wp\/v2\/media\/5187"}],"wp:attachment":[{"href":"https:\/\/pdrtools.ch\/pl\/wp-json\/wp\/v2\/media?parent=5184"}],"wp:term":[{"taxonomy":"product_brand","embeddable":true,"href":"https:\/\/pdrtools.ch\/pl\/wp-json\/wp\/v2\/product_brand?post=5184"},{"taxonomy":"product_cat","embeddable":true,"href":"https:\/\/pdrtools.ch\/pl\/wp-json\/wp\/v2\/product_cat?post=5184"},{"taxonomy":"product_tag","embeddable":true,"href":"https:\/\/pdrtools.ch\/pl\/wp-json\/wp\/v2\/product_tag?post=5184"}],"curies":[{"name":"wp","href":"https:\/\/api.w.org\/{rel}","templated":true}]}}