{"id":5111,"date":"2024-07-18T14:57:06","date_gmt":"2024-07-18T12:57:06","guid":{"rendered":"https:\/\/pdrtools.ch\/produkt\/35x80mm-przykrywka-silikonowa-do-zimnych-zakladek-przylepnych\/"},"modified":"2026-04-10T10:13:04","modified_gmt":"2026-04-10T08:13:04","slug":"35x80mm-przykrywka-silikonowa-do-zimnych-zakladek-przylepnych","status":"publish","type":"product","link":"https:\/\/pdrtools.ch\/pl\/produkt\/35x80mm-przykrywka-silikonowa-do-zimnych-zakladek-przylepnych\/","title":{"rendered":"Nak\u0142adka silikonowa 35x80mm na zak\u0142adki klejone na zimno"},"content":{"rendered":"<p><img data-opt-id=956238603  fetchpriority=\"high\" decoding=\"async\" class=\"size-medium wp-image-1193 alignright\" src=\"https:\/\/autoausbeulen.ch\/wp-content\/uploads\/IMG_7270-300x225.jpeg\" alt=\"35x80mm\" width=\"300\" height=\"225\">Nasze specjalnie opracowane silikonowe nak\u0142adki dla technik\u00f3w PDR zapewniaj\u0105 optymaln\u0105 ochron\u0119 zak\u0142adek z zimnym klejem. Te silikonowe nak\u0142adki zapobiegaj\u0105 przedostawaniu si\u0119 brudu na zimny klej i stanowi\u0105 praktyczne rozwi\u0105zanie do przechowywania nak\u0142adek na zimny klej. Dzi\u0119ki specjalnej naturze silikonu, nak\u0142adki nie przyklejaj\u0105 si\u0119 do zimnego kleju, u\u0142atwiaj\u0105c wk\u0142adanie i wyjmowanie zak\u0142adek zimnego kleju.  <\/p>\n<p>Nasze silikonowe nak\u0142adki s\u0105 dost\u0119pne w wielu r\u00f3\u017cnych kszta\u0142tach i rozmiarach, aby pasowa\u0142y do wszystkich zak\u0142adek do klejenia na zimno. Opracowane i wyprodukowane przez technika PDR dla technik\u00f3w PDR, utrzymuj\u0105 skrzynk\u0119 narz\u0119dziow\u0105 w czysto\u015bci i porz\u0105dku. <\/p>\n<p><strong>Wymiar wewn\u0119trzny: 35 mm-80 mm<\/strong><\/p>\n<p><em>Dost\u0119pne r\u00f3wnie\u017c w rozmiarach: 17mm, 19mm, 26mm, 30mm, 41mm, 35x10mm, 35x80mm i 35x150mm.  <\/em><\/p>\n","protected":false},"excerpt":{"rendered":"<p>Nasze specjalnie opracowane silikonowe nak\u0142adki chroni\u0105 zimny klej przed zabrudzeniami i zapewniaj\u0105 praktyczne rozwi\u0105zanie do przechowywania. Dost\u0119pne w r\u00f3\u017cnych kszta\u0142tach i rozmiarach, s\u0105 idealne dla technik\u00f3w PDR, poniewa\u017c nie przywieraj\u0105 do zimnego kleju i s\u0105 \u0142atwe w obs\u0142udze. <\/p>\n","protected":false},"featured_media":5112,"comment_status":"closed","ping_status":"closed","template":"","meta":[],"product_brand":[],"product_cat":[935],"product_tag":[936],"class_list":{"0":"post-5111","1":"product","2":"type-product","3":"status-publish","4":"has-post-thumbnail","6":"product_cat-nakladki-samoprzylepne-na-zimno","7":"product_tag-nakladki-samoprzylepne-na-zimno","9":"first","10":"instock","11":"taxable","12":"shipping-taxable","13":"purchasable","14":"product-type-simple"},"_links":{"self":[{"href":"https:\/\/pdrtools.ch\/pl\/wp-json\/wp\/v2\/product\/5111","targetHints":{"allow":["GET"]}}],"collection":[{"href":"https:\/\/pdrtools.ch\/pl\/wp-json\/wp\/v2\/product"}],"about":[{"href":"https:\/\/pdrtools.ch\/pl\/wp-json\/wp\/v2\/types\/product"}],"replies":[{"embeddable":true,"href":"https:\/\/pdrtools.ch\/pl\/wp-json\/wp\/v2\/comments?post=5111"}],"wp:featuredmedia":[{"embeddable":true,"href":"https:\/\/pdrtools.ch\/pl\/wp-json\/wp\/v2\/media\/5112"}],"wp:attachment":[{"href":"https:\/\/pdrtools.ch\/pl\/wp-json\/wp\/v2\/media?parent=5111"}],"wp:term":[{"taxonomy":"product_brand","embeddable":true,"href":"https:\/\/pdrtools.ch\/pl\/wp-json\/wp\/v2\/product_brand?post=5111"},{"taxonomy":"product_cat","embeddable":true,"href":"https:\/\/pdrtools.ch\/pl\/wp-json\/wp\/v2\/product_cat?post=5111"},{"taxonomy":"product_tag","embeddable":true,"href":"https:\/\/pdrtools.ch\/pl\/wp-json\/wp\/v2\/product_tag?post=5111"}],"curies":[{"name":"wp","href":"https:\/\/api.w.org\/{rel}","templated":true}]}}