{"id":5036,"date":"2024-10-19T20:09:25","date_gmt":"2024-10-19T18:09:25","guid":{"rendered":"https:\/\/pdrtools.ch\/produkt\/personalized-lid-for-tab-tower-logo-text\/"},"modified":"2024-10-19T20:09:25","modified_gmt":"2024-10-19T18:09:25","slug":"personalized-lid-for-tab-tower-logo-text","status":"publish","type":"product","link":"https:\/\/pdrtools.ch\/pl\/produkt\/personalized-lid-for-tab-tower-logo-text\/","title":{"rendered":"Spersonalizowany pokrowiec na Tab Tower &#8211; Logo\/tekst"},"content":{"rendered":"<p>Odmie\u0144 sw\u00f3j tablet Tab Tower dzi\u0119ki stylowemu, spersonalizowanemu pokrowcowi zaprojektowanemu specjalnie w celu zaprezentowania Twojej firmy. Niezale\u017cnie od tego, czy chcesz doda\u0107 logo, czy tekst, nasz precyzyjny projekt gwarantuje nieskazitelne wyko\u0144czenie, kt\u00f3re sprawi, \u017ce Tw\u00f3j Tab Tower b\u0119dzie si\u0119 wyr\u00f3\u017cnia\u0142. Wybierz do 4 kolor\u00f3w spo\u015br\u00f3d czarnego, bia\u0142ego, szarego, czerwonego i \u017c\u00f3\u0142tego, aby o\u017cywi\u0107 swoj\u0105 wizj\u0119. Ta spersonalizowana pokrywa bezproblemowo zast\u0119puje standardow\u0105 pokryw\u0119, gdy jest zamawiana z Tab Tower. Idealny dla profesjonalist\u00f3w PDR poszukuj\u0105cych spersonalizowanego, wysokiej klasy wygl\u0105du, a tak\u017ce \u015bwietny prezent dla technik\u00f3w PDR, klient\u00f3w warsztat\u00f3w samochodowych, student\u00f3w, pracownik\u00f3w itp. <strong>Dost\u0119pne kolory:<\/strong> Czarny, Bia\u0142y, Szary, Czerwony, \u017b\u00f3\u0142ty (do 4 do wyboru) <strong>Kompatybilno\u015b\u0107:<\/strong> Pasuje do ma\u0142ych i du\u017cych wie\u017c z zak\u0142adkami <strong>Wytrzyma\u0142o\u015b\u0107:<\/strong> Wyprodukowana z my\u015bl\u0105 o d\u0142ugotrwa\u0142ym u\u017cytkowaniu w profesjonalnych \u015brodowiskach.  <\/p>\n<h2>Cechy:<\/h2>\n<ul>\n<li>Opcje personalizacji za pomoc\u0105 logo lub tekstu<\/li>\n<li>Wysokiej jako\u015bci konstrukcja idealnie dopasowana do tabletu Tab Tower<\/li>\n<li>Wyb\u00f3r r\u00f3\u017cnych kolor\u00f3w, aby stworzy\u0107 w\u0142asn\u0105 unikaln\u0105 pokryw\u0119<\/li>\n<\/ul>\n<h3><strong>Wymagania:<\/strong><\/h3>\n<p>Potrzebujemy obrazu logo w wysokiej rozdzielczo\u015bci i dowolnego tekstu. Prosimy o przes\u0142anie nam obrazu e-mailem lub wiadomo\u015bci\u0105 zaraz po z\u0142o\u017ceniu zam\u00f3wienia. <\/p>\n<h3><strong>Uwaga:<\/strong><\/h3>\n<p>Ze wzgl\u0119du na technologi\u0119 druku 3D FDM istniej\u0105 ograniczenia dotycz\u0105ce bardzo drobnych szczeg\u00f3\u0142\u00f3w logo. Przed rozpocz\u0119ciem produkcji prze\u015blemy projekt do zatwierdzenia. <\/p>\n","protected":false},"excerpt":{"rendered":"<p>Nadaj swojemu tabletowi Tab Tower indywidualny charakter dzi\u0119ki spersonalizowanemu pokrowcowi z logo lub spersonalizowanym tekstem. Dost\u0119pny w r\u00f3\u017cnych kolorach pokrowiec zast\u0119puje standardow\u0105 wersj\u0119 i zapewnia profesjonalny i niepowtarzalny wygl\u0105d. <\/p>\n","protected":false},"featured_media":5037,"comment_status":"closed","ping_status":"closed","template":"","meta":[],"product_brand":[],"product_cat":[933,944],"product_tag":[934,924],"class_list":{"0":"post-5036","1":"product","2":"type-product","3":"status-publish","4":"has-post-thumbnail","6":"product_cat-akcesoria","7":"product_cat-uchwyt-narzedzia","8":"product_tag-akcesoria","9":"product_tag-tab-tower","11":"first","12":"onbackorder","13":"taxable","14":"shipping-taxable","15":"purchasable","16":"product-type-simple"},"_links":{"self":[{"href":"https:\/\/pdrtools.ch\/pl\/wp-json\/wp\/v2\/product\/5036","targetHints":{"allow":["GET"]}}],"collection":[{"href":"https:\/\/pdrtools.ch\/pl\/wp-json\/wp\/v2\/product"}],"about":[{"href":"https:\/\/pdrtools.ch\/pl\/wp-json\/wp\/v2\/types\/product"}],"replies":[{"embeddable":true,"href":"https:\/\/pdrtools.ch\/pl\/wp-json\/wp\/v2\/comments?post=5036"}],"wp:featuredmedia":[{"embeddable":true,"href":"https:\/\/pdrtools.ch\/pl\/wp-json\/wp\/v2\/media\/5037"}],"wp:attachment":[{"href":"https:\/\/pdrtools.ch\/pl\/wp-json\/wp\/v2\/media?parent=5036"}],"wp:term":[{"taxonomy":"product_brand","embeddable":true,"href":"https:\/\/pdrtools.ch\/pl\/wp-json\/wp\/v2\/product_brand?post=5036"},{"taxonomy":"product_cat","embeddable":true,"href":"https:\/\/pdrtools.ch\/pl\/wp-json\/wp\/v2\/product_cat?post=5036"},{"taxonomy":"product_tag","embeddable":true,"href":"https:\/\/pdrtools.ch\/pl\/wp-json\/wp\/v2\/product_tag?post=5036"}],"curies":[{"name":"wp","href":"https:\/\/api.w.org\/{rel}","templated":true}]}}