{"id":5021,"date":"2024-10-11T12:26:43","date_gmt":"2024-10-11T10:26:43","guid":{"rendered":"https:\/\/pdrtools.ch\/produkt\/quick-tip-small-v2\/"},"modified":"2024-10-11T12:26:43","modified_gmt":"2024-10-11T10:26:43","slug":"quick-tip-small-v2","status":"publish","type":"product","link":"https:\/\/pdrtools.ch\/pl\/produkt\/quick-tip-small-v2\/","title":{"rendered":"Szybka wskaz\u00f3wka &#8211; Small v2"},"content":{"rendered":"<p><strong><img data-opt-id=1655506017  fetchpriority=\"high\" decoding=\"async\" class=\"alignright wp-image-4154 size-medium\" src=\"https:\/\/mlzzjckobjnb.i.optimole.com\/w:475\/h:400\/q:mauto\/f:best\/https:\/\/pdrtools.ch\/wp-content\/uploads\/\/IMG_8795-scaled-e1728643744271.jpeg\" alt=\"Quick Tip Small v2\" width=\"475\" height=\"400\" srcset=\"https:\/\/mlzzjckobjnb.i.optimole.com\/w:475\/h:400\/q:mauto\/f:best\/https:\/\/pdrtools.ch\/wp-content\/uploads\/IMG_8795-scaled-e1728643744271.jpeg 475w, https:\/\/mlzzjckobjnb.i.optimole.com\/w:951\/h:800\/q:mauto\/f:best\/https:\/\/pdrtools.ch\/wp-content\/uploads\/IMG_8795-scaled-e1728643744271.jpeg 951w, https:\/\/mlzzjckobjnb.i.optimole.com\/w:768\/h:646\/q:mauto\/f:best\/https:\/\/pdrtools.ch\/wp-content\/uploads\/IMG_8795-scaled-e1728643744271.jpeg 768w, https:\/\/mlzzjckobjnb.i.optimole.com\/w:1536\/h:1292\/q:mauto\/f:best\/https:\/\/pdrtools.ch\/wp-content\/uploads\/IMG_8795-scaled-e1728643744271.jpeg 1536w, https:\/\/mlzzjckobjnb.i.optimole.com\/w:1920\/h:1615\/q:mauto\/f:best\/https:\/\/pdrtools.ch\/wp-content\/uploads\/IMG_8795-scaled-e1728643744271.jpeg 2048w, https:\/\/mlzzjckobjnb.i.optimole.com\/w:1200\/h:1010\/q:mauto\/f:best\/https:\/\/pdrtools.ch\/wp-content\/uploads\/IMG_8795-scaled-e1728643744271.jpeg 1200w, https:\/\/mlzzjckobjnb.i.optimole.com\/w:1920\/h:1615\/q:mauto\/f:best\/dpr:2\/https:\/\/pdrtools.ch\/wp-content\/uploads\/IMG_8795-scaled-e1728643744271.jpeg 2x\" sizes=\"(max-width: 475px) 100vw, 475px\" \/>Popraw swoj\u0105 organizacj\u0119 ko\u0144c\u00f3wek PDR dzi\u0119ki nowemu Quick-Tip Small &#8211; teraz z 28 otworami!<\/strong><\/p>\n<p>Dzi\u0119ki ulepszonemu uchwytowi Quick-Tip Klein v2 mo\u017cesz jeszcze efektywniej organizowa\u0107 swoje narz\u0119dzia PDR. Ten innowacyjny uchwyt oferuje teraz miejsce na maksymalnie 28 ko\u0144c\u00f3wek PDR, zapewniaj\u0105c jeszcze wi\u0119ksz\u0105 elastyczno\u015b\u0107 przy wyborze narz\u0119dzi. Wysokiej jako\u015bci silikonowa konstrukcja sprawia, \u017ce wk\u0142adanie i wyjmowanie ko\u0144c\u00f3wek jest dziecinnie proste i przyspiesza proces pracy. Elastyczny silikon zapewnia pewny chwyt, a solidna plastikowa obudowa chroni ko\u0144c\u00f3wki przed wypadni\u0119ciem. Dzi\u0119ki temu w\u00f3zek narz\u0119dziowy jest zawsze czysty i uporz\u0105dkowany. Kompaktowe wymiary 156 x 65 x 13,5 mm i niewielka waga wynosz\u0105ca zaledwie 150 g sprawiaj\u0105, \u017ce Quick-Tip jest praktycznym towarzyszem w ka\u017cdym miejscu pracy. Wybierz spo\u015br\u00f3d wielu \u017cywych kolor\u00f3w i dodaj osobisty akcent do swojego zestawu narz\u0119dzi. Niezale\u017cnie od tego, czy szukasz wydajno\u015bci, stylu czy organizacji, nowy Quick-Tip Klein v2 spe\u0142nia wszystkie wymagania w eleganckim, funkcjonalnym designie.  <\/p>\n<h2 style=\"text-align: center;\"><strong>Teraz z 28 otworami na 28 ko\u0144c\u00f3wek!<\/strong><\/h2>\n","protected":false},"excerpt":{"rendered":"<p>Nowy Quick-Tip Small oferuje miejsce na maksymalnie 28 ko\u0144c\u00f3wek PDR i zapewnia prost\u0105, wydajn\u0105 organizacj\u0119. Dost\u0119pny w r\u00f3\u017cnych kolorach, elastyczny silikonowy uchwyt sprawia, \u017ce narz\u0119dzia s\u0105 zawsze pod r\u0119k\u0105. <\/p>\n","protected":false},"featured_media":5022,"comment_status":"closed","ping_status":"closed","template":"","meta":[],"product_brand":[],"product_cat":[38],"product_tag":[],"class_list":{"0":"post-5021","1":"product","2":"type-product","3":"status-publish","4":"has-post-thumbnail","6":"product_cat-zubehoer","8":"first","9":"instock","10":"taxable","11":"shipping-taxable","12":"purchasable","13":"product-type-variable"},"_links":{"self":[{"href":"https:\/\/pdrtools.ch\/pl\/wp-json\/wp\/v2\/product\/5021","targetHints":{"allow":["GET"]}}],"collection":[{"href":"https:\/\/pdrtools.ch\/pl\/wp-json\/wp\/v2\/product"}],"about":[{"href":"https:\/\/pdrtools.ch\/pl\/wp-json\/wp\/v2\/types\/product"}],"replies":[{"embeddable":true,"href":"https:\/\/pdrtools.ch\/pl\/wp-json\/wp\/v2\/comments?post=5021"}],"wp:featuredmedia":[{"embeddable":true,"href":"https:\/\/pdrtools.ch\/pl\/wp-json\/wp\/v2\/media\/5022"}],"wp:attachment":[{"href":"https:\/\/pdrtools.ch\/pl\/wp-json\/wp\/v2\/media?parent=5021"}],"wp:term":[{"taxonomy":"product_brand","embeddable":true,"href":"https:\/\/pdrtools.ch\/pl\/wp-json\/wp\/v2\/product_brand?post=5021"},{"taxonomy":"product_cat","embeddable":true,"href":"https:\/\/pdrtools.ch\/pl\/wp-json\/wp\/v2\/product_cat?post=5021"},{"taxonomy":"product_tag","embeddable":true,"href":"https:\/\/pdrtools.ch\/pl\/wp-json\/wp\/v2\/product_tag?post=5021"}],"curies":[{"name":"wp","href":"https:\/\/api.w.org\/{rel}","templated":true}]}}