{"id":4960,"date":"2024-10-30T16:12:36","date_gmt":"2024-10-30T15:12:36","guid":{"rendered":"https:\/\/pdrtools.ch\/produkt\/slim-fit-vip-knockdown-caps\/"},"modified":"2026-04-10T10:06:28","modified_gmt":"2026-04-10T08:06:28","slug":"slim-fit-vip-knockdown-caps","status":"publish","type":"product","link":"https:\/\/pdrtools.ch\/pl\/produkt\/slim-fit-vip-knockdown-caps\/","title":{"rendered":"Slim Fit &#8211; VIP Knockdown Caps (mi\u0119kkie\/twarde)"},"content":{"rendered":"<p><strong><img data-opt-id=1493036500  fetchpriority=\"high\" decoding=\"async\" class=\"wp-image-9883 size-medium alignright\" src=\"https:\/\/mlzzjckobjnb.i.optimole.com\/w:533\/h:400\/q:mauto\/f:best\/https:\/\/pdrtools.ch\/wp-content\/uploads\/IMG_6855.jpeg\" alt=\"\" width=\"533\" height=\"400\" srcset=\"https:\/\/mlzzjckobjnb.i.optimole.com\/w:533\/h:400\/q:mauto\/f:best\/https:\/\/pdrtools.ch\/wp-content\/uploads\/IMG_6855-scaled.jpeg 533w, https:\/\/mlzzjckobjnb.i.optimole.com\/w:1067\/h:800\/q:mauto\/f:best\/https:\/\/pdrtools.ch\/wp-content\/uploads\/IMG_6855-scaled.jpeg 1067w, https:\/\/mlzzjckobjnb.i.optimole.com\/w:768\/h:576\/q:mauto\/f:best\/https:\/\/pdrtools.ch\/wp-content\/uploads\/IMG_6855-scaled.jpeg 768w, https:\/\/mlzzjckobjnb.i.optimole.com\/w:1536\/h:1152\/q:mauto\/f:best\/https:\/\/pdrtools.ch\/wp-content\/uploads\/IMG_6855-scaled.jpeg 1536w, https:\/\/mlzzjckobjnb.i.optimole.com\/w:1920\/h:1440\/q:mauto\/f:best\/https:\/\/pdrtools.ch\/wp-content\/uploads\/IMG_6855-scaled.jpeg 2048w, https:\/\/mlzzjckobjnb.i.optimole.com\/w:1200\/h:900\/q:mauto\/f:best\/https:\/\/pdrtools.ch\/wp-content\/uploads\/IMG_6855-scaled.jpeg 1200w, https:\/\/mlzzjckobjnb.i.optimole.com\/w:1920\/h:1440\/q:mauto\/f:best\/dpr:2\/https:\/\/pdrtools.ch\/wp-content\/uploads\/IMG_6855-scaled.jpeg 2x\" sizes=\"(max-width: 533px) 100vw, 533px\" \/><\/strong><\/p>\n<p data-start=\"146\" data-end=\"454\">Nak\u0142adki Slim Fit &#8211; VIP Knockdown s\u0105 niezb\u0119dnym akcesorium dla profesjonalnych technik\u00f3w PDR. Zosta\u0142y one specjalnie zaprojektowane, aby idealnie pasowa\u0107 do VIP Knockdown i zapewniaj\u0105 dodatkow\u0105 warstw\u0119 ochrony, aby zapobiec niepo\u017c\u0105danym \u015bladom na wra\u017cliwych powierzchniach lakierowanych. <\/p>\n<p data-start=\"456\" data-end=\"600\">Dzi\u0119ki precyzyjnemu dopasowaniu zachowujesz pe\u0142ne wyczucie i kontrol\u0119 nad narz\u0119dziem przez ca\u0142y czas &#8211; bez uszczerbku dla dok\u0142adno\u015bci.<\/p>\n<p data-start=\"602\" data-end=\"654\"><strong data-start=\"602\" data-end=\"654\">Dwa warianty do r\u00f3\u017cnych zastosowa\u0144:<\/strong><\/p>\n<p data-start=\"656\" data-end=\"800\">&#8211; <strong data-start=\"658\" data-end=\"674\">\u017b\u00f3\u0142ta (mi\u0119kka):<\/strong><br data-start=\"674\" data-end=\"677\">Mi\u0119kka guma &#8211; idealna do bardzo wra\u017cliwego lakieru i ciemnych kolor\u00f3w, gdzie nawet najmniejsze \u015blady s\u0105 natychmiast widoczne.<\/p>\n<p data-start=\"802\" data-end=\"933\">&#8211; <strong data-start=\"804\" data-end=\"820\">Niebieski (twardy):<\/strong><br data-start=\"820\" data-end=\"823\">Twardszy materia\u0142 &#8211; szczeg\u00f3lnie wytrzyma\u0142y i idealny do aluminium i bardziej precyzyjnej pracy.<\/p>\n<p data-start=\"935\" data-end=\"1065\">Wykonane z wysokiej jako\u015bci, wytrzyma\u0142ego materia\u0142u, obie wersje oferuj\u0105 niezawodn\u0105 wydajno\u015b\u0107 w codziennym u\u017cytkowaniu.<\/p>\n<p data-start=\"1067\" data-end=\"1188\"><strong data-start=\"1067\" data-end=\"1086\">Szczeg\u00f3\u0142y produktu:<\/strong><br data-start=\"1086\" data-end=\"1089\">&#8211; Odpowiednie dla VIP Knockdown<br data-start=\"1116\" data-end=\"1119\">&#8211; 20 kapsli w opakowaniu<br data-start=\"1142\" data-end=\"1145\">&#8211; Dost\u0119pne w wersji mi\u0119kkiej (\u017c\u00f3\u0142tej) i twardej (niebieskiej)<\/p>\n<p data-start=\"1190\" data-end=\"1267\">Zapewnia maksymaln\u0105 kontrol\u0119 i optymaln\u0105 ochron\u0119 podczas ka\u017cdej naprawy.<\/p>\n<p><strong> <\/strong><\/p>\n","protected":false},"excerpt":{"rendered":"<p>Nasadki Slim Fit &#8211; VIP Knockdown niezawodnie chroni\u0105 wra\u017cliwe powierzchnie lakierowane i zapewniaj\u0105 precyzyjn\u0105 prac\u0119 bez pozostawiania \u015blad\u00f3w. Dost\u0119pne w kolorze <strong data-start=\"217\" data-end=\"232\">\u017c\u00f3\u0142tym<\/strong> <strong data-start=\"276\" data-end=\"291\">(<\/strong> <strong data-start=\"217\" data-end=\"232\">mi\u0119kkim)<\/strong> do delikatnych lakier\u00f3w i ciemnych kolor\u00f3w oraz <strong data-start=\"276\" data-end=\"291\">niebieskim (twardym)<\/strong> do d\u0142ugotrwa\u0142ych, bardziej precyzyjnych zastosowa\u0144, na przyk\u0142ad na aluminium. Idealne dopasowanie do VIP Knockdown &#8211; w praktycznym opakowaniu 20 sztuk.  <\/p>\n","protected":false},"featured_media":9949,"comment_status":"closed","ping_status":"closed","template":"","meta":[],"product_brand":[],"product_cat":[933],"product_tag":[949],"class_list":{"0":"post-4960","1":"product","2":"type-product","3":"status-publish","4":"has-post-thumbnail","6":"product_cat-akcesoria","7":"product_tag-czapki-vip","9":"first","10":"instock","11":"taxable","12":"shipping-taxable","13":"purchasable","14":"product-type-variable"},"_links":{"self":[{"href":"https:\/\/pdrtools.ch\/pl\/wp-json\/wp\/v2\/product\/4960","targetHints":{"allow":["GET"]}}],"collection":[{"href":"https:\/\/pdrtools.ch\/pl\/wp-json\/wp\/v2\/product"}],"about":[{"href":"https:\/\/pdrtools.ch\/pl\/wp-json\/wp\/v2\/types\/product"}],"replies":[{"embeddable":true,"href":"https:\/\/pdrtools.ch\/pl\/wp-json\/wp\/v2\/comments?post=4960"}],"wp:featuredmedia":[{"embeddable":true,"href":"https:\/\/pdrtools.ch\/pl\/wp-json\/wp\/v2\/media\/9949"}],"wp:attachment":[{"href":"https:\/\/pdrtools.ch\/pl\/wp-json\/wp\/v2\/media?parent=4960"}],"wp:term":[{"taxonomy":"product_brand","embeddable":true,"href":"https:\/\/pdrtools.ch\/pl\/wp-json\/wp\/v2\/product_brand?post=4960"},{"taxonomy":"product_cat","embeddable":true,"href":"https:\/\/pdrtools.ch\/pl\/wp-json\/wp\/v2\/product_cat?post=4960"},{"taxonomy":"product_tag","embeddable":true,"href":"https:\/\/pdrtools.ch\/pl\/wp-json\/wp\/v2\/product_tag?post=4960"}],"curies":[{"name":"wp","href":"https:\/\/api.w.org\/{rel}","templated":true}]}}