{"id":4843,"date":"2024-08-08T19:53:22","date_gmt":"2024-08-08T17:53:22","guid":{"rendered":"https:\/\/pdrtools.ch\/produkt\/blok-magnetyczno-szlifierski\/"},"modified":"2026-04-10T10:06:45","modified_gmt":"2026-04-10T08:06:45","slug":"blok-magnetyczno-szlifierski","status":"publish","type":"product","link":"https:\/\/pdrtools.ch\/pl\/produkt\/blok-magnetyczno-szlifierski\/","title":{"rendered":"Magnetyczny blok szlifierski"},"content":{"rendered":"<p><img data-opt-id=1406007410  fetchpriority=\"high\" decoding=\"async\" class=\"size-medium wp-image-9885 alignright\" style=\"color: #555555; font-size: 14.4px; font-weight: bold;\" src=\"https:\/\/mlzzjckobjnb.i.optimole.com\/w:283\/h:400\/q:mauto\/f:best\/https:\/\/pdrtools.ch\/wp-content\/uploads\/\/IMG_6857.jpeg\" alt=\"\" width=\"283\" height=\"400\" srcset=\"https:\/\/mlzzjckobjnb.i.optimole.com\/w:283\/h:400\/q:mauto\/f:best\/https:\/\/pdrtools.ch\/wp-content\/uploads\/IMG_6857-scaled.jpeg 283w, https:\/\/mlzzjckobjnb.i.optimole.com\/w:567\/h:800\/q:mauto\/f:best\/https:\/\/pdrtools.ch\/wp-content\/uploads\/IMG_6857-scaled.jpeg 567w, https:\/\/mlzzjckobjnb.i.optimole.com\/w:768\/h:1084\/q:mauto\/f:best\/https:\/\/pdrtools.ch\/wp-content\/uploads\/IMG_6857-scaled.jpeg 768w, https:\/\/mlzzjckobjnb.i.optimole.com\/w:1088\/h:1536\/q:mauto\/f:best\/https:\/\/pdrtools.ch\/wp-content\/uploads\/IMG_6857-scaled.jpeg 1088w, https:\/\/mlzzjckobjnb.i.optimole.com\/w:1451\/h:2048\/q:mauto\/f:best\/https:\/\/pdrtools.ch\/wp-content\/uploads\/IMG_6857-scaled.jpeg 1451w, https:\/\/mlzzjckobjnb.i.optimole.com\/w:1200\/h:1693\/q:mauto\/f:best\/https:\/\/pdrtools.ch\/wp-content\/uploads\/IMG_6857-scaled.jpeg 1200w, https:\/\/mlzzjckobjnb.i.optimole.com\/w:1814\/h:2560\/q:mauto\/f:best\/https:\/\/pdrtools.ch\/wp-content\/uploads\/IMG_6857-scaled.jpeg 1814w, https:\/\/mlzzjckobjnb.i.optimole.com\/w:1814\/h:2560\/q:mauto\/f:best\/dpr:2\/https:\/\/pdrtools.ch\/wp-content\/uploads\/IMG_6857-scaled.jpeg 2x\" sizes=\"(max-width: 283px) 100vw, 283px\" \/><span style=\"font-size: 14.4px;\">Magnetyczny blok szlifierski &#8211; kompaktowy i precyzyjny<\/span><\/p>\n<p data-start=\"143\" data-end=\"362\">Magnetyczny blok szlifierski to kompaktowe, wszechstronne akcesorium dla profesjonalnych technik\u00f3w PDR &#8211; teraz z <strong data-start=\"284\" data-end=\"329\">silniejszym magnesem i zoptymalizowan\u0105 konstrukcj\u0105<\/strong> dla jeszcze wydajniejszej pracy.<\/p>\n<p data-start=\"364\" data-end=\"483\">Dzi\u0119ki por\u0119cznemu rozmiarowi wynosz\u0105cemu zaledwie 35 \u00d7 28,5 mm, narz\u0119dzie to jest idealne do precyzyjnej pracy w ciasnych przestrzeniach.<\/p>\n<p data-start=\"485\" data-end=\"791\">Jedna strona jest wyposa\u017cona w silny magnes, idealny do szybkiej identyfikacji rodzaj\u00f3w metalu bezpo\u015brednio na poje\u017adzie. Po przeciwnej stronie znajduje si\u0119 mi\u0119kka piankowa podk\u0142adka, kt\u00f3ra utrzymuje materia\u0142y \u015bcierne, takie jak arkusze Tolecut, bezpiecznie na miejscu i umo\u017cliwia r\u00f3wnomiern\u0105 prac\u0119. <\/p>\n<p data-start=\"793\" data-end=\"1154\"><strong data-start=\"793\" data-end=\"808\">Najwa\u017cniejsze cechy:<\/strong><br data-start=\"808\" data-end=\"811\">&#8211; <strong data-start=\"813\" data-end=\"834\">Silniejszy magnes:<\/strong> Niezawodne wykrywanie materia\u0142u bezpo\u015brednio na poje\u017adzie<br data-start=\"884\" data-end=\"887\">&#8211; <strong data-start=\"889\" data-end=\"912\">Zoptymalizowana konstrukcja:<\/strong> Lepsza obs\u0142uga i kontrola<br data-start=\"945\" data-end=\"948\">&#8211; <strong data-start=\"950\" data-end=\"969\" data-is-only-node=\"\">Mi\u0119kka strona talerza:<\/strong> Idealna do tolecut i drobnych prac szlifierskich<br data-start=\"1015\" data-end=\"1018\">&#8211; <strong data-start=\"1020\" data-end=\"1042\">Kompaktowa konstrukcja:<\/strong> Idealna do precyzyjnej pracy z detalami<br data-start=\"1075\" data-end=\"1078\">&#8211; <strong data-start=\"1080\" data-end=\"1106\">Wszechstronno\u015b\u0107:<\/strong> Testowanie, szlifowanie i wyka\u0144czanie w jednym narz\u0119dziu<\/p>\n<p data-start=\"1156\" data-end=\"1238\" data-is-last-node=\"\" data-is-only-node=\"\">Ma\u0142e, dobrze przemy\u015blane narz\u0119dzie, kt\u00f3re robi du\u017c\u0105 r\u00f3\u017cnic\u0119 w codziennym \u017cyciu.<\/p>\n<p>&nbsp;<\/p>\n","protected":false},"excerpt":{"rendered":"<p>Ten kompaktowy blok szlifierski (35 \u00d7 28,5 mm) ma wzmocniony magnes do szybkiego sprawdzania rodzaj\u00f3w metalu w poje\u017adzie. Po przeciwnej stronie znajduje si\u0119 mi\u0119kka piankowa podk\u0142adka, kt\u00f3ra utrzymuje arkusze \u015bcierne Tolecut bezpiecznie na miejscu &#8211; teraz z ulepszon\u0105 konstrukcj\u0105 dla jeszcze bardziej precyzyjnego zastosowania. <\/p>\n","protected":false},"featured_media":10089,"comment_status":"closed","ping_status":"closed","template":"","meta":[],"product_brand":[],"product_cat":[933],"product_tag":[953],"class_list":{"0":"post-4843","1":"product","2":"type-product","3":"status-publish","4":"has-post-thumbnail","6":"product_cat-akcesoria","7":"product_tag-blok-szlifierski","9":"first","10":"instock","11":"taxable","12":"shipping-taxable","13":"purchasable","14":"product-type-simple"},"_links":{"self":[{"href":"https:\/\/pdrtools.ch\/pl\/wp-json\/wp\/v2\/product\/4843","targetHints":{"allow":["GET"]}}],"collection":[{"href":"https:\/\/pdrtools.ch\/pl\/wp-json\/wp\/v2\/product"}],"about":[{"href":"https:\/\/pdrtools.ch\/pl\/wp-json\/wp\/v2\/types\/product"}],"replies":[{"embeddable":true,"href":"https:\/\/pdrtools.ch\/pl\/wp-json\/wp\/v2\/comments?post=4843"}],"wp:featuredmedia":[{"embeddable":true,"href":"https:\/\/pdrtools.ch\/pl\/wp-json\/wp\/v2\/media\/10089"}],"wp:attachment":[{"href":"https:\/\/pdrtools.ch\/pl\/wp-json\/wp\/v2\/media?parent=4843"}],"wp:term":[{"taxonomy":"product_brand","embeddable":true,"href":"https:\/\/pdrtools.ch\/pl\/wp-json\/wp\/v2\/product_brand?post=4843"},{"taxonomy":"product_cat","embeddable":true,"href":"https:\/\/pdrtools.ch\/pl\/wp-json\/wp\/v2\/product_cat?post=4843"},{"taxonomy":"product_tag","embeddable":true,"href":"https:\/\/pdrtools.ch\/pl\/wp-json\/wp\/v2\/product_tag?post=4843"}],"curies":[{"name":"wp","href":"https:\/\/api.w.org\/{rel}","templated":true}]}}