{"id":4822,"date":"2024-07-22T17:02:46","date_gmt":"2024-07-22T15:02:46","guid":{"rendered":"https:\/\/pdrtools.ch\/produkt\/gumowe-nakladki\/"},"modified":"2026-04-10T10:06:44","modified_gmt":"2026-04-10T08:06:44","slug":"gumowe-nakladki","status":"publish","type":"product","link":"https:\/\/pdrtools.ch\/pl\/produkt\/gumowe-nakladki\/","title":{"rendered":"Gumowe nak\u0142adki na aluminiowy wspornik maski"},"content":{"rendered":"<p><img data-opt-id=868661191  fetchpriority=\"high\" decoding=\"async\" class=\"alignright wp-image-1280 size-medium\" src=\"https:\/\/mlzzjckobjnb.i.optimole.com\/w:296\/h:300\/q:mauto\/f:best\/https:\/\/pdrtools.ch\/wp-content\/uploads\/2024\/08\/IMG_8010-scaled-e1724407930791.jpeg\" alt=\"Gumowe nak\u0142adki na aluminiowy wspornik maski\" width=\"296\" height=\"300\" srcset=\"https:\/\/mlzzjckobjnb.i.optimole.com\/w:296\/h:300\/q:mauto\/f:best\/https:\/\/pdrtools.ch\/wp-content\/uploads\/2024\/08\/IMG_8010-scaled-e1724407930791.jpeg 296w, https:\/\/mlzzjckobjnb.i.optimole.com\/w:100\/h:100\/q:mauto\/f:best\/https:\/\/pdrtools.ch\/wp-content\/uploads\/2024\/08\/IMG_8010-scaled-e1724407930791.jpeg 100w, https:\/\/mlzzjckobjnb.i.optimole.com\/w:1200\/h:1216\/q:mauto\/f:best\/https:\/\/pdrtools.ch\/wp-content\/uploads\/2024\/08\/IMG_8010-scaled-e1724407930791.jpeg 1200w, https:\/\/mlzzjckobjnb.i.optimole.com\/w:1011\/h:1024\/q:mauto\/f:best\/https:\/\/pdrtools.ch\/wp-content\/uploads\/2024\/08\/IMG_8010-scaled-e1724407930791.jpeg 1011w, https:\/\/mlzzjckobjnb.i.optimole.com\/w:768\/h:778\/q:mauto\/f:best\/https:\/\/pdrtools.ch\/wp-content\/uploads\/2024\/08\/IMG_8010-scaled-e1724407930791.jpeg 768w, https:\/\/mlzzjckobjnb.i.optimole.com\/w:1516\/h:1536\/q:mauto\/f:best\/https:\/\/pdrtools.ch\/wp-content\/uploads\/2024\/08\/IMG_8010-scaled-e1724407930791.jpeg 1516w, https:\/\/mlzzjckobjnb.i.optimole.com\/w:1920\/h:1945\/q:mauto\/f:best\/https:\/\/pdrtools.ch\/wp-content\/uploads\/2024\/08\/IMG_8010-scaled-e1724407930791.jpeg 1920w, https:\/\/mlzzjckobjnb.i.optimole.com\/w:1920\/h:1945\/q:mauto\/f:best\/dpr:2\/https:\/\/pdrtools.ch\/wp-content\/uploads\/2024\/08\/IMG_8010-scaled-e1724407930791.jpeg 2x\" sizes=\"(max-width: 296px) 100vw, 296px\" \/><\/p>\n<p data-start=\"87\" data-end=\"347\">Mamy przyjemno\u015b\u0107 zaprezentowa\u0107 nasze specjalnie opracowane gumowe nak\u0142adki dla specjalist\u00f3w od usuwania wgniece\u0144. Idealne rozwi\u0105zanie zast\u0119puj\u0105ce standardowe nak\u0142adki, kt\u00f3re szybko si\u0119 zu\u017cywaj\u0105 i niezawodnie minimalizuj\u0105 ryzyko zarysowania lakieru. <\/p>\n<p data-start=\"349\" data-end=\"739\"><strong data-start=\"349\" data-end=\"367\">Korzy\u015bci:<\/strong><br data-start=\"367\" data-end=\"370\">&#8211; <strong data-start=\"372\" data-end=\"392\">Wysoka wytrzyma\u0142o\u015b\u0107:<\/strong> wykonane z trwa\u0142ego, wysokiej jako\u015bci materia\u0142u do codziennego u\u017cytku<br data-start=\"467\" data-end=\"470\">&#8211; <strong data-start=\"472\" data-end=\"497\">Antypo\u015blizgowa struktura:<\/strong> pewny chwyt bez po\u015blizgu podczas pracy<br data-start=\"546\" data-end=\"549\">&#8211; <strong data-start=\"551\" data-end=\"573\">Wysoka widoczno\u015b\u0107:<\/strong> dost\u0119pne w kolorze <strong data-start=\"588\" data-end=\"596\">\u017c\u00f3\u0142tym<\/strong> (wysoka widoczno\u015b\u0107) lub <strong data-start=\"622\" data-end=\"630\">niebieskim<\/strong> (dyskretna alternatywa)<br data-start=\"652\" data-end=\"655\">&#8211; <strong data-start=\"657\" data-end=\"681\">R\u00f3\u017cne rozmiary:<\/strong> 19 mm i 22 mm odpowiednie do standardowych wspornik\u00f3w maski<\/p>\n<p data-start=\"741\" data-end=\"863\">Wyposa\u017c sw\u00f3j aluminiowy wspornik maski w niezawodne, trwa\u0142e nasadki i pracuj bezpieczniej i wydajniej.<\/p>\n<p data-start=\"865\" data-end=\"999\" data-is-last-node=\"\" data-is-only-node=\"\"><em data-start=\"865\" data-end=\"999\" data-is-last-node=\"\">Uwaga: W przypadku wysy\u0142ki do kraj\u00f3w UE mog\u0105 zosta\u0107 poniesione dodatkowe koszty, takie jak op\u0142aty celne lub podatki, poniewa\u017c nasza firma ma siedzib\u0119 w Szwajcarii.<\/em><\/p>\n","protected":false},"excerpt":{"rendered":"<p>Wytrzyma\u0142e, antypo\u015blizgowe gumowe nak\u0142adki na aluminiowe wsporniki maski w kolorze jaskrawo\u017c\u00f3\u0142tym lub niebieskim. Dost\u0119pne w rozmiarach 19 mm i 22 mm, aby zapobiec uszkodzeniu lakieru i zapewni\u0107 bezpieczne mocowanie. <\/p>\n","protected":false},"featured_media":4840,"comment_status":"closed","ping_status":"closed","template":"","meta":[],"product_brand":[],"product_cat":[933],"product_tag":[943],"class_list":{"0":"post-4822","1":"product","2":"type-product","3":"status-publish","4":"has-post-thumbnail","6":"product_cat-akcesoria","7":"product_tag-wspornik-maski","9":"first","10":"instock","11":"taxable","12":"shipping-taxable","13":"purchasable","14":"product-type-variable"},"_links":{"self":[{"href":"https:\/\/pdrtools.ch\/pl\/wp-json\/wp\/v2\/product\/4822","targetHints":{"allow":["GET"]}}],"collection":[{"href":"https:\/\/pdrtools.ch\/pl\/wp-json\/wp\/v2\/product"}],"about":[{"href":"https:\/\/pdrtools.ch\/pl\/wp-json\/wp\/v2\/types\/product"}],"replies":[{"embeddable":true,"href":"https:\/\/pdrtools.ch\/pl\/wp-json\/wp\/v2\/comments?post=4822"}],"wp:featuredmedia":[{"embeddable":true,"href":"https:\/\/pdrtools.ch\/pl\/wp-json\/wp\/v2\/media\/4840"}],"wp:attachment":[{"href":"https:\/\/pdrtools.ch\/pl\/wp-json\/wp\/v2\/media?parent=4822"}],"wp:term":[{"taxonomy":"product_brand","embeddable":true,"href":"https:\/\/pdrtools.ch\/pl\/wp-json\/wp\/v2\/product_brand?post=4822"},{"taxonomy":"product_cat","embeddable":true,"href":"https:\/\/pdrtools.ch\/pl\/wp-json\/wp\/v2\/product_cat?post=4822"},{"taxonomy":"product_tag","embeddable":true,"href":"https:\/\/pdrtools.ch\/pl\/wp-json\/wp\/v2\/product_tag?post=4822"}],"curies":[{"name":"wp","href":"https:\/\/api.w.org\/{rel}","templated":true}]}}