{"id":4754,"date":"2024-09-03T18:26:54","date_gmt":"2024-09-03T16:26:54","guid":{"rendered":"https:\/\/pdrtools.ch\/produkt\/ochrona-przed-swiatlem-pro\/"},"modified":"2024-09-03T18:26:54","modified_gmt":"2024-09-03T16:26:54","slug":"ochrona-przed-swiatlem-pro","status":"publish","type":"product","link":"https:\/\/pdrtools.ch\/pl\/produkt\/ochrona-przed-swiatlem-pro\/","title":{"rendered":"Ochrona przed \u015bwiat\u0142em Pro"},"content":{"rendered":"<h3><strong><img data-opt-id=1979094883  fetchpriority=\"high\" decoding=\"async\" class=\"alignright wp-image-1313 size-medium\" src=\"https:\/\/autoausbeulen.ch\/wp-content\/uploads\/IMG_8086-225x300.jpeg\" alt=\"Ochrona przed \u015bwiat\u0142em Pro\" width=\"225\" height=\"300\">Informacje o produkcie<\/strong><\/h3>\n<p>Chro\u0144 sw\u00f3j system o\u015bwietlenia PDR za pomoc\u0105 naszych gumowych nak\u0142adek ochronnych, kt\u00f3re zosta\u0142y opracowane specjalnie dla ram 25&#215;25 mm. Te wytrzyma\u0142e, wysokiej jako\u015bci gumowe nak\u0142adki zapobiegaj\u0105 zarysowaniom, wgnieceniom lub uszkodzeniom pojazdu, je\u015bli warsztatowe \u015bwiat\u0142a LED zostan\u0105 przypadkowo przesuni\u0119te zbyt blisko k\u00f3\u0142 lub podwozia. <\/p>\n<h3><strong>G\u0142\u00f3wne cechy:<\/strong><\/h3>\n<ul>\n<li><strong>Idealne dopasowanie<\/strong>: Specjalnie opracowany dla ramek 25&#215;25 mm i kompatybilny z popularnymi lampami PDR, takimi jak DNE, Ultra Dent, Pro PDR i nie tylko.<\/li>\n<li><strong>Maksymalna ochrona pojazd\u00f3w<\/strong>: Zapobiega zarysowaniom i uszkodzeniom pojazd\u00f3w klient\u00f3w spowodowanym przypadkowym uderzeniem w podstawy \u015bwiate\u0142.<\/li>\n<li><strong>\u0141atwy monta\u017c<\/strong>: wystarczy nasun\u0105\u0107 nak\u0142adki na ko\u0144ce ramy &#8211; bez u\u017cycia narz\u0119dzi, bezpieczne i szczelne dopasowanie.<\/li>\n<li><strong>Wysokiej jako\u015bci materia\u0142<\/strong>: wykonany z elastycznej, poch\u0142aniaj\u0105cej wstrz\u0105sy gumy, kt\u00f3ra dobrze przylega i zapewnia niezawodn\u0105 ochron\u0119 podczas u\u017cytkowania w warsztatach.<\/li>\n<li><strong>Wszechstronne zastosowanie<\/strong>: Idealny do stosowania w \u015brodowiskach PDR (technologia usuwania wgniece\u0144 bez uszkodze\u0144 lakieru), warsztatach samochodowych i wsz\u0119dzie tam, gdzie \u015bwiat\u0142a LED s\u0105 u\u017cywane w pobli\u017cu pojazd\u00f3w.<\/li>\n<\/ul>\n<p>Chro\u0144 pojazdy klient\u00f3w przed zadrapaniami i uszkodzeniami dzi\u0119ki naszym gumowym nak\u0142adkom ochronnym &#8211; niezb\u0119dnym akcesoriom do profesjonalnej konserwacji \u015bwiate\u0142 PDR.<\/p>\n<p><iframe title=\"Odtwarzacz wideo YouTube\" src=\"https:\/\/www.youtube.com\/embed\/Z1tU0nCJU9I?si=xwlX6-3UKxzJYtuf\" width=\"560\" height=\"315\" frameborder=\"0\" allowfullscreen=\"allowfullscreen\"><\/iframe><\/p>\n","protected":false},"excerpt":{"rendered":"<p>Chroni\u0105 pojazdy klient\u00f3w przed zarysowaniami i uszkodzeniami, gdy warsztatowe \u015bwiat\u0142a LED zostan\u0105 przypadkowo przesuni\u0119te zbyt blisko.<br \/>\nTe wytrzyma\u0142e gumowe nak\u0142adki pasuj\u0105 do ramek 25&#215;25 mm i s\u0105 kompatybilne ze \u015bwiat\u0142ami DNEPro, Ultra Dent, Pro PDR i innymi.<br \/>\n\u0141atwy monta\u017c bez u\u017cycia narz\u0119dzi &#8211; dla bezpiecznego i profesjonalnego u\u017cytkowania  <\/p>\n","protected":false},"featured_media":0,"comment_status":"closed","ping_status":"closed","template":"","meta":[],"product_brand":[],"product_cat":[38],"product_tag":[],"class_list":{"0":"post-4754","1":"product","2":"type-product","3":"status-publish","5":"product_cat-zubehoer","7":"first","8":"instock","9":"sale","10":"taxable","11":"shipping-taxable","12":"purchasable","13":"product-type-simple"},"_links":{"self":[{"href":"https:\/\/pdrtools.ch\/pl\/wp-json\/wp\/v2\/product\/4754","targetHints":{"allow":["GET"]}}],"collection":[{"href":"https:\/\/pdrtools.ch\/pl\/wp-json\/wp\/v2\/product"}],"about":[{"href":"https:\/\/pdrtools.ch\/pl\/wp-json\/wp\/v2\/types\/product"}],"replies":[{"embeddable":true,"href":"https:\/\/pdrtools.ch\/pl\/wp-json\/wp\/v2\/comments?post=4754"}],"wp:attachment":[{"href":"https:\/\/pdrtools.ch\/pl\/wp-json\/wp\/v2\/media?parent=4754"}],"wp:term":[{"taxonomy":"product_brand","embeddable":true,"href":"https:\/\/pdrtools.ch\/pl\/wp-json\/wp\/v2\/product_brand?post=4754"},{"taxonomy":"product_cat","embeddable":true,"href":"https:\/\/pdrtools.ch\/pl\/wp-json\/wp\/v2\/product_cat?post=4754"},{"taxonomy":"product_tag","embeddable":true,"href":"https:\/\/pdrtools.ch\/pl\/wp-json\/wp\/v2\/product_tag?post=4754"}],"curies":[{"name":"wp","href":"https:\/\/api.w.org\/{rel}","templated":true}]}}