{"id":11249,"date":"2026-04-15T10:03:49","date_gmt":"2026-04-15T08:03:49","guid":{"rendered":"https:\/\/pdrtools.ch\/?post_type=product&#038;p=11249"},"modified":"2026-04-15T10:24:32","modified_gmt":"2026-04-15T08:24:32","slug":"uchwyt-na-butelke-z-rozpylaczem-kopie","status":"publish","type":"product","link":"https:\/\/pdrtools.ch\/pl\/produkt\/uchwyt-na-butelke-z-rozpylaczem-kopie\/","title":{"rendered":"Gr\u00f3b klejowy z pokryw\u0105"},"content":{"rendered":"<p style=\"line-height: 1.2; margin-bottom: 6px;\"><strong style=\"font-size: 20px;\">Tab Tower &#8211; Glue Grave<\/strong><br \/>\n<span style=\"font-size: 15px; font-weight: 500;\">Czysto\u015b\u0107. Uporz\u0105dkowany. Gotowy do pracy.  <\/span><\/p>\n<p style=\"margin-bottom: 12px;\"><img data-opt-id=1949794250  fetchpriority=\"high\" decoding=\"async\" class=\"size-medium wp-image-11254 alignright\" src=\"https:\/\/mlzzjckobjnb.i.optimole.com\/w:533\/h:400\/q:mauto\/f:best\/https:\/\/pdrtools.ch\/wp-content\/uploads\/\/IMG_6918.jpeg\" alt=\"\" width=\"533\" height=\"400\" srcset=\"https:\/\/mlzzjckobjnb.i.optimole.com\/w:533\/h:400\/q:mauto\/f:best\/https:\/\/pdrtools.ch\/wp-content\/uploads\/IMG_6918-scaled.jpeg 533w, https:\/\/mlzzjckobjnb.i.optimole.com\/w:1067\/h:800\/q:mauto\/f:best\/https:\/\/pdrtools.ch\/wp-content\/uploads\/IMG_6918-scaled.jpeg 1067w, https:\/\/mlzzjckobjnb.i.optimole.com\/w:768\/h:576\/q:mauto\/f:best\/https:\/\/pdrtools.ch\/wp-content\/uploads\/IMG_6918-scaled.jpeg 768w, https:\/\/mlzzjckobjnb.i.optimole.com\/w:1536\/h:1152\/q:mauto\/f:best\/https:\/\/pdrtools.ch\/wp-content\/uploads\/IMG_6918-scaled.jpeg 1536w, https:\/\/mlzzjckobjnb.i.optimole.com\/w:1920\/h:1440\/q:mauto\/f:best\/https:\/\/pdrtools.ch\/wp-content\/uploads\/IMG_6918-scaled.jpeg 2048w, https:\/\/mlzzjckobjnb.i.optimole.com\/w:1200\/h:900\/q:mauto\/f:best\/https:\/\/pdrtools.ch\/wp-content\/uploads\/IMG_6918-scaled.jpeg 1200w, https:\/\/mlzzjckobjnb.i.optimole.com\/w:1920\/h:1440\/q:mauto\/f:best\/dpr:2\/https:\/\/pdrtools.ch\/wp-content\/uploads\/IMG_6918-scaled.jpeg 2x\" sizes=\"(max-width: 533px) 100vw, 533px\" \/><\/p>\n<p data-start=\"175\" data-end=\"322\">Dzi\u0119ki Tab Tower &#8211; Glue Grave masz wreszcie sta\u0142e miejsce na resztki kleju, zu\u017cyte zak\u0142adki lub ma\u0142e odpady &#8211; bezpo\u015brednio na Tab Tower.<\/p>\n<p data-start=\"324\" data-end=\"619\">Praktyczny wsuwany pojemnik jest po prostu wk\u0142adany do wolnej szczeliny i natychmiast zapewnia czyste i uporz\u0105dkowane miejsce pracy. Glue Grave naprawd\u0119 sprawdza si\u0119 w po\u0142\u0105czeniu z Double Stacker &#8211; wszystko pozostaje kompaktowe, w zasi\u0119gu r\u0119ki i uporz\u0105dkowane. <\/p>\n<p data-start=\"621\" data-end=\"852\">Dostarczon\u0105 pokryw\u0119 mo\u017cna przymocowa\u0107 z boku pojemnika, dzi\u0119ki czemu jest zawsze dost\u0119pna. Gdy pojemnik nie jest u\u017cywany, mo\u017cna go umie\u015bci\u0107 na g\u00f3rze i jest on bezpiecznie zamocowany na miejscu, gdy tylko Tab Tower zostanie zamkni\u0119ty. <\/p>\n<p data-start=\"854\" data-end=\"1253\"><strong>Cechy:<\/strong><br data-start=\"863\" data-end=\"866\">&#8211; System wsuwany: Pasuje do wolnych szczelin Tab Tower Reloaded<br data-start=\"928\" data-end=\"931\">&#8211; Czysty obieg pracy: Idealny do resztek kleju, zak\u0142adek i ma\u0142ych odpad\u00f3w<br data-start=\"997\" data-end=\"1000\">&#8211; Pokrywa montowana z boku: Zawsze pod r\u0119k\u0105, bez zgubienia<br data-start=\"1066\" data-end=\"1069\">&#8211; Bezpiecznie zamykana: Jest przymocowana do pokrywy Tab Tower<br data-start=\"1133\" data-end=\"1136\">&#8211; Idealny z podw\u00f3jnym uk\u0142adaczem: Maksymalna wydajno\u015b\u0107 i porz\u0105dek<br data-start=\"1196\" data-end=\"1199\">&#8211; Solidny i lekki: Stworzony do codziennego u\u017cytku<\/p>\n<p data-start=\"1255\" data-end=\"1324\">Ma\u0142y szczeg\u00f3\u0142, kt\u00f3ry sprawia, \u017ce miejsce pracy jest znacznie czystsze.<\/p>\n<p data-start=\"1326\" data-end=\"1386\"><em><strong>Kompatybilny wy\u0142\u0105cznie z nowym Tab Tower Reloaded.<\/strong><\/em><\/p>\n<p style=\"line-height: 1.15; margin-bottom: 0;\"><strong style=\"font-size: 20px;\"> <\/strong><\/p>\n","protected":false},"excerpt":{"rendered":"<p>Praktyczny wsuwany pojemnik na resztki kleju i odpady &#8211; wraz z pokryw\u0105. Dla czystego, zorganizowanego przep\u0142ywu pracy na Tab Tower Reloaded.  <\/p>\n","protected":false},"featured_media":11273,"comment_status":"closed","ping_status":"closed","template":"","meta":[],"product_brand":[],"product_cat":[923],"product_tag":[924],"class_list":{"0":"post-11249","1":"product","2":"type-product","3":"status-publish","4":"has-post-thumbnail","6":"product_cat-tab-tower","7":"product_tag-tab-tower","9":"first","10":"instock","11":"taxable","12":"shipping-taxable","13":"purchasable","14":"product-type-simple"},"_links":{"self":[{"href":"https:\/\/pdrtools.ch\/pl\/wp-json\/wp\/v2\/product\/11249","targetHints":{"allow":["GET"]}}],"collection":[{"href":"https:\/\/pdrtools.ch\/pl\/wp-json\/wp\/v2\/product"}],"about":[{"href":"https:\/\/pdrtools.ch\/pl\/wp-json\/wp\/v2\/types\/product"}],"replies":[{"embeddable":true,"href":"https:\/\/pdrtools.ch\/pl\/wp-json\/wp\/v2\/comments?post=11249"}],"wp:featuredmedia":[{"embeddable":true,"href":"https:\/\/pdrtools.ch\/pl\/wp-json\/wp\/v2\/media\/11273"}],"wp:attachment":[{"href":"https:\/\/pdrtools.ch\/pl\/wp-json\/wp\/v2\/media?parent=11249"}],"wp:term":[{"taxonomy":"product_brand","embeddable":true,"href":"https:\/\/pdrtools.ch\/pl\/wp-json\/wp\/v2\/product_brand?post=11249"},{"taxonomy":"product_cat","embeddable":true,"href":"https:\/\/pdrtools.ch\/pl\/wp-json\/wp\/v2\/product_cat?post=11249"},{"taxonomy":"product_tag","embeddable":true,"href":"https:\/\/pdrtools.ch\/pl\/wp-json\/wp\/v2\/product_tag?post=11249"}],"curies":[{"name":"wp","href":"https:\/\/api.w.org\/{rel}","templated":true}]}}