{"id":10989,"date":"2026-04-12T12:44:21","date_gmt":"2026-04-12T10:44:21","guid":{"rendered":"https:\/\/pdrtools.ch\/?post_type=product&#038;p=10989"},"modified":"2026-04-12T13:16:25","modified_gmt":"2026-04-12T11:16:25","slug":"tab-tower-silikonowe-nozki","status":"publish","type":"product","link":"https:\/\/pdrtools.ch\/pl\/produkt\/tab-tower-silikonowe-nozki\/","title":{"rendered":"Tab Tower &#8211; silikonowe n\u00f3\u017cki"},"content":{"rendered":"<p style=\"line-height: 1.15; margin-bottom: 0;\"><strong style=\"font-size: 20px;\"><img data-opt-id=1249526302  fetchpriority=\"high\" decoding=\"async\" class=\"size-medium wp-image-10211 alignright\" src=\"https:\/\/mlzzjckobjnb.i.optimole.com\/w:300\/h:400\/q:mauto\/f:best\/https:\/\/pdrtools.ch\/wp-content\/uploads\/\/IMG_6887.jpeg\" alt=\"\" width=\"300\" height=\"400\" srcset=\"https:\/\/mlzzjckobjnb.i.optimole.com\/w:300\/h:400\/q:mauto\/f:best\/https:\/\/pdrtools.ch\/wp-content\/uploads\/IMG_6887-scaled.jpeg 300w, https:\/\/mlzzjckobjnb.i.optimole.com\/w:600\/h:800\/q:mauto\/f:best\/https:\/\/pdrtools.ch\/wp-content\/uploads\/IMG_6887-scaled.jpeg 600w, https:\/\/mlzzjckobjnb.i.optimole.com\/w:768\/h:1024\/q:mauto\/f:best\/https:\/\/pdrtools.ch\/wp-content\/uploads\/IMG_6887-scaled.jpeg 768w, https:\/\/mlzzjckobjnb.i.optimole.com\/w:1152\/h:1536\/q:mauto\/f:best\/https:\/\/pdrtools.ch\/wp-content\/uploads\/IMG_6887-scaled.jpeg 1152w, https:\/\/mlzzjckobjnb.i.optimole.com\/w:1536\/h:2048\/q:mauto\/f:best\/https:\/\/pdrtools.ch\/wp-content\/uploads\/IMG_6887-scaled.jpeg 1536w, https:\/\/mlzzjckobjnb.i.optimole.com\/w:1200\/h:1600\/q:mauto\/f:best\/https:\/\/pdrtools.ch\/wp-content\/uploads\/IMG_6887-scaled.jpeg 1200w, https:\/\/mlzzjckobjnb.i.optimole.com\/w:1920\/h:2560\/q:mauto\/f:best\/https:\/\/pdrtools.ch\/wp-content\/uploads\/IMG_6887-scaled.jpeg 1920w, https:\/\/mlzzjckobjnb.i.optimole.com\/w:1920\/h:2560\/q:mauto\/f:best\/dpr:2\/https:\/\/pdrtools.ch\/wp-content\/uploads\/IMG_6887-scaled.jpeg 2x\" sizes=\"(max-width: 300px) 100vw, 300px\" \/>Tab Tower &#8211; Silikonowe n\u00f3\u017cki x8<\/strong><br \/>\n<span style=\"font-size: 14px; opacity: 0.7;\">Chwyt. Ochrona. Stabilno\u015b\u0107.  <\/span><\/p>\n<p data-start=\"233\" data-end=\"344\">Silikonowe n\u00f3\u017cki do Tab Tower zapewniaj\u0105 bezpieczn\u0105 podstaw\u0119 i jednocze\u015bnie chroni\u0105 powierzchnie robocze.<\/p>\n<p data-start=\"346\" data-end=\"558\">Te specjalnie zaprojektowane wk\u0142adki zapewniaj\u0105 optymaln\u0105 przyczepno\u015b\u0107, zapobiegaj\u0105 \u015blizganiu si\u0119 wie\u017cy i zmniejszaj\u0105 zu\u017cycie podstawy narz\u0119dzia. Jednocze\u015bnie chroni\u0105 wra\u017cliwe powierzchnie przed zarysowaniami. <\/p>\n<p data-start=\"560\" data-end=\"635\">Idealna jako cz\u0119\u015b\u0107 zamienna, gdy istniej\u0105ce stopki z czasem si\u0119 zu\u017cyj\u0105.<\/p>\n<p data-start=\"637\" data-end=\"697\">Dost\u0119pne w r\u00f3\u017cnych kolorach &#8211; aby dopasowa\u0107 si\u0119 do konfiguracji.<\/p>\n<p data-start=\"699\" data-end=\"1042\">Cechy:<br data-start=\"712\" data-end=\"715\">&#8211; <strong data-start=\"717\" data-end=\"740\">Efekt antypo\u015blizgowy:<\/strong> Stabilna podstawka nawet na g\u0142adkich powierzchniach<br data-start=\"780\" data-end=\"783\">&#8211; <strong data-start=\"785\" data-end=\"807\">Ochrona powierzchni:<\/strong> Zapobiega zarysowaniom pojazd\u00f3w i powierzchni roboczych<br data-start=\"860\" data-end=\"863\">&#8211; <strong data-start=\"865\" data-end=\"894\">Ochrona<\/strong> Tab <strong data-start=\"865\" data-end=\"894\">Tower:<\/strong> Zmniejsza zu\u017cycie pod\u0142ogi<br data-start=\"923\" data-end=\"926\">&#8211; <strong data-start=\"928\" data-end=\"942\">Idealne dopasowanie:<\/strong> Specjalnie opracowany dla Tab Tower<br data-start=\"980\" data-end=\"983\">&#8211; <strong data-start=\"985\" data-end=\"1000\">Cz\u0119\u015b\u0107 zamienna:<\/strong> Idealna do wymiany po zu\u017cyciu<\/p>\n<h4 data-section-id=\"1xv5ws0\" data-start=\"1055\" data-end=\"1079\"><span role=\"text\"><strong data-start=\"1058\" data-end=\"1077\">Kompatybilno\u015b\u0107:<\/strong><\/span><\/h4>\n<p data-start=\"1080\" data-end=\"1202\">Kompatybilny ze wszystkimi wersjami Tab Tower, kt\u00f3re maj\u0105 odpowiednie mocowania (otwory) na silikonowe n\u00f3\u017cki w podstawie.<\/p>\n<h4 data-section-id=\"k5qcig\" data-start=\"1049\" data-end=\"1066\"><span role=\"text\"><strong data-start=\"1052\" data-end=\"1064\">Uwaga:<\/strong><\/span><\/h4>\n<p data-start=\"1067\" data-end=\"1223\">Prosimy o podanie wybranego koloru podczas sk\u0142adania zam\u00f3wienia.<br data-start=\"1123\" data-end=\"1126\">Je\u015bli jest dost\u0119pny, zostanie wzi\u0119ty pod uwag\u0119 &#8211; w przeciwnym razie dostawa zostanie zrealizowana w <strong data-start=\"1206\" data-end=\"1222\">standardowym kolorze czerwonym<\/strong>.<\/p>\n<p data-start=\"1067\" data-end=\"1223\"><strong>W zestawie:<\/strong> 8 silikonowych n\u00f3\u017cek<\/p>\n","protected":false},"excerpt":{"rendered":"<p>Silikonowe n\u00f3\u017cki do Tab Tower zapewniaj\u0105 lepsz\u0105 przyczepno\u015b\u0107, chroni\u0105 powierzchnie i s\u0142u\u017c\u0105 jako cz\u0119\u015b\u0107 zamienna. Kompatybilne ze wszystkimi modelami z otworami monta\u017cowymi. 8 sztuk.  <\/p>\n","protected":false},"featured_media":10243,"comment_status":"closed","ping_status":"closed","template":"","meta":[],"product_brand":[],"product_cat":[923],"product_tag":[924],"class_list":{"0":"post-10989","1":"product","2":"type-product","3":"status-publish","4":"has-post-thumbnail","6":"product_cat-tab-tower","7":"product_tag-tab-tower","9":"first","10":"instock","11":"taxable","12":"shipping-taxable","13":"purchasable","14":"product-type-simple"},"_links":{"self":[{"href":"https:\/\/pdrtools.ch\/pl\/wp-json\/wp\/v2\/product\/10989","targetHints":{"allow":["GET"]}}],"collection":[{"href":"https:\/\/pdrtools.ch\/pl\/wp-json\/wp\/v2\/product"}],"about":[{"href":"https:\/\/pdrtools.ch\/pl\/wp-json\/wp\/v2\/types\/product"}],"replies":[{"embeddable":true,"href":"https:\/\/pdrtools.ch\/pl\/wp-json\/wp\/v2\/comments?post=10989"}],"wp:featuredmedia":[{"embeddable":true,"href":"https:\/\/pdrtools.ch\/pl\/wp-json\/wp\/v2\/media\/10243"}],"wp:attachment":[{"href":"https:\/\/pdrtools.ch\/pl\/wp-json\/wp\/v2\/media?parent=10989"}],"wp:term":[{"taxonomy":"product_brand","embeddable":true,"href":"https:\/\/pdrtools.ch\/pl\/wp-json\/wp\/v2\/product_brand?post=10989"},{"taxonomy":"product_cat","embeddable":true,"href":"https:\/\/pdrtools.ch\/pl\/wp-json\/wp\/v2\/product_cat?post=10989"},{"taxonomy":"product_tag","embeddable":true,"href":"https:\/\/pdrtools.ch\/pl\/wp-json\/wp\/v2\/product_tag?post=10989"}],"curies":[{"name":"wp","href":"https:\/\/api.w.org\/{rel}","templated":true}]}}