{"id":10960,"date":"2026-01-03T11:34:05","date_gmt":"2026-01-03T10:34:05","guid":{"rendered":"https:\/\/pdrtools.ch\/produkt\/wymienny-klips-zabezpieczajacy-do-quick-bench\/"},"modified":"2026-01-03T11:34:05","modified_gmt":"2026-01-03T10:34:05","slug":"wymienny-klips-zabezpieczajacy-do-quick-bench","status":"publish","type":"product","link":"https:\/\/pdrtools.ch\/pl\/produkt\/wymienny-klips-zabezpieczajacy-do-quick-bench\/","title":{"rendered":"Wymienny klips zabezpieczaj\u0105cy do Quick Bench"},"content":{"rendered":"<p><img data-opt-id=1133314912  fetchpriority=\"high\" decoding=\"async\" class=\" wp-image-9481 alignright\" src=\"https:\/\/mlzzjckobjnb.i.optimole.com\/w:533\/h:400\/q:mauto\/f:best\/https:\/\/pdrtools.ch\/wp-content\/uploads\/\/2.jpeg\" alt=\"\" width=\"390\" height=\"282\">Ten zamienny klips zabezpieczaj\u0105cy zosta\u0142 specjalnie opracowany jako rozwi\u0105zanie dla rynku wt\u00f3rnego dla Quick Bench. Jest on wciskany na odpowiedni\u0105 rurk\u0119 i s\u0142u\u017cy do niezawodnego zabezpieczenia Quick Bench podczas monta\u017cu. <\/p>\n<p>W por\u00f3wnaniu z konwencjonalnymi rozwi\u0105zaniami, ta cz\u0119\u015b\u0107 jest wykonana z wysokiej jako\u015bci, twardej gumy TPU, dzi\u0119ki czemu jest znacznie bardziej odporna, trwa\u0142a i wystarczaj\u0105co elastyczna, aby zapewni\u0107 bezpieczny monta\u017c.<\/p>\n<p>Jasnozielony kolor zosta\u0142 celowo wybrany, aby zapewni\u0107 maksymaln\u0105 widoczno\u015b\u0107 &#8211; dzi\u0119ki temu klips nie zostanie przeoczony podczas monta\u017cu i uniknie si\u0119 nieprawid\u0142owego monta\u017cu.<\/p>\n<h2>W\u0142a\u015bciwo\u015bci<\/h2>\n<ul>\n<li>Cz\u0119\u015b\u0107 zamienna i modernizacyjna do Quick Bench\u2122<\/li>\n<li><span style=\"color: #555555; font-size: 14.4px;\">Wykonane z twardej gumy TPU (wytrzyma\u0142e, odporne na uderzenia, lekko elastyczne)<\/span><\/li>\n<li><span style=\"color: #555555; font-size: 14.4px;\">Wysoka widoczno\u015b\u0107 dzi\u0119ki uderzaj\u0105cemu zielonemu kolorowi<\/span><\/li>\n<li><span style=\"color: #555555; font-size: 14.4px;\">\u0141atwy monta\u017c &#8211; bez u\u017cycia narz\u0119dzi<\/span><\/li>\n<li><span style=\"color: #555555; font-size: 14.4px;\">Bezpieczny uchwyt podczas ustawiania Quick Bench<\/span><\/li>\n<li><span style=\"color: #555555; font-size: 14.4px;\">Odporno\u015b\u0107 na zu\u017cycie w warsztacie i na zewn\u0105trz<\/span><\/li>\n<\/ul>\n<h2>Zalety<\/h2>\n<ul>\n<li>Zwi\u0119kszone bezpiecze\u0144stwo podczas monta\u017cu<\/li>\n<li><span style=\"color: #555555; font-size: 14.4px;\">Znacznie bardziej widoczne ni\u017c cz\u0119\u015bci oryginalne<\/span><\/li>\n<li><span style=\"color: #555555; font-size: 14.4px;\">Trwalsze ni\u017c kruche rozwi\u0105zania z tworzyw sztucznych<\/span><\/li>\n<li><span style=\"color: #555555; font-size: 14.4px;\">Idealny jako cz\u0119\u015b\u0107 zamienna lub zapasowa<\/span><\/li>\n<\/ul>\n<h4>Wa\u017cna uwaga<\/h4>\n<p>Jest to produkt pochodz\u0105cy z rynku wt\u00f3rnego. Quick Bench\u2122 jest zastrze\u017conym znakiem towarowym odpowiedniego posiadacza praw. Ten produkt nie jest powi\u0105zany z oryginalnym producentem i zast\u0119puje jedynie odpowiedni element bezpiecznika.  <\/p>\n","protected":false},"excerpt":{"rendered":"<p>Wykonany z wytrzyma\u0142ego, twardego TPU w dobrze widocznym zielonym kolorze. Jest wsuwany i niezawodnie zabezpiecza Quick Bench podczas monta\u017cu. Trwa\u0142a, elastyczna i znacznie bardziej widoczna ni\u017c standardowe rozwi\u0105zania.  <\/p>\n","protected":false},"featured_media":9482,"comment_status":"closed","ping_status":"closed","template":"","meta":[],"product_brand":[],"product_cat":[933],"product_tag":[934,950],"class_list":{"0":"post-10960","1":"product","2":"type-product","3":"status-publish","4":"has-post-thumbnail","6":"product_cat-akcesoria","7":"product_tag-akcesoria","8":"product_tag-quickbench","10":"first","11":"instock","12":"taxable","13":"shipping-taxable","14":"purchasable","15":"product-type-simple"},"_links":{"self":[{"href":"https:\/\/pdrtools.ch\/pl\/wp-json\/wp\/v2\/product\/10960","targetHints":{"allow":["GET"]}}],"collection":[{"href":"https:\/\/pdrtools.ch\/pl\/wp-json\/wp\/v2\/product"}],"about":[{"href":"https:\/\/pdrtools.ch\/pl\/wp-json\/wp\/v2\/types\/product"}],"replies":[{"embeddable":true,"href":"https:\/\/pdrtools.ch\/pl\/wp-json\/wp\/v2\/comments?post=10960"}],"wp:featuredmedia":[{"embeddable":true,"href":"https:\/\/pdrtools.ch\/pl\/wp-json\/wp\/v2\/media\/9482"}],"wp:attachment":[{"href":"https:\/\/pdrtools.ch\/pl\/wp-json\/wp\/v2\/media?parent=10960"}],"wp:term":[{"taxonomy":"product_brand","embeddable":true,"href":"https:\/\/pdrtools.ch\/pl\/wp-json\/wp\/v2\/product_brand?post=10960"},{"taxonomy":"product_cat","embeddable":true,"href":"https:\/\/pdrtools.ch\/pl\/wp-json\/wp\/v2\/product_cat?post=10960"},{"taxonomy":"product_tag","embeddable":true,"href":"https:\/\/pdrtools.ch\/pl\/wp-json\/wp\/v2\/product_tag?post=10960"}],"curies":[{"name":"wp","href":"https:\/\/api.w.org\/{rel}","templated":true}]}}