{"id":10950,"date":"2024-09-22T20:16:50","date_gmt":"2024-09-22T18:16:50","guid":{"rendered":"https:\/\/pdrtools.ch\/produkt\/szybka-wskazowka-maly\/"},"modified":"2024-09-22T20:16:50","modified_gmt":"2024-09-22T18:16:50","slug":"szybka-wskazowka-maly","status":"publish","type":"product","link":"https:\/\/pdrtools.ch\/pl\/produkt\/szybka-wskazowka-maly\/","title":{"rendered":"Szybka wskaz\u00f3wka &#8211; Ma\u0142y"},"content":{"rendered":"<p><img data-opt-id=72858711  fetchpriority=\"high\" decoding=\"async\" class=\" wp-image-2192 alignright\" src=\"https:\/\/mlzzjckobjnb.i.optimole.com\/w:533\/h:400\/q:mauto\/f:best\/https:\/\/pdrtools.ch\/wp-content\/uploads\/\/QuickTip-SML-Blau.jpeg\" alt=\"\" width=\"482\" height=\"342\">Uporz\u0105dkuj swoje narz\u0119dzia PDR jak nigdy dot\u0105d dzi\u0119ki Quick-Tip Small! Ten innowacyjny uchwyt ma miejsce na maksymalnie 17 ko\u0144c\u00f3wek PDR i jest wykonany z wysokiej jako\u015bci silikonu, co sprawia, \u017ce wk\u0142adanie i wyjmowanie ko\u0144c\u00f3wek jest niezwykle \u0142atwe. Przyspiesza to proces naprawy i zwi\u0119ksza wydajno\u015b\u0107.  <\/p>\n<p>Elastyczna silikonowa konstrukcja zapewnia pewny chwyt zar\u00f3wno zwyk\u0142ych, jak i mniejszych ko\u0144c\u00f3wek. Plastikowa obudowa zapewnia dodatkow\u0105 stabilno\u015b\u0107 i zapobiega wypadaniu ko\u0144c\u00f3wek, utrzymuj\u0105c w\u00f3zek narz\u0119dziowy w czysto\u015bci i porz\u0105dku. Mierz\u0105cy 149x69x13 mm i wa\u017c\u0105cy zaledwie 140 g, Quick-Tip jest zar\u00f3wno kompaktowy, jak i wytrzyma\u0142y i idealnie pasuje do miejsca pracy, nie zajmuj\u0105c niepotrzebnie miejsca.  <\/p>\n<p>Dost\u0119pny w dw\u00f3ch \u017cywych kolorach &#8211; \u017c\u00f3\u0142tym i niebieskim &#8211; Quick-Tip dodaje osobisty akcent do zestawu narz\u0119dzi, zapewniaj\u0105c jednocze\u015bnie, \u017ce ko\u0144c\u00f3wki PDR s\u0105 zawsze pod r\u0119k\u0105.<\/p>\n<p>Usprawnij swoje prace naprawcze dzi\u0119ki silikonowemu uchwytowi na ko\u0144c\u00f3wki Quick-Tip: najlepsze rozwi\u0105zanie zapewniaj\u0105ce wydajno\u015b\u0107, organizacj\u0119 i styl w smuk\u0142ej obudowie.<\/p>\n<h3><strong>Ten produkt zostanie zast\u0105piony now\u0105 wersj\u0105 Quick-Tip Small V2. Zabezpiecz pozosta\u0142e zapasy teraz ze zni\u017ck\u0105 do wyczerpania zapas\u00f3w! <\/strong><\/h3>\n","protected":false},"excerpt":{"rendered":"<p>Quick-Tip Small oferuje miejsce na maksymalnie 17 ko\u0144c\u00f3wek PDR, a jego elastyczna silikonowa konstrukcja u\u0142atwia szybkie wk\u0142adanie i wyjmowanie ko\u0144c\u00f3wek. Dzi\u0119ki wytrzyma\u0142ej plastikowej obudowie narz\u0119dzia s\u0105 zawsze uporz\u0105dkowane i bezpiecznie schowane. <\/p>\n","protected":false},"featured_media":10952,"comment_status":"closed","ping_status":"closed","template":"","meta":[],"product_brand":[],"product_cat":[944],"product_tag":[945],"class_list":{"0":"post-10950","1":"product","2":"type-product","3":"status-publish","4":"has-post-thumbnail","6":"product_cat-uchwyt-narzedzia","7":"product_tag-szybka-wskazowka","9":"first","10":"instock","11":"sale","12":"taxable","13":"shipping-taxable","14":"purchasable","15":"product-type-variable"},"_links":{"self":[{"href":"https:\/\/pdrtools.ch\/pl\/wp-json\/wp\/v2\/product\/10950","targetHints":{"allow":["GET"]}}],"collection":[{"href":"https:\/\/pdrtools.ch\/pl\/wp-json\/wp\/v2\/product"}],"about":[{"href":"https:\/\/pdrtools.ch\/pl\/wp-json\/wp\/v2\/types\/product"}],"replies":[{"embeddable":true,"href":"https:\/\/pdrtools.ch\/pl\/wp-json\/wp\/v2\/comments?post=10950"}],"wp:featuredmedia":[{"embeddable":true,"href":"https:\/\/pdrtools.ch\/pl\/wp-json\/wp\/v2\/media\/10952"}],"wp:attachment":[{"href":"https:\/\/pdrtools.ch\/pl\/wp-json\/wp\/v2\/media?parent=10950"}],"wp:term":[{"taxonomy":"product_brand","embeddable":true,"href":"https:\/\/pdrtools.ch\/pl\/wp-json\/wp\/v2\/product_brand?post=10950"},{"taxonomy":"product_cat","embeddable":true,"href":"https:\/\/pdrtools.ch\/pl\/wp-json\/wp\/v2\/product_cat?post=10950"},{"taxonomy":"product_tag","embeddable":true,"href":"https:\/\/pdrtools.ch\/pl\/wp-json\/wp\/v2\/product_tag?post=10950"}],"curies":[{"name":"wp","href":"https:\/\/api.w.org\/{rel}","templated":true}]}}