{"id":10944,"date":"2024-09-22T09:26:42","date_gmt":"2024-09-22T07:26:42","guid":{"rendered":"https:\/\/pdrtools.ch\/produkt\/ochrona-przed-swiatlem-pro-2\/"},"modified":"2024-09-22T09:26:42","modified_gmt":"2024-09-22T07:26:42","slug":"ochrona-przed-swiatlem-pro-2","status":"publish","type":"product","link":"https:\/\/pdrtools.ch\/pl\/produkt\/ochrona-przed-swiatlem-pro-2\/","title":{"rendered":"Ochrona przed \u015bwiat\u0142em Pro"},"content":{"rendered":"<h3><strong><img data-opt-id=921479389  fetchpriority=\"high\" decoding=\"async\" class=\"wp-image-9880 size-medium alignright\" src=\"https:\/\/mlzzjckobjnb.i.optimole.com\/w:533\/h:400\/q:mauto\/f:best\/https:\/\/pdrtools.ch\/wp-content\/uploads\/IMG_6852.jpeg\" alt=\"\" width=\"533\" height=\"400\" srcset=\"https:\/\/mlzzjckobjnb.i.optimole.com\/w:533\/h:400\/q:mauto\/f:best\/https:\/\/pdrtools.ch\/wp-content\/uploads\/IMG_6852-scaled.jpeg 533w, https:\/\/mlzzjckobjnb.i.optimole.com\/w:1067\/h:800\/q:mauto\/f:best\/https:\/\/pdrtools.ch\/wp-content\/uploads\/IMG_6852-scaled.jpeg 1067w, https:\/\/mlzzjckobjnb.i.optimole.com\/w:768\/h:576\/q:mauto\/f:best\/https:\/\/pdrtools.ch\/wp-content\/uploads\/IMG_6852-scaled.jpeg 768w, https:\/\/mlzzjckobjnb.i.optimole.com\/w:1536\/h:1152\/q:mauto\/f:best\/https:\/\/pdrtools.ch\/wp-content\/uploads\/IMG_6852-scaled.jpeg 1536w, https:\/\/mlzzjckobjnb.i.optimole.com\/w:1920\/h:1440\/q:mauto\/f:best\/https:\/\/pdrtools.ch\/wp-content\/uploads\/IMG_6852-scaled.jpeg 2048w, https:\/\/mlzzjckobjnb.i.optimole.com\/w:1200\/h:900\/q:mauto\/f:best\/https:\/\/pdrtools.ch\/wp-content\/uploads\/IMG_6852-scaled.jpeg 1200w, https:\/\/mlzzjckobjnb.i.optimole.com\/w:1920\/h:1440\/q:mauto\/f:best\/dpr:2\/https:\/\/pdrtools.ch\/wp-content\/uploads\/IMG_6852-scaled.jpeg 2x\" sizes=\"(max-width: 533px) 100vw, 533px\" \/>Informacje o produkcie<\/strong><\/h3>\n<p data-start=\"117\" data-end=\"414\">Niezawodnie chro\u0144 sw\u00f3j system o\u015bwietlenia PDR przed uszkodzeniem pojazdu. Nak\u0142adki Light Protection Pro zosta\u0142y opracowane specjalnie dla ram 25 \u00d7 25 mm i zapobiegaj\u0105 zarysowaniom, wgnieceniom lub uszkodzeniom, je\u015bli \u015bwiat\u0142a LED znajd\u0105 si\u0119 zbyt blisko felg, nadwozia lub podwozia. <\/p>\n<p data-start=\"416\" data-end=\"569\">Dzi\u0119ki zintegrowanemu <strong data-start=\"434\" data-end=\"462\">systemowi bezpiecznego blokowania<\/strong>, nak\u0142adki mocno zatrzaskuj\u0105 si\u0119 na ramie i pozostaj\u0105 bezpiecznie na miejscu nawet podczas codziennego u\u017cytkowania w warsztacie.<\/p>\n<h3>G\u0142\u00f3wne cechy:<\/h3>\n<ul>\n<li>&#8211; <strong data-start=\"708\" data-end=\"730\">Idealne dopasowanie<\/strong>: do ramek 25 \u00d7 25 mm &#8211; kompatybilne z DNE, Ultra Dent, Pro PDR i wieloma innymi lampami<br data-start=\"823\" data-end=\"826\">&#8211; <strong data-start=\"828\" data-end=\"849\">Maksymalna ochrona:<\/strong> niezawodnie zapobiega zarysowaniom i uszkodzeniom pojazd\u00f3w klient\u00f3w<br data-start=\"912\" data-end=\"915\">&#8211; <strong data-start=\"917\" data-end=\"935\">Bezpieczne mocowanie:<\/strong> zintegrowany system blokowania zapobiega ze\u015blizgiwaniu si\u0119 podczas pracy<br data-start=\"1011\" data-end=\"1014\">&#8211; <strong data-start=\"1016\" data-end=\"1037\">\u0141atwe dopasowanie:<\/strong> beznarz\u0119dziowe mocowanie z ciasnym dopasowaniem<br data-start=\"1078\" data-end=\"1081\">&#8211; <strong data-start=\"1083\" data-end=\"1105\">Wytrzyma\u0142y materia\u0142:<\/strong> poch\u0142aniaj\u0105ca wstrz\u0105sy, trwa\u0142a guma do codziennego u\u017cytku<br data-start=\"1169\" data-end=\"1172\">&#8211; <strong data-start=\"1174\" data-end=\"1200\">Wszechstronne zastosowanie:<\/strong> Idealna dla technik\u00f3w PDR, warsztat\u00f3w i warsztat\u00f3w samochodowych<\/li>\n<\/ul>\n<p>Chro\u0144 pojazdy klient\u00f3w przed zadrapaniami i uszkodzeniami dzi\u0119ki naszym gumowym nak\u0142adkom ochronnym &#8211; niezb\u0119dnym akcesoriom do profesjonalnej konserwacji \u015bwiate\u0142 PDR.<\/p>\n<p><iframe title=\"Odtwarzacz wideo YouTube\" src=\"https:\/\/www.youtube.com\/embed\/Z1tU0nCJU9I?si=xwlX6-3UKxzJYtuf\" width=\"560\" height=\"315\" frameborder=\"0\" allowfullscreen=\"allowfullscreen\"><\/iframe><\/p>\n","protected":false},"excerpt":{"rendered":"<p>Chroni\u0105 pojazdy klient\u00f3w przed zarysowaniami i uszkodzeniami, gdy warsztatowe \u015bwiat\u0142a LED zostan\u0105 przypadkowo przesuni\u0119te zbyt blisko. Te wytrzyma\u0142e gumowe nak\u0142adki pasuj\u0105 do ramek 25&#215;25 mm i s\u0105 kompatybilne ze \u015bwiat\u0142ami DNEPro, Ultra Dent, Pro PDR i innymi. \u0141atwa instalacja bez u\u017cycia narz\u0119dzi &#8211; dla bezpiecznego i profesjonalnego u\u017cytkowania. Teraz dost\u0119pne w kolorze <strong data-start=\"591\" data-end=\"606\">\u017c\u00f3\u0142tym<\/strong> <strong data-start=\"611\" data-end=\"626\">(<\/strong> <strong data-start=\"591\" data-end=\"606\">mi\u0119kkie)<\/strong> i <strong data-start=\"611\" data-end=\"626\">niebieskim (twarde<\/strong>) <strong data-start=\"611\" data-end=\"626\">.<\/strong>   <\/p>\n","protected":false},"featured_media":10945,"comment_status":"closed","ping_status":"closed","template":"","meta":[],"product_brand":[],"product_cat":[933],"product_tag":[947],"class_list":{"0":"post-10944","1":"product","2":"type-product","3":"status-publish","4":"has-post-thumbnail","6":"product_cat-akcesoria","7":"product_tag-ochrona-przed-swiatlem-pro","9":"first","10":"instock","11":"taxable","12":"shipping-taxable","13":"purchasable","14":"product-type-variable"},"_links":{"self":[{"href":"https:\/\/pdrtools.ch\/pl\/wp-json\/wp\/v2\/product\/10944","targetHints":{"allow":["GET"]}}],"collection":[{"href":"https:\/\/pdrtools.ch\/pl\/wp-json\/wp\/v2\/product"}],"about":[{"href":"https:\/\/pdrtools.ch\/pl\/wp-json\/wp\/v2\/types\/product"}],"replies":[{"embeddable":true,"href":"https:\/\/pdrtools.ch\/pl\/wp-json\/wp\/v2\/comments?post=10944"}],"wp:featuredmedia":[{"embeddable":true,"href":"https:\/\/pdrtools.ch\/pl\/wp-json\/wp\/v2\/media\/10945"}],"wp:attachment":[{"href":"https:\/\/pdrtools.ch\/pl\/wp-json\/wp\/v2\/media?parent=10944"}],"wp:term":[{"taxonomy":"product_brand","embeddable":true,"href":"https:\/\/pdrtools.ch\/pl\/wp-json\/wp\/v2\/product_brand?post=10944"},{"taxonomy":"product_cat","embeddable":true,"href":"https:\/\/pdrtools.ch\/pl\/wp-json\/wp\/v2\/product_cat?post=10944"},{"taxonomy":"product_tag","embeddable":true,"href":"https:\/\/pdrtools.ch\/pl\/wp-json\/wp\/v2\/product_tag?post=10944"}],"curies":[{"name":"wp","href":"https:\/\/api.w.org\/{rel}","templated":true}]}}