{"id":10934,"date":"2024-08-09T12:31:49","date_gmt":"2024-08-09T10:31:49","guid":{"rendered":"https:\/\/pdrtools.ch\/produkt\/szybka-wskazowka-duza\/"},"modified":"2024-08-09T12:31:49","modified_gmt":"2024-08-09T10:31:49","slug":"szybka-wskazowka-duza","status":"publish","type":"product","link":"https:\/\/pdrtools.ch\/pl\/produkt\/szybka-wskazowka-duza\/","title":{"rendered":"Szybka wskaz\u00f3wka &#8211; du\u017ca"},"content":{"rendered":"<p><img data-opt-id=420917386  fetchpriority=\"high\" decoding=\"async\" class=\"alignright wp-image-4422 \" src=\"https:\/\/mlzzjckobjnb.i.optimole.com\/w:533\/h:400\/q:mauto\/f:best\/https:\/\/pdrtools.ch\/wp-content\/uploads\/\/IMG_9272.jpeg\" alt=\"\" width=\"406\" height=\"278\">Uporz\u0105dkuj swoje narz\u0119dzia PDR jak nigdy dot\u0105d dzi\u0119ki silikonowemu uchwytowi na ko\u0144c\u00f3wki Quick-Tip! Ten innowacyjny uchwyt mie\u015bci do 60 ko\u0144c\u00f3wek PDR i jest wykonany z wysokiej jako\u015bci silikonu, dzi\u0119ki czemu wk\u0142adanie i wyjmowanie ko\u0144c\u00f3wek jest niezwykle \u0142atwe. Przyspiesza to proces naprawy i zwi\u0119ksza wydajno\u015b\u0107.  <\/p>\n<p>Elastyczna silikonowa konstrukcja zapewnia pewny chwyt zar\u00f3wno zwyk\u0142ych, jak i mniejszych ko\u0144c\u00f3wek. Plastikowa obudowa zapewnia dodatkow\u0105 stabilno\u015b\u0107 i zapobiega wypadaniu ko\u0144c\u00f3wek, utrzymuj\u0105c w\u00f3zek narz\u0119dziowy w czysto\u015bci i porz\u0105dku. Mierz\u0105cy 155 x 125 x 13 mm i wa\u017c\u0105cy zaledwie 240 g, Quick-Tip jest zar\u00f3wno kompaktowy, jak i wytrzyma\u0142y i idealnie pasuje do miejsca pracy, nie zajmuj\u0105c niepotrzebnie miejsca.  <\/p>\n<p>Dost\u0119pne w trzech \u017cywych kolorach &#8211; \u017c\u00f3\u0142tym, szarym i czerwonym &#8211; ko\u0144c\u00f3wki Quick-Tip dodaj\u0105 osobistego charakteru do zestawu narz\u0119dzi, zapewniaj\u0105c jednocze\u015bnie, \u017ce ko\u0144c\u00f3wki PDR s\u0105 zawsze pod r\u0119k\u0105.<\/p>\n<p>Usprawnij swoje prace naprawcze dzi\u0119ki Quick-Tip: najlepsze rozwi\u0105zanie zapewniaj\u0105ce wydajno\u015b\u0107, organizacj\u0119 i styl w jednym usprawnionym pakiecie.<\/p>\n<p>&nbsp;<\/p>\n","protected":false},"excerpt":{"rendered":"<p>Silikonowy uchwyt na ko\u0144c\u00f3wki Quick-Tip oferuje miejsce na maksymalnie 60 ko\u0144c\u00f3wek PDR, a jego elastyczna silikonowa konstrukcja u\u0142atwia szybkie wk\u0142adanie i wyjmowanie ko\u0144c\u00f3wek. Dzi\u0119ki wytrzyma\u0142ej plastikowej obudowie narz\u0119dzia s\u0105 zawsze uporz\u0105dkowane i bezpiecznie schowane. <\/p>\n","protected":false},"featured_media":10935,"comment_status":"closed","ping_status":"closed","template":"","meta":[],"product_brand":[],"product_cat":[944],"product_tag":[945],"class_list":{"0":"post-10934","1":"product","2":"type-product","3":"status-publish","4":"has-post-thumbnail","6":"product_cat-uchwyt-narzedzia","7":"product_tag-szybka-wskazowka","9":"first","10":"instock","11":"taxable","12":"shipping-taxable","13":"purchasable","14":"product-type-variable","15":"has-default-attributes"},"_links":{"self":[{"href":"https:\/\/pdrtools.ch\/pl\/wp-json\/wp\/v2\/product\/10934","targetHints":{"allow":["GET"]}}],"collection":[{"href":"https:\/\/pdrtools.ch\/pl\/wp-json\/wp\/v2\/product"}],"about":[{"href":"https:\/\/pdrtools.ch\/pl\/wp-json\/wp\/v2\/types\/product"}],"replies":[{"embeddable":true,"href":"https:\/\/pdrtools.ch\/pl\/wp-json\/wp\/v2\/comments?post=10934"}],"wp:featuredmedia":[{"embeddable":true,"href":"https:\/\/pdrtools.ch\/pl\/wp-json\/wp\/v2\/media\/10935"}],"wp:attachment":[{"href":"https:\/\/pdrtools.ch\/pl\/wp-json\/wp\/v2\/media?parent=10934"}],"wp:term":[{"taxonomy":"product_brand","embeddable":true,"href":"https:\/\/pdrtools.ch\/pl\/wp-json\/wp\/v2\/product_brand?post=10934"},{"taxonomy":"product_cat","embeddable":true,"href":"https:\/\/pdrtools.ch\/pl\/wp-json\/wp\/v2\/product_cat?post=10934"},{"taxonomy":"product_tag","embeddable":true,"href":"https:\/\/pdrtools.ch\/pl\/wp-json\/wp\/v2\/product_tag?post=10934"}],"curies":[{"name":"wp","href":"https:\/\/api.w.org\/{rel}","templated":true}]}}