{"id":10897,"date":"2026-04-12T12:50:01","date_gmt":"2026-04-12T10:50:01","guid":{"rendered":"https:\/\/pdrtools.ch\/?post_type=product&#038;p=10897"},"modified":"2026-04-16T21:41:51","modified_gmt":"2026-04-16T19:41:51","slug":"podwojny-ukladacz","status":"publish","type":"product","link":"https:\/\/pdrtools.ch\/pl\/produkt\/podwojny-ukladacz\/","title":{"rendered":"Podw\u00f3jny uk\u0142adacz"},"content":{"rendered":"<p style=\"line-height: 1.2;\"><strong style=\"font-size: 20px;\"><img data-opt-id=321513990  fetchpriority=\"high\" decoding=\"async\" class=\"size-medium wp-image-9868 alignright\" src=\"https:\/\/mlzzjckobjnb.i.optimole.com\/w:300\/h:400\/q:mauto\/f:best\/https:\/\/pdrtools.ch\/wp-content\/uploads\/\/IMG_6832.jpeg\" alt=\"\" width=\"300\" height=\"400\" srcset=\"https:\/\/mlzzjckobjnb.i.optimole.com\/w:300\/h:400\/q:mauto\/f:best\/https:\/\/pdrtools.ch\/wp-content\/uploads\/IMG_6832-scaled.jpeg 300w, https:\/\/mlzzjckobjnb.i.optimole.com\/w:600\/h:800\/q:mauto\/f:best\/https:\/\/pdrtools.ch\/wp-content\/uploads\/IMG_6832-scaled.jpeg 600w, https:\/\/mlzzjckobjnb.i.optimole.com\/w:768\/h:1024\/q:mauto\/f:best\/https:\/\/pdrtools.ch\/wp-content\/uploads\/IMG_6832-scaled.jpeg 768w, https:\/\/mlzzjckobjnb.i.optimole.com\/w:1152\/h:1536\/q:mauto\/f:best\/https:\/\/pdrtools.ch\/wp-content\/uploads\/IMG_6832-scaled.jpeg 1152w, https:\/\/mlzzjckobjnb.i.optimole.com\/w:1536\/h:2048\/q:mauto\/f:best\/https:\/\/pdrtools.ch\/wp-content\/uploads\/IMG_6832-scaled.jpeg 1536w, https:\/\/mlzzjckobjnb.i.optimole.com\/w:1200\/h:1600\/q:mauto\/f:best\/https:\/\/pdrtools.ch\/wp-content\/uploads\/IMG_6832-scaled.jpeg 1200w, https:\/\/mlzzjckobjnb.i.optimole.com\/w:1920\/h:2560\/q:mauto\/f:best\/https:\/\/pdrtools.ch\/wp-content\/uploads\/IMG_6832-scaled.jpeg 1920w, https:\/\/mlzzjckobjnb.i.optimole.com\/w:1920\/h:2560\/q:mauto\/f:best\/dpr:2\/https:\/\/pdrtools.ch\/wp-content\/uploads\/IMG_6832-scaled.jpeg 2x\" sizes=\"(max-width: 300px) 100vw, 300px\" \/>Tab Tower &#8211; podw\u00f3jny uk\u0142adacz<\/strong><br \/>\n<span style=\"font-size: 14px; opacity: 0.7;\">Wi\u0119cej kart. Wi\u0119ksza kontrola. <\/span><\/p>\n<p data-start=\"208\" data-end=\"268\">Ulepsz sw\u00f3j Tab Tower &#8211; dzi\u0119ki<strong data-start=\"249\" data-end=\"267\"> Double Stacker<\/strong>.<\/p>\n<p data-start=\"270\" data-end=\"443\">Ten sprytny dodatek rozszerza Tab Tower o dodatkowy poziom na jeszcze wi\u0119cej kart &#8211; kompaktowo schowany wewn\u0105trz i \u0142atwy do wyci\u0105gni\u0119cia i zatrza\u015bni\u0119cia w razie potrzeby.<\/p>\n<p data-start=\"445\" data-end=\"596\">Podw\u00f3jny uk\u0142adacz oferuje 5 dodatkowych gniazd i zapewnia jeszcze wi\u0119kszy wyb\u00f3r na wyci\u0105gni\u0119cie r\u0119ki &#8211; bez zajmowania dodatkowej przestrzeni.<\/p>\n<p data-start=\"598\" data-end=\"873\">A je\u015bli si\u0119 spieszysz:<br data-start=\"628\" data-end=\"631\">Po prostu zdejmij i u\u017cywaj w podr\u00f3\u017cy bez konieczno\u015bci zabierania ze sob\u0105 ca\u0142ej wie\u017cy z zak\u0142adkami.<br data-start=\"723\" data-end=\"726\">Dzi\u0119ki zintegrowanemu magnesowi w podstawie Double Stacker bezpiecznie przylega do metalowych powierzchni &#8211; idealny do szybkiego rozmieszczania bezpo\u015brednio w poje\u017adzie.<\/p>\n<p data-start=\"752\" data-end=\"787\"><strong data-start=\"752\" data-end=\"787\">Uzbr\u00f3j sw\u00f3j Tab Tower. B\u0105d\u017a przygotowany! <\/strong><\/p>\n<p data-start=\"789\" data-end=\"1108\"><strong data-start=\"789\" data-end=\"802\">Cechy:<\/strong><br data-start=\"802\" data-end=\"805\">&#8211; <strong data-start=\"938\" data-end=\"956\">Konstrukcja 2 w 1:<\/strong> mo\u017ce by\u0107 schowany kompaktowo lub roz\u0142o\u017cony<br data-start=\"998\" data-end=\"1001\">&#8211; <strong data-start=\"1003\" data-end=\"1027\">5 dodatkowych gniazd:<\/strong> Wi\u0119cej zak\u0142adek, wi\u0119ksza wydajno\u015b\u0107<br data-start=\"1053\" data-end=\"1056\">&#8211; <strong data-start=\"1058\" data-end=\"1082\">Mechanizm blokuj\u0105cy:<\/strong> Pewne trzymanie podczas u\u017cytkowania<br data-start=\"1107\" data-end=\"1110\">&#8211; <strong data-start=\"1112\" data-end=\"1139\">Magnetyczna podstawka:<\/strong> Pewne trzymanie na metalowych powierzchniach<br \/>\n&#8211; <strong>4 silikonowe n\u00f3\u017cki: <\/strong>Dla bezpiecznego trzymania na wszystkich powierzchniach<br \/>\n&#8211; <strong data-start=\"1187\" data-end=\"1207\">Modu\u0142owa konstrukcja:<\/strong> Idealne rozszerzenie wie\u017cy zak\u0142adek<br data-start=\"1248\" data-end=\"1251\">&#8211; <strong data-start=\"1253\" data-end=\"1274\">Mobilne u\u017cytkowanie:<\/strong> Idealny do szybkich lub mniejszych zada\u0144<\/p>\n<p data-start=\"1110\" data-end=\"1146\">Ulepszenie, kt\u00f3re jest natychmiast zauwa\u017calne.<\/p>\n<p data-start=\"1110\" data-end=\"1146\"><em><strong>Uwaga: To akcesorium jest kompatybilne tylko z nowym Tab Tower &#8222;RELOADED&#8221;.<\/strong><\/em><\/p>\n","protected":false},"excerpt":{"rendered":"<p>Double Stacker dodaje 5 dodatkowych gniazd do Tab Tower i mo\u017ce by\u0107 wysuwany lub u\u017cywany jako jednostka mobilna w razie potrzeby &#8211; wi\u0119cej zak\u0142adek, wi\u0119ksza elastyczno\u015b\u0107.<\/p>\n","protected":false},"featured_media":11230,"comment_status":"closed","ping_status":"closed","template":"","meta":[],"product_brand":[],"product_cat":[923],"product_tag":[924],"class_list":{"0":"post-10897","1":"product","2":"type-product","3":"status-publish","4":"has-post-thumbnail","6":"product_cat-tab-tower","7":"product_tag-tab-tower","9":"first","10":"instock","11":"taxable","12":"shipping-taxable","13":"purchasable","14":"product-type-simple"},"_links":{"self":[{"href":"https:\/\/pdrtools.ch\/pl\/wp-json\/wp\/v2\/product\/10897","targetHints":{"allow":["GET"]}}],"collection":[{"href":"https:\/\/pdrtools.ch\/pl\/wp-json\/wp\/v2\/product"}],"about":[{"href":"https:\/\/pdrtools.ch\/pl\/wp-json\/wp\/v2\/types\/product"}],"replies":[{"embeddable":true,"href":"https:\/\/pdrtools.ch\/pl\/wp-json\/wp\/v2\/comments?post=10897"}],"wp:featuredmedia":[{"embeddable":true,"href":"https:\/\/pdrtools.ch\/pl\/wp-json\/wp\/v2\/media\/11230"}],"wp:attachment":[{"href":"https:\/\/pdrtools.ch\/pl\/wp-json\/wp\/v2\/media?parent=10897"}],"wp:term":[{"taxonomy":"product_brand","embeddable":true,"href":"https:\/\/pdrtools.ch\/pl\/wp-json\/wp\/v2\/product_brand?post=10897"},{"taxonomy":"product_cat","embeddable":true,"href":"https:\/\/pdrtools.ch\/pl\/wp-json\/wp\/v2\/product_cat?post=10897"},{"taxonomy":"product_tag","embeddable":true,"href":"https:\/\/pdrtools.ch\/pl\/wp-json\/wp\/v2\/product_tag?post=10897"}],"curies":[{"name":"wp","href":"https:\/\/api.w.org\/{rel}","templated":true}]}}