{"id":10841,"date":"2026-04-12T12:50:51","date_gmt":"2026-04-12T10:50:51","guid":{"rendered":"https:\/\/pdrtools.ch\/?post_type=product&#038;p=10841"},"modified":"2026-04-12T12:50:51","modified_gmt":"2026-04-12T10:50:51","slug":"powalajacy-uchwyt","status":"publish","type":"product","link":"https:\/\/pdrtools.ch\/pl\/produkt\/powalajacy-uchwyt\/","title":{"rendered":"Powalaj\u0105cy uchwyt"},"content":{"rendered":"<p style=\"line-height: 1.2;\"><strong style=\"font-size: 20px;\">Tab Tower &#8211; klips blokuj\u0105cy<\/strong><br \/>\n<span style=\"font-size: 14px; letter-spacing: 1px; opacity: 0.8;\">LOCK &amp; LOAD<\/span><\/p>\n<p style=\"line-height: 1.2;\"><strong style=\"font-size: 20px;\"><img data-opt-id=1215829770  fetchpriority=\"high\" decoding=\"async\" class=\" wp-image-10292 alignright\" src=\"https:\/\/mlzzjckobjnb.i.optimole.com\/w:533\/h:400\/q:mauto\/f:best\/https:\/\/pdrtools.ch\/wp-content\/uploads\/\/IMG_6905.jpeg\" alt=\"\" width=\"456\" height=\"344\"><\/strong>Dzi\u0119ki Tab Tower &#8211; Knockdown Clip zawsze masz gotowy knockdown &#8211; wystarczy go przypi\u0105\u0107, zatrzasn\u0105\u0107 i zacz\u0105\u0107.<\/p>\n<p data-start=\"397\" data-end=\"582\">W\u0105ska, nasuwana konstrukcja zapewnia bezpieczne mocowanie bezpo\u015brednio na wie\u017cy zak\u0142adek, nie zajmuj\u0105c miejsca i nie przeszkadzaj\u0105c.<br data-start=\"508\" data-end=\"511\">Narz\u0119dzie pozostaje dok\u0142adnie tam, gdzie jest potrzebne &#8211; gotowe do pracy.<\/p>\n<p data-start=\"584\" data-end=\"609\">Zablokuj. Za\u0142aduj. Id\u017a.  <\/p>\n<p data-start=\"611\" data-end=\"924\"><strong data-start=\"611\" data-end=\"624\">Cechy:<\/strong><br data-start=\"624\" data-end=\"627\">&#8211; <strong data-start=\"629\" data-end=\"649\">System wsuwany<\/strong>: Szybki monta\u017c i bezpieczne mocowanie<br data-start=\"685\" data-end=\"688\">&#8211; <strong data-start=\"690\" data-end=\"706\">Smuk\u0142a konstrukcja:<\/strong> Kompaktowy, lekki i dyskretny<br data-start=\"738\" data-end=\"741\">&#8211; <strong data-start=\"743\" data-end=\"761\">Bezpieczne mocowanie:<\/strong> Do str\u0105ce\u0144 o \u015brednicy do ok. 14,5 mm<br data-start=\"808\" data-end=\"811\">&#8211; <strong data-start=\"813\" data-end=\"834\">Bezpo\u015bredni dost\u0119p:<\/strong> Bez wyszukiwania &#8211; natychmiast gotowy do u\u017cycia<br data-start=\"869\" data-end=\"872\">&#8211; <strong data-start=\"874\" data-end=\"892\">Solidna konstrukcja:<\/strong> Do codziennego u\u017cytku PDR<\/p>\n<p data-start=\"926\" data-end=\"979\"><strong>Dost\u0119pne w kolorach:<\/strong><br data-start=\"940\" data-end=\"943\">Hot Red i Industrial Black<\/p>\n<p data-start=\"926\" data-end=\"979\"><em><strong>Kompatybilny ze wszystkimi wersjami Tab Tower &#8211; w tym ze starszymi generacjami.<\/strong><\/em><\/p>\n","protected":false},"excerpt":{"rendered":"<p><strong data-start=\"1014\" data-end=\"1030\">Lock &amp; Load.<\/strong>  Odbijany klips bezpiecznie utrzymuje narz\u0119dzie na zaczepie &#8211; szybki monta\u017c i natychmiastowa gotowo\u015b\u0107 do u\u017cycia. Nadaje si\u0119 do \u00d8 do ok. 14,5 mm. <\/p>\n","protected":false},"featured_media":10843,"comment_status":"closed","ping_status":"closed","template":"","meta":[],"product_brand":[],"product_cat":[923],"product_tag":[924],"class_list":{"0":"post-10841","1":"product","2":"type-product","3":"status-publish","4":"has-post-thumbnail","6":"product_cat-tab-tower","7":"product_tag-tab-tower","9":"first","10":"instock","11":"taxable","12":"shipping-taxable","13":"purchasable","14":"product-type-variable"},"_links":{"self":[{"href":"https:\/\/pdrtools.ch\/pl\/wp-json\/wp\/v2\/product\/10841","targetHints":{"allow":["GET"]}}],"collection":[{"href":"https:\/\/pdrtools.ch\/pl\/wp-json\/wp\/v2\/product"}],"about":[{"href":"https:\/\/pdrtools.ch\/pl\/wp-json\/wp\/v2\/types\/product"}],"replies":[{"embeddable":true,"href":"https:\/\/pdrtools.ch\/pl\/wp-json\/wp\/v2\/comments?post=10841"}],"wp:featuredmedia":[{"embeddable":true,"href":"https:\/\/pdrtools.ch\/pl\/wp-json\/wp\/v2\/media\/10843"}],"wp:attachment":[{"href":"https:\/\/pdrtools.ch\/pl\/wp-json\/wp\/v2\/media?parent=10841"}],"wp:term":[{"taxonomy":"product_brand","embeddable":true,"href":"https:\/\/pdrtools.ch\/pl\/wp-json\/wp\/v2\/product_brand?post=10841"},{"taxonomy":"product_cat","embeddable":true,"href":"https:\/\/pdrtools.ch\/pl\/wp-json\/wp\/v2\/product_cat?post=10841"},{"taxonomy":"product_tag","embeddable":true,"href":"https:\/\/pdrtools.ch\/pl\/wp-json\/wp\/v2\/product_tag?post=10841"}],"curies":[{"name":"wp","href":"https:\/\/api.w.org\/{rel}","templated":true}]}}