{"id":10830,"date":"2026-04-12T12:51:12","date_gmt":"2026-04-12T10:51:12","guid":{"rendered":"https:\/\/pdrtools.ch\/?post_type=product&#038;p=10830"},"modified":"2026-04-12T12:51:12","modified_gmt":"2026-04-12T10:51:12","slug":"uchwyt-na-butelke-z-rozpylaczem","status":"publish","type":"product","link":"https:\/\/pdrtools.ch\/pl\/produkt\/uchwyt-na-butelke-z-rozpylaczem\/","title":{"rendered":"Uchwyt na butelk\u0119 z rozpylaczem"},"content":{"rendered":"<p style=\"line-height: 1.15; margin-bottom: 0;\"><strong style=\"font-size: 20px;\"><img data-opt-id=823622024  fetchpriority=\"high\" decoding=\"async\" class=\" wp-image-9871 alignright\" src=\"https:\/\/mlzzjckobjnb.i.optimole.com\/w:300\/h:400\/q:mauto\/f:best\/https:\/\/pdrtools.ch\/wp-content\/uploads\/\/IMG_6835.jpeg\" alt=\"\" width=\"258\" height=\"363\">Tab Tower &#8211; Uchwyt na butelk\u0119 z rozpylaczem<\/strong><br \/>\n<span style=\"font-size: 14px; opacity: 0.7;\">Czysty. Gotowe. W zasi\u0119gu r\u0119ki.  <\/span><\/p>\n<p data-start=\"231\" data-end=\"371\">Dzi\u0119ki Tab Tower &#8211; uchwytowi na butelk\u0119 z rozpylaczem, butelka z alkoholem zawsze znajduje si\u0119 dok\u0142adnie tam, gdzie jest potrzebna &#8211; bezpo\u015brednio na Tab Tower.<\/p>\n<p data-start=\"373\" data-end=\"559\">Wystarczy w\u0142o\u017cy\u0107 do wolnego gniazda i od razu rozpocz\u0105\u0107 prac\u0119. Bez szukania, bez si\u0119gania &#8211; wszystko jest pod r\u0119k\u0105, co zapewnia szybk\u0105 i czyst\u0105 prac\u0119 podczas usuwania samoprzylepnych zak\u0142adek. <\/p>\n<p data-start=\"561\" data-end=\"704\">Dost\u0119pny w dw\u00f3ch rozmiarach:<br data-start=\"588\" data-end=\"591\">&#8211; <strong data-start=\"651\" data-end=\"661\">Ma\u0142y:<\/strong> Do butelek o \u015brednicy do ok. 26 mm<br data-start=\"646\" data-end=\"649\">&#8211; <strong data-start=\"651\" data-end=\"661\">Du\u017cy:<\/strong> Do butelek o \u015brednicy do ok. 40 mm<\/p>\n<p data-start=\"706\" data-end=\"1034\">Cechy:<br data-start=\"719\" data-end=\"722\">&#8211; <strong data-start=\"724\" data-end=\"744\">System wsuwany:<\/strong> Pasuje do wolnych szczelin w wie\u017cy zak\u0142adek<br data-start=\"780\" data-end=\"783\">&#8211; <strong data-start=\"785\" data-end=\"806\">Bezpo\u015bredni dost\u0119p:<\/strong> Spray zawsze pod r\u0119k\u0105 podczas pracy<br data-start=\"849\" data-end=\"852\">&#8211; <strong data-start=\"854\" data-end=\"871\">Dwa rozmiary:<\/strong> Dla r\u00f3\u017cnych typ\u00f3w butelek<br data-start=\"906\" data-end=\"909\">&#8211; <strong data-start=\"911\" data-end=\"933\">Czysty przep\u0142yw pracy:<\/strong> Idealny do szybkiego rozpuszczania samoprzylepnych zak\u0142adek<br data-start=\"973\" data-end=\"976\">&#8211; <strong data-start=\"978\" data-end=\"998\">Wytrzyma\u0142y i lekki:<\/strong> Stworzony do codziennego u\u017cytku<\/p>\n<p data-start=\"1036\" data-end=\"1097\">Niewielki dodatek, kt\u00f3ry zauwa\u017calnie przyspiesza prac\u0119.<\/p>\n<p data-start=\"1036\" data-end=\"1097\"><em><strong>Kompatybilny ze wszystkimi wersjami Tab Tower &#8211; w tym ze starszymi generacjami.<\/strong><\/em><\/p>\n","protected":false},"excerpt":{"rendered":"<p>Uchwyt na butelk\u0119 z rozpylaczem jest po prostu wk\u0142adany do Tab Tower i utrzymuje butelk\u0119 z alkoholem w zasi\u0119gu r\u0119ki. Dost\u0119pny dla \u00d8 do 26 mm lub 40 mm. <\/p>\n","protected":false},"featured_media":10835,"comment_status":"closed","ping_status":"closed","template":"","meta":[],"product_brand":[],"product_cat":[923],"product_tag":[924],"class_list":{"0":"post-10830","1":"product","2":"type-product","3":"status-publish","4":"has-post-thumbnail","6":"product_cat-tab-tower","7":"product_tag-tab-tower","9":"first","10":"instock","11":"taxable","12":"shipping-taxable","13":"purchasable","14":"product-type-variable"},"_links":{"self":[{"href":"https:\/\/pdrtools.ch\/pl\/wp-json\/wp\/v2\/product\/10830","targetHints":{"allow":["GET"]}}],"collection":[{"href":"https:\/\/pdrtools.ch\/pl\/wp-json\/wp\/v2\/product"}],"about":[{"href":"https:\/\/pdrtools.ch\/pl\/wp-json\/wp\/v2\/types\/product"}],"replies":[{"embeddable":true,"href":"https:\/\/pdrtools.ch\/pl\/wp-json\/wp\/v2\/comments?post=10830"}],"wp:featuredmedia":[{"embeddable":true,"href":"https:\/\/pdrtools.ch\/pl\/wp-json\/wp\/v2\/media\/10835"}],"wp:attachment":[{"href":"https:\/\/pdrtools.ch\/pl\/wp-json\/wp\/v2\/media?parent=10830"}],"wp:term":[{"taxonomy":"product_brand","embeddable":true,"href":"https:\/\/pdrtools.ch\/pl\/wp-json\/wp\/v2\/product_brand?post=10830"},{"taxonomy":"product_cat","embeddable":true,"href":"https:\/\/pdrtools.ch\/pl\/wp-json\/wp\/v2\/product_cat?post=10830"},{"taxonomy":"product_tag","embeddable":true,"href":"https:\/\/pdrtools.ch\/pl\/wp-json\/wp\/v2\/product_tag?post=10830"}],"curies":[{"name":"wp","href":"https:\/\/api.w.org\/{rel}","templated":true}]}}