{"id":10802,"date":"2026-04-09T16:25:05","date_gmt":"2026-04-09T14:25:05","guid":{"rendered":"https:\/\/pdrtools.ch\/?post_type=product&#038;p=10802"},"modified":"2026-04-12T12:50:44","modified_gmt":"2026-04-12T10:50:44","slug":"smart-divider-knockdown-edition","status":"publish","type":"product","link":"https:\/\/pdrtools.ch\/pl\/produkt\/smart-divider-knockdown-edition\/","title":{"rendered":"Smart Divider &#8211; Knockdown Edition"},"content":{"rendered":"<p style=\"margin-bottom: 5px;\"><span style=\"font-size: 14.4px;\"><img data-opt-id=639990777  fetchpriority=\"high\" decoding=\"async\" class=\" wp-image-10285 alignright\" src=\"https:\/\/mlzzjckobjnb.i.optimole.com\/w:533\/h:400\/q:mauto\/f:best\/https:\/\/pdrtools.ch\/wp-content\/uploads\/\/IMG_6898.jpeg\" alt=\"\" width=\"430\" height=\"333\">The <\/span><strong style=\"font-size: 14.4px;\" data-start=\"252\" data-end=\"301\">Tab Tower &#8211; Smart Divider (Knockdown Edition)<\/strong><span style=\"font-size: 14.4px;\"> zapewnia jeszcze wi\u0119ksz\u0105 struktur\u0119 przep\u0142ywu pracy &#8211; z dodatkowymi funkcjami.<\/span><\/p>\n<p data-start=\"376\" data-end=\"590\">Opr\u00f3cz wypr\u00f3bowanego i przetestowanego podzia\u0142u na kilka przegr\u00f3dek, ta wersja ma zintegrowany uchwyt do obijania, dzi\u0119ki czemu mo\u017cna bezpiecznie przechowywa\u0107 narz\u0119dzia w Tab Tower.<\/p>\n<p data-start=\"592\" data-end=\"692\">Idealny dla ka\u017cdego, kto chce zorganizowa\u0107 swoje najwa\u017cniejsze narz\u0119dzia centralnie &#8211; bez dodatkowych akcesori\u00f3w.<\/p>\n<p data-start=\"694\" data-end=\"1079\"><strong data-start=\"694\" data-end=\"712\">Korzy\u015bci dla u\u017cytkownika:<\/strong><br data-start=\"712\" data-end=\"715\">&#8211; <strong data-start=\"717\" data-end=\"751\">Zintegrowany uchwyt na<\/strong> narz\u0119dzia <strong data-start=\"717\" data-end=\"751\">:<\/strong> Narz\u0119dzia zawsze pod r\u0119k\u0105 i bezpiecznie schowane<br data-start=\"798\" data-end=\"801\">&#8211; <strong data-start=\"803\" data-end=\"825\">Idealne dopasowanie:<\/strong> Opracowany dla Tab Tower Bin<br data-start=\"858\" data-end=\"861\">&#8211; <strong data-start=\"863\" data-end=\"882\">Lepszy przegl\u0105d:<\/strong> Dzieli wn\u0119trze na praktyczne przegr\u00f3dki<br data-start=\"928\" data-end=\"931\">&#8211; <strong data-start=\"933\" data-end=\"958\">Efektywny przep\u0142yw pracy:<\/strong> \u0141\u0105czy organizacj\u0119 i uchwyt na narz\u0119dzia w jednym<br data-start=\"1010\" data-end=\"1013\">&#8211; <strong data-start=\"1015\" data-end=\"1035\">Lekki i wytrzyma\u0142y:<\/strong> \u0141atwy do w\u0142o\u017cenia i wyj\u0119cia w dowolnym momencie<\/p>\n<p data-start=\"1081\" data-end=\"1149\">Dobrze przemy\u015blana aktualizacja zapewniaj\u0105ca jeszcze wi\u0119ksz\u0105 wydajno\u015b\u0107 bezpo\u015brednio w poje\u017adzie.<em data-start=\"173\" data-end=\"198\"> <\/em><\/p>\n<p data-start=\"1081\" data-end=\"1149\"><em><strong>Kompatybilny ze wszystkimi wersjami Tab Tower &#8211; w tym ze starszymi generacjami.<\/strong><\/em><\/p>\n<p style=\"font-size: 12px; opacity: 0.7; margin-top: 10px;\">Uwaga: W zestawie znajduje si\u0119 tylko inteligentny rozdzielacz. Przedstawiony pojemnik (Tab Tower Bin) s\u0142u\u017cy wy\u0142\u0105cznie do cel\u00f3w ilustracyjnych i nie wchodzi w zakres dostawy. <\/p>\n","protected":false},"excerpt":{"rendered":"<p><strong data-start=\"1188\" data-end=\"1225\">Smart Divider (Knockdown Edition)<\/strong> \u0142\u0105czy w sobie kilka przegr\u00f3dek ze zintegrowanym uchwytem na Knockdown &#8211; dla maksymalnej organizacji i szybkiego dost\u0119pu w Tab Tower.<\/p>\n","protected":false},"featured_media":10804,"comment_status":"closed","ping_status":"closed","template":"","meta":[],"product_brand":[],"product_cat":[923],"product_tag":[924],"class_list":{"0":"post-10802","1":"product","2":"type-product","3":"status-publish","4":"has-post-thumbnail","6":"product_cat-tab-tower","7":"product_tag-tab-tower","9":"first","10":"instock","11":"taxable","12":"shipping-taxable","13":"purchasable","14":"product-type-simple"},"_links":{"self":[{"href":"https:\/\/pdrtools.ch\/pl\/wp-json\/wp\/v2\/product\/10802","targetHints":{"allow":["GET"]}}],"collection":[{"href":"https:\/\/pdrtools.ch\/pl\/wp-json\/wp\/v2\/product"}],"about":[{"href":"https:\/\/pdrtools.ch\/pl\/wp-json\/wp\/v2\/types\/product"}],"replies":[{"embeddable":true,"href":"https:\/\/pdrtools.ch\/pl\/wp-json\/wp\/v2\/comments?post=10802"}],"wp:featuredmedia":[{"embeddable":true,"href":"https:\/\/pdrtools.ch\/pl\/wp-json\/wp\/v2\/media\/10804"}],"wp:attachment":[{"href":"https:\/\/pdrtools.ch\/pl\/wp-json\/wp\/v2\/media?parent=10802"}],"wp:term":[{"taxonomy":"product_brand","embeddable":true,"href":"https:\/\/pdrtools.ch\/pl\/wp-json\/wp\/v2\/product_brand?post=10802"},{"taxonomy":"product_cat","embeddable":true,"href":"https:\/\/pdrtools.ch\/pl\/wp-json\/wp\/v2\/product_cat?post=10802"},{"taxonomy":"product_tag","embeddable":true,"href":"https:\/\/pdrtools.ch\/pl\/wp-json\/wp\/v2\/product_tag?post=10802"}],"curies":[{"name":"wp","href":"https:\/\/api.w.org\/{rel}","templated":true}]}}