{"id":10646,"date":"2026-04-09T19:31:32","date_gmt":"2026-04-09T17:31:32","guid":{"rendered":"https:\/\/pdrtools.ch\/produkt\/silikonowa-rekojesc-narzedzia-inline-pick\/"},"modified":"2026-04-09T19:31:32","modified_gmt":"2026-04-09T17:31:32","slug":"silikonowa-rekojesc-narzedzia-inline-pick","status":"publish","type":"product","link":"https:\/\/pdrtools.ch\/pl\/produkt\/silikonowa-rekojesc-narzedzia-inline-pick\/","title":{"rendered":"Silikonowa r\u0119koje\u015b\u0107 &#8211; narz\u0119dzia Inline Pick"},"content":{"rendered":"<p style=\"line-height: 1.2;\"><strong style=\"font-size: 20px;\"><img data-opt-id=1692932983  fetchpriority=\"high\" decoding=\"async\" class=\"size-medium wp-image-9905 alignright\" src=\"https:\/\/mlzzjckobjnb.i.optimole.com\/w:533\/h:400\/q:mauto\/f:best\/https:\/\/pdrtools.ch\/wp-content\/uploads\/\/IMG_6877.jpeg\" alt=\"\" width=\"533\" height=\"400\" srcset=\"https:\/\/mlzzjckobjnb.i.optimole.com\/w:533\/h:400\/q:mauto\/f:best\/https:\/\/pdrtools.ch\/wp-content\/uploads\/IMG_6877-scaled.jpeg 533w, https:\/\/mlzzjckobjnb.i.optimole.com\/w:1067\/h:800\/q:mauto\/f:best\/https:\/\/pdrtools.ch\/wp-content\/uploads\/IMG_6877-scaled.jpeg 1067w, https:\/\/mlzzjckobjnb.i.optimole.com\/w:768\/h:576\/q:mauto\/f:best\/https:\/\/pdrtools.ch\/wp-content\/uploads\/IMG_6877-scaled.jpeg 768w, https:\/\/mlzzjckobjnb.i.optimole.com\/w:1536\/h:1152\/q:mauto\/f:best\/https:\/\/pdrtools.ch\/wp-content\/uploads\/IMG_6877-scaled.jpeg 1536w, https:\/\/mlzzjckobjnb.i.optimole.com\/w:1920\/h:1440\/q:mauto\/f:best\/https:\/\/pdrtools.ch\/wp-content\/uploads\/IMG_6877-scaled.jpeg 2048w, https:\/\/mlzzjckobjnb.i.optimole.com\/w:1200\/h:900\/q:mauto\/f:best\/https:\/\/pdrtools.ch\/wp-content\/uploads\/IMG_6877-scaled.jpeg 1200w, https:\/\/mlzzjckobjnb.i.optimole.com\/w:1920\/h:1440\/q:mauto\/f:best\/dpr:2\/https:\/\/pdrtools.ch\/wp-content\/uploads\/IMG_6877-scaled.jpeg 2x\" sizes=\"(max-width: 533px) 100vw, 533px\" \/>Silikonowy uchwyt Inline Pick<\/strong><br \/>\n<span style=\"font-size: 14px; opacity: 0.7;\">Komfort. Kontrola. Precyzja.  <\/span><\/p>\n<p data-start=\"257\" data-end=\"430\">Silikonowy uchwyt Inline Pick zosta\u0142 opracowany specjalnie dla popularnych narz\u0119dzi Inline Pick firmy Ultra Dent Tools i przenosi komfort i kontrol\u0119 na nowy poziom.<\/p>\n<p data-start=\"432\" data-end=\"595\">Indywidualnie dopasowana nak\u0142adka zapewnia pewny, antypo\u015blizgowy uchwyt i poprawia obs\u0142ug\u0119, umo\u017cliwiaj\u0105c precyzyjn\u0105 prac\u0119 &#8211; szczeg\u00f3lnie w przypadku d\u0142u\u017cszych zastosowa\u0144.<\/p>\n<p data-start=\"597\" data-end=\"768\">Mi\u0119kki silikon wygodnie le\u017cy w d\u0142oni, nie trac\u0105c bezpo\u015bredniego kontaktu z narz\u0119dziem. Daje to pe\u0142n\u0105 kontrol\u0119 nad ruchami przez ca\u0142y czas. <\/p>\n<p data-start=\"770\" data-end=\"867\">Przyci\u0105gaj\u0105ca wzrok powierzchnia w kolorze fluro-czerwonym zapewnia r\u00f3wnie\u017c dobr\u0105 widoczno\u015b\u0107 w obszarze roboczym.<\/p>\n<p data-start=\"869\" data-end=\"1263\">Cechy:<br data-start=\"882\" data-end=\"885\">&#8211; <strong data-start=\"887\" data-end=\"909\">Idealne dopasowanie:<\/strong> Opracowany dla frez\u00f3w Ultra Dent<br data-start=\"953\" data-end=\"956\">&#8211; <strong data-start=\"958\" data-end=\"980\">Lepszy chwyt:<\/strong> Bezpieczna praca bez po\u015blizgu<br data-start=\"1014\" data-end=\"1017\">&#8211; <strong data-start=\"1019\" data-end=\"1036\">Wi\u0119kszy komfort:<\/strong> Zmniejsza zm\u0119czenie podczas d\u0142ugotrwa\u0142ego u\u017cytkowania<br data-start=\"1078\" data-end=\"1081\">&#8211; <strong data-start=\"1083\" data-end=\"1105\">Bezpo\u015brednie sprz\u0119\u017cenie zwrotne:<\/strong> Mi\u0119kka, ale precyzyjna kontrola jest zachowana<br data-start=\"1151\" data-end=\"1154\">&#8211; <strong data-start=\"1156\" data-end=\"1175\">Wsuwana konstrukcja:<\/strong> Szybki monta\u017c, bezpieczne dopasowanie<br data-start=\"1207\" data-end=\"1210\">&#8211; <strong data-start=\"1212\" data-end=\"1232\">Wysoka widoczno\u015b\u0107:<\/strong> Przyci\u0105gaj\u0105ce wzrok wyko\u0144czenie w kolorze fluro red<\/p>\n","protected":false},"excerpt":{"rendered":"<p>Silikonowy uchwyt do frez\u00f3w liniowych Ultra Dent &#8211; poprawia komfort, kontrol\u0119 i przyczepno\u015b\u0107, umo\u017cliwiaj\u0105c precyzyjn\u0105 prac\u0119. W przyci\u0105gaj\u0105cym wzrok kolorze fluro red. <\/p>\n","protected":false},"featured_media":9905,"comment_status":"closed","ping_status":"closed","template":"","meta":[],"product_brand":[],"product_cat":[933],"product_tag":[934],"class_list":{"0":"post-10646","1":"product","2":"type-product","3":"status-publish","4":"has-post-thumbnail","6":"product_cat-akcesoria","7":"product_tag-akcesoria","9":"first","10":"instock","11":"taxable","12":"shipping-taxable","13":"purchasable","14":"product-type-simple"},"_links":{"self":[{"href":"https:\/\/pdrtools.ch\/pl\/wp-json\/wp\/v2\/product\/10646","targetHints":{"allow":["GET"]}}],"collection":[{"href":"https:\/\/pdrtools.ch\/pl\/wp-json\/wp\/v2\/product"}],"about":[{"href":"https:\/\/pdrtools.ch\/pl\/wp-json\/wp\/v2\/types\/product"}],"replies":[{"embeddable":true,"href":"https:\/\/pdrtools.ch\/pl\/wp-json\/wp\/v2\/comments?post=10646"}],"wp:featuredmedia":[{"embeddable":true,"href":"https:\/\/pdrtools.ch\/pl\/wp-json\/wp\/v2\/media\/9905"}],"wp:attachment":[{"href":"https:\/\/pdrtools.ch\/pl\/wp-json\/wp\/v2\/media?parent=10646"}],"wp:term":[{"taxonomy":"product_brand","embeddable":true,"href":"https:\/\/pdrtools.ch\/pl\/wp-json\/wp\/v2\/product_brand?post=10646"},{"taxonomy":"product_cat","embeddable":true,"href":"https:\/\/pdrtools.ch\/pl\/wp-json\/wp\/v2\/product_cat?post=10646"},{"taxonomy":"product_tag","embeddable":true,"href":"https:\/\/pdrtools.ch\/pl\/wp-json\/wp\/v2\/product_tag?post=10646"}],"curies":[{"name":"wp","href":"https:\/\/api.w.org\/{rel}","templated":true}]}}