{"id":10613,"date":"2026-04-12T12:50:22","date_gmt":"2026-04-12T10:50:22","guid":{"rendered":"https:\/\/pdrtools.ch\/?post_type=product&#038;p=10613"},"modified":"2026-04-16T21:41:47","modified_gmt":"2026-04-16T19:41:47","slug":"magnetyczny-uchwyt-koncowki","status":"publish","type":"product","link":"https:\/\/pdrtools.ch\/pl\/produkt\/magnetyczny-uchwyt-koncowki\/","title":{"rendered":"Magnetyczny uchwyt ko\u0144c\u00f3wki"},"content":{"rendered":"<p style=\"line-height: 1.2;\"><strong style=\"font-size: 20px;\"><img data-opt-id=1217603874  fetchpriority=\"high\" decoding=\"async\" class=\"size-medium wp-image-9870 alignright\" src=\"https:\/\/mlzzjckobjnb.i.optimole.com\/w:300\/h:400\/q:mauto\/f:best\/https:\/\/pdrtools.ch\/wp-content\/uploads\/\/IMG_6834.jpeg\" alt=\"\" width=\"300\" height=\"400\" srcset=\"https:\/\/mlzzjckobjnb.i.optimole.com\/w:300\/h:400\/q:mauto\/f:best\/https:\/\/pdrtools.ch\/wp-content\/uploads\/IMG_6834-scaled.jpeg 300w, https:\/\/mlzzjckobjnb.i.optimole.com\/w:600\/h:800\/q:mauto\/f:best\/https:\/\/pdrtools.ch\/wp-content\/uploads\/IMG_6834-scaled.jpeg 600w, https:\/\/mlzzjckobjnb.i.optimole.com\/w:768\/h:1024\/q:mauto\/f:best\/https:\/\/pdrtools.ch\/wp-content\/uploads\/IMG_6834-scaled.jpeg 768w, https:\/\/mlzzjckobjnb.i.optimole.com\/w:1152\/h:1536\/q:mauto\/f:best\/https:\/\/pdrtools.ch\/wp-content\/uploads\/IMG_6834-scaled.jpeg 1152w, https:\/\/mlzzjckobjnb.i.optimole.com\/w:1536\/h:2048\/q:mauto\/f:best\/https:\/\/pdrtools.ch\/wp-content\/uploads\/IMG_6834-scaled.jpeg 1536w, https:\/\/mlzzjckobjnb.i.optimole.com\/w:1200\/h:1600\/q:mauto\/f:best\/https:\/\/pdrtools.ch\/wp-content\/uploads\/IMG_6834-scaled.jpeg 1200w, https:\/\/mlzzjckobjnb.i.optimole.com\/w:1920\/h:2560\/q:mauto\/f:best\/https:\/\/pdrtools.ch\/wp-content\/uploads\/IMG_6834-scaled.jpeg 1920w, https:\/\/mlzzjckobjnb.i.optimole.com\/w:1920\/h:2560\/q:mauto\/f:best\/dpr:2\/https:\/\/pdrtools.ch\/wp-content\/uploads\/IMG_6834-scaled.jpeg 2x\" sizes=\"(max-width: 300px) 100vw, 300px\" \/>Tab Tower &#8211; magnetyczny uchwyt na ko\u0144c\u00f3wki<\/strong><br \/>\n<span style=\"font-size: 14px; opacity: 0.7;\">Pewny chwyt. Szybki chwyt. <\/span><\/p>\n<div>\n<p data-start=\"369\" data-end=\"429\">Przechowuj najwa\u017cniejsze wskaz\u00f3wki tam, gdzie ich potrzebujesz.<\/p>\n<p data-start=\"431\" data-end=\"704\">Magnetyczny uchwyt na ko\u0144c\u00f3wki jest kompaktowym, wsuwanym akcesorium do tab tower i oferuje miejsce na maksymalnie 8 ko\u0144c\u00f3wek PDR ze stalowym gwintem. Dzi\u0119ki wbudowanemu silnemu magnesowi ko\u0144c\u00f3wki pozostaj\u0105 bezpiecznie na miejscu &#8211; nawet podczas poruszania si\u0119 po poje\u017adzie. <\/p>\n<p data-start=\"706\" data-end=\"771\">Koniec z szukaniem, koniec z chaosem. Po prostu chwy\u0107 i zabierz si\u0119 do pracy. <\/p>\n<p data-start=\"773\" data-end=\"867\">Idealny do przechowywania najcz\u0119\u015bciej u\u017cywanych ko\u0144c\u00f3wek w spos\u00f3b uporz\u0105dkowany, widoczny i zawsze pod r\u0119k\u0105.<\/p>\n<hr data-start=\"869\" data-end=\"872\">\n<h3 data-section-id=\"1gft5qz\" data-start=\"874\" data-end=\"891\"><span role=\"text\"><strong data-start=\"878\" data-end=\"891\">Cechy:<\/strong><\/span><\/h3>\n<p data-start=\"892\" data-end=\"1134\">&#8211; Miejsce na maksymalnie 8 ko\u0144c\u00f3wek PDR (ze stalowym gwintem)<br data-start=\"944\" data-end=\"947\">&#8211; Silny magnes zapewnia pewny chwyt<br data-start=\"985\" data-end=\"988\">&#8211; Wsuwana konstrukcja &#8211; szybki monta\u017c i gotowo\u015b\u0107 do u\u017cycia w dowolnym momencie<br data-start=\"1056\" data-end=\"1059\">&#8211; Organizacja i przegl\u0105d podczas pracy<br data-start=\"1101\" data-end=\"1104\">&#8211; Kompaktowy, lekki i wytrzyma\u0142y<\/p>\n<p data-start=\"892\" data-end=\"1134\"><em><strong>Kompatybilny ze wszystkimi wersjami Tab Tower &#8211; w tym ze starszymi generacjami.<\/strong><\/em><\/p>\n<\/div>\n","protected":false},"excerpt":{"rendered":"<p>Magnetyczny wsuwany uchwyt na ko\u0144c\u00f3wki do Tab Tower. Utrzymuje do 8 ko\u0144c\u00f3wek bezpiecznie za pomoc\u0105 silnych magnes\u00f3w &#8211; uporz\u0105dkowane, gotowe do u\u017cycia i idealne do wydajnej pracy. <\/p>\n","protected":false},"featured_media":10616,"comment_status":"closed","ping_status":"closed","template":"","meta":[],"product_brand":[],"product_cat":[923],"product_tag":[924],"class_list":{"0":"post-10613","1":"product","2":"type-product","3":"status-publish","4":"has-post-thumbnail","6":"product_cat-tab-tower","7":"product_tag-tab-tower","9":"first","10":"instock","11":"taxable","12":"shipping-taxable","13":"purchasable","14":"product-type-simple"},"_links":{"self":[{"href":"https:\/\/pdrtools.ch\/pl\/wp-json\/wp\/v2\/product\/10613","targetHints":{"allow":["GET"]}}],"collection":[{"href":"https:\/\/pdrtools.ch\/pl\/wp-json\/wp\/v2\/product"}],"about":[{"href":"https:\/\/pdrtools.ch\/pl\/wp-json\/wp\/v2\/types\/product"}],"replies":[{"embeddable":true,"href":"https:\/\/pdrtools.ch\/pl\/wp-json\/wp\/v2\/comments?post=10613"}],"wp:featuredmedia":[{"embeddable":true,"href":"https:\/\/pdrtools.ch\/pl\/wp-json\/wp\/v2\/media\/10616"}],"wp:attachment":[{"href":"https:\/\/pdrtools.ch\/pl\/wp-json\/wp\/v2\/media?parent=10613"}],"wp:term":[{"taxonomy":"product_brand","embeddable":true,"href":"https:\/\/pdrtools.ch\/pl\/wp-json\/wp\/v2\/product_brand?post=10613"},{"taxonomy":"product_cat","embeddable":true,"href":"https:\/\/pdrtools.ch\/pl\/wp-json\/wp\/v2\/product_cat?post=10613"},{"taxonomy":"product_tag","embeddable":true,"href":"https:\/\/pdrtools.ch\/pl\/wp-json\/wp\/v2\/product_tag?post=10613"}],"curies":[{"name":"wp","href":"https:\/\/api.w.org\/{rel}","templated":true}]}}