{"id":10340,"date":"2026-04-09T17:23:06","date_gmt":"2026-04-09T15:23:06","guid":{"rendered":"https:\/\/pdrtools.ch\/?post_type=product&#038;p=10340"},"modified":"2026-04-10T10:06:13","modified_gmt":"2026-04-10T08:06:13","slug":"gumowe-nakladki-na-aluminiowy-wspornik-maski-kopie","status":"publish","type":"product","link":"https:\/\/pdrtools.ch\/pl\/produkt\/gumowe-nakladki-na-aluminiowy-wspornik-maski-kopie\/","title":{"rendered":"Gumowe nak\u0142adki 22 mm na stojaki maski"},"content":{"rendered":"<p style=\"line-height: 1.2;\"><strong style=\"font-size: 20px;\">Gumowe nak\u0142adki 22 mm na stojaki maski<\/strong><br \/>\n<span style=\"font-size: 14px; opacity: 0.7;\">Chwyt. Ochrona. Zamiennik.  <\/span><\/p>\n<p><img data-opt-id=1433255877  fetchpriority=\"high\" decoding=\"async\" class=\"wp-image-9900 alignright\" src=\"https:\/\/mlzzjckobjnb.i.optimole.com\/w:auto\/h:auto\/q:mauto\/f:best\/https:\/\/pdrtools.ch\/wp-content\/uploads\/IMG_6872-scaled-e1775748986956.jpeg\" alt=\"\" width=\"262\" height=\"340\"><\/p>\n<p data-start=\"278\" data-end=\"395\">Te gumowe za\u015blepki do stojak\u00f3w na mask\u0119 s\u0105 idealnym rozwi\u0105zaniem do wymiany zu\u017cytych lub uszkodzonych za\u015blepek.<\/p>\n<p data-start=\"397\" data-end=\"560\">Opracowane specjalnie dla rur o \u015brednicy 22 mm, zapewniaj\u0105 pewne trzymanie na powierzchniach pojazdu, a jednocze\u015bnie chroni\u0105 przed zadrapaniami lub uszkodzeniami.<\/p>\n<p data-start=\"562\" data-end=\"678\">Wytrzyma\u0142y materia\u0142 zapewnia pewny chwyt i zapobiega \u015blizganiu si\u0119 stojaka podczas pracy.<\/p>\n<p data-start=\"680\" data-end=\"793\">Odpowiedni do popularnych modeli, takich jak<strong data-start=\"716\" data-end=\"724\"> Laka<\/strong> lub Dent Wizard (czarny\/niebieski &#8211; patrz ilustracja).<\/p>\n<p data-start=\"795\" data-end=\"1075\">Cechy:<br data-start=\"808\" data-end=\"811\">&#8211; <strong data-start=\"813\" data-end=\"827\">Idealne dopasowanie:<\/strong> do rur o \u015brednicy 22 mm<br data-start=\"853\" data-end=\"856\">&#8211; <strong data-start=\"858\" data-end=\"876\">Pewny chwyt:<\/strong> antypo\u015blizgowa powierzchnia<br data-start=\"902\" data-end=\"905\">&#8211; <strong data-start=\"907\" data-end=\"929\">Ochrona powierzchni:<\/strong> zapobiega zarysowaniom pojazdu<br data-start=\"960\" data-end=\"963\">&#8211; <strong data-start=\"965\" data-end=\"987\">Solidny materia\u0142:<\/strong> trwa\u0142y i odporny<br data-start=\"1018\" data-end=\"1021\">&#8211; <strong data-start=\"1023\" data-end=\"1038\">Cz\u0119\u015b\u0107 zamienna:<\/strong> idealna w przypadku zu\u017cycia lub zgubienia<\/p>\n<p data-start=\"795\" data-end=\"1075\"><strong>Zakres dostawy: Zestaw z 4 gumowymi nak\u0142adkami<\/strong><\/p>\n<p data-start=\"865\" data-end=\"999\" data-is-last-node=\"\" data-is-only-node=\"\"><em data-start=\"865\" data-end=\"999\" data-is-last-node=\"\">Uwaga: W przypadku wysy\u0142ki do kraj\u00f3w UE mog\u0105 zosta\u0107 poniesione dodatkowe koszty, takie jak op\u0142aty celne lub podatki, poniewa\u017c nasza firma ma siedzib\u0119 w Szwajcarii.<\/em><\/p>\n","protected":false},"excerpt":{"rendered":"<p>Gumowe nak\u0142adki na stojaki maski z rurk\u0105 22 mm &#8211; zapewniaj\u0105 przyczepno\u015b\u0107, chroni\u0105 powierzchnie pojazdu i s\u0105 idealne jako cz\u0119\u015bci zamienne. Zakres dostawy: Zestaw 4 gumowych nak\u0142adek <\/p>\n","protected":false},"featured_media":10375,"comment_status":"closed","ping_status":"closed","template":"","meta":[],"product_brand":[],"product_cat":[933],"product_tag":[943],"class_list":{"0":"post-10340","1":"product","2":"type-product","3":"status-publish","4":"has-post-thumbnail","6":"product_cat-akcesoria","7":"product_tag-wspornik-maski","9":"first","10":"instock","11":"taxable","12":"shipping-taxable","13":"purchasable","14":"product-type-simple"},"_links":{"self":[{"href":"https:\/\/pdrtools.ch\/pl\/wp-json\/wp\/v2\/product\/10340","targetHints":{"allow":["GET"]}}],"collection":[{"href":"https:\/\/pdrtools.ch\/pl\/wp-json\/wp\/v2\/product"}],"about":[{"href":"https:\/\/pdrtools.ch\/pl\/wp-json\/wp\/v2\/types\/product"}],"replies":[{"embeddable":true,"href":"https:\/\/pdrtools.ch\/pl\/wp-json\/wp\/v2\/comments?post=10340"}],"wp:featuredmedia":[{"embeddable":true,"href":"https:\/\/pdrtools.ch\/pl\/wp-json\/wp\/v2\/media\/10375"}],"wp:attachment":[{"href":"https:\/\/pdrtools.ch\/pl\/wp-json\/wp\/v2\/media?parent=10340"}],"wp:term":[{"taxonomy":"product_brand","embeddable":true,"href":"https:\/\/pdrtools.ch\/pl\/wp-json\/wp\/v2\/product_brand?post=10340"},{"taxonomy":"product_cat","embeddable":true,"href":"https:\/\/pdrtools.ch\/pl\/wp-json\/wp\/v2\/product_cat?post=10340"},{"taxonomy":"product_tag","embeddable":true,"href":"https:\/\/pdrtools.ch\/pl\/wp-json\/wp\/v2\/product_tag?post=10340"}],"curies":[{"name":"wp","href":"https:\/\/api.w.org\/{rel}","templated":true}]}}