{"id":5532,"date":"2024-09-23T20:34:12","date_gmt":"2024-09-23T18:34:12","guid":{"rendered":"https:\/\/pdrtools.ch\/cookie-policy-eu\/"},"modified":"2026-04-10T10:13:14","modified_gmt":"2026-04-10T08:13:14","slug":"cookie-policy-eu","status":"publish","type":"page","link":"https:\/\/pdrtools.ch\/pl\/cookie-policy-eu\/","title":{"rendered":"Polityka dotycz\u0105ca plik\u00f3w cookie"},"content":{"rendered":"\n<h2 class=\"wp-block-heading\">Polityka dotycz\u0105ca plik\u00f3w cookie<\/h2>\n\n<p>Niniejsza Polityka dotycz\u0105ca plik\u00f3w cookie zosta\u0142a ostatnio zaktualizowana w dniu 14.01.2026 r. i ma zastosowanie do u\u017cytkownik\u00f3w zamieszka\u0142ych w Szwajcarii i Europejskim Obszarze Gospodarczym (EOG).<\/p>\n\n<hr class=\"wp-block-separator has-alpha-channel-opacity\"\/>\n\n<h2 class=\"wp-block-heading\">1. wprowadzenie<\/h2>\n\n<p>Nasza strona internetowa <strong><a href=\"https:\/\/pdrtools.ch\/pl\/\">https:\/\/pdrtools.ch<\/a><\/strong> wykorzystuje pliki cookie i podobne technologie. Pliki cookie s\u0105 ustawiane zar\u00f3wno przez nas, jak i przez autoryzowanych dostawc\u00f3w zewn\u0119trznych. W niniejszej polityce dotycz\u0105cej plik\u00f3w cookie podajemy informacje o tym, kt\u00f3re pliki cookie s\u0105 u\u017cywane i w jakim celu.  <\/p>\n\n<hr class=\"wp-block-separator has-alpha-channel-opacity\"\/>\n\n<h2 class=\"wp-block-heading\">2 Czym s\u0105 pliki cookie?<\/h2>\n\n<p>Pliki cookie to ma\u0142e pliki tekstowe, kt\u00f3re s\u0105 przechowywane na urz\u0105dzeniu ko\u0144cowym u\u017cytkownika podczas odwiedzania naszej witryny internetowej. Umo\u017cliwiaj\u0105 one korzystanie z podstawowych funkcji i poprawiaj\u0105 przyjazno\u015b\u0107 dla u\u017cytkownika. <\/p>\n\n<hr class=\"wp-block-separator has-alpha-channel-opacity\"\/>\n\n<h2 class=\"wp-block-heading\">3. skrypty i sygna\u0142y nawigacyjne<\/h2>\n\n<p>Skrypty to kod programu, kt\u00f3ry jest niezb\u0119dny do zapewnienia funkcjonalno\u015bci i bezpiecze\u0144stwa strony internetowej.<br\/>Sygna\u0142y nawigacyjne w sieci Web (znaczniki pikselowe) <strong>nie<\/strong> s\u0105 wykorzystywane na naszej stronie internetowej <strong>do cel\u00f3w marketingowych lub \u015bledzenia<\/strong>.<\/p>\n\n<hr class=\"wp-block-separator has-alpha-channel-opacity\"\/>\n\n<h2 class=\"wp-block-heading\">4. rodzaje plik\u00f3w cookie<\/h2>\n\n<h3 class=\"wp-block-heading\">4.1 Niezb\u0119dne technicznie \/ funkcjonalne pliki cookie<\/h3>\n\n<p>Te pliki cookie s\u0105 niezb\u0119dne do prawid\u0142owego funkcjonowania strony internetowej (np. koszyk zakup\u00f3w, j\u0119zyk, bezpiecze\u0144stwo).<br\/>Mog\u0105 by\u0107 ustawiane <strong>bez zgody<\/strong>.<\/p>\n\n<hr class=\"wp-block-separator has-alpha-channel-opacity\"\/>\n\n<h2 class=\"wp-block-heading\">5. wykorzystywane pliki cookie i us\u0142ugi<\/h2>\n\n<h3 class=\"wp-block-heading\">WordPress<\/h3>\n\n<p><strong>Cel:<\/strong> Podstawowe funkcje strony internetowej<br\/><strong>Kategoria:<\/strong> Funkcjonalne<\/p>\n\n<hr class=\"wp-block-separator has-alpha-channel-opacity\"\/>\n\n<h3 class=\"wp-block-heading\">WooCommerce<\/h3>\n\n<p><strong>Cel:<\/strong> Koszyk, proces zam\u00f3wienia, kasa<br\/><strong>Kategoria:<\/strong> Funkcjonalne<\/p>\n\n<hr class=\"wp-block-separator has-alpha-channel-opacity\"\/>\n\n<h3 class=\"wp-block-heading\">WPML<\/h3>\n\n<p><strong>Cel:<\/strong> Zapisanie wybranego j\u0119zyka<br\/><strong>Kategoria:<\/strong> Funkcjonalne<\/p>\n\n<hr class=\"wp-block-separator has-alpha-channel-opacity\"\/>\n\n<h3 class=\"wp-block-heading\">Zgodno\u015b\u0107<\/h3>\n\n<p><strong>Cel:<\/strong> Przechowywanie zgody na pliki cookie<br\/><strong>Kategoria:<\/strong> Funkcjonalne \/ Wymagane prawem<\/p>\n\n<hr class=\"wp-block-separator has-alpha-channel-opacity\"\/>\n\n<h3 class=\"wp-block-heading\">CleanTalk Spam Protect<\/h3>\n\n<p><strong>Cel:<\/strong> Ochrona przed spamem i nadu\u017cyciami<br\/><strong>Kategoria:<\/strong> Funkcjonalne \/ Bezpiecze\u0144stwo<\/p>\n\n<hr class=\"wp-block-separator has-alpha-channel-opacity\"\/>\n\n<h3 class=\"wp-block-heading\">Pasek<\/h3>\n\n<p><strong>Cel:<\/strong> Przetwarzanie p\u0142atno\u015bci<br\/><strong>Kategoria:<\/strong> Funkcjonalne<br\/><em>Uwaga:<\/em> Dane dotycz\u0105ce p\u0142atno\u015bci s\u0105 przetwarzane bezpo\u015brednio przez Stripe. Nie otrzymujemy pe\u0142nych danych karty ani konta. <\/p>\n\n<hr class=\"wp-block-separator has-alpha-channel-opacity\"\/>\n\n<h3 class=\"wp-block-heading\">Inne technicznie niezb\u0119dne pliki cookie<\/h3>\n\n<p><strong>Cel:<\/strong> Zapewnienie dzia\u0142ania technicznego<br\/><strong>Kategoria:<\/strong> Funkcjonalne<\/p>\n\n<hr class=\"wp-block-separator has-alpha-channel-opacity\"\/>\n\n<h2 class=\"wp-block-heading\">6. zgoda<\/h2>\n\n<p>Baner plik\u00f3w cookie jest wy\u015bwietlany przy pierwszej wizycie na naszej stronie internetowej.<br\/>Niezb\u0119dne technicznie pliki cookie s\u0105 ustawiane automatycznie.<br\/>Je\u015bli u\u017cywane s\u0105 inne kategorie, u\u017cytkownik mo\u017ce w dowolnym momencie zmieni\u0107 swoj\u0105 zgod\u0119.<\/p>\n\n<hr class=\"wp-block-separator has-alpha-channel-opacity\"\/>\n\n<h2 class=\"wp-block-heading\">7. zarz\u0105dzanie plikami cookie<\/h2>\n\n<p>Pliki cookie mo\u017cna usun\u0105\u0107 lub zablokowa\u0107 w dowolnym momencie za pomoc\u0105 ustawie\u0144 przegl\u0105darki. Nale\u017cy pami\u0119ta\u0107, \u017ce mo\u017ce to ograniczy\u0107 funkcjonalno\u015b\u0107 witryny. <\/p>\n\n<hr class=\"wp-block-separator has-alpha-channel-opacity\"\/>\n\n<h2 class=\"wp-block-heading\">8 Twoje prawa<\/h2>\n\n<p>Masz prawo do:<\/p>\n\n<ul class=\"wp-block-list\">\n<li>Informacje<\/li>\n\n\n\n<li>Korekta<\/li>\n\n\n\n<li>Anulowanie<\/li>\n\n\n\n<li>Ograniczenie przetwarzania<\/li>\n\n\n\n<li>Cofni\u0119cie zgody<\/li>\n\n\n\n<li>Skarga do w\u0142a\u015bciwego organu ochrony danych<\/li>\n<\/ul>\n\n<p>Wi\u0119cej informacji mo\u017cna znale\u017a\u0107 w naszej <strong>polityce prywatno\u015bci<\/strong>.<\/p>\n\n<hr class=\"wp-block-separator has-alpha-channel-opacity\"\/>\n\n<h2 class=\"wp-block-heading\">9. dane kontaktowe<\/h2>\n\n<p><strong>Balmer Storm Solutions<\/strong><br\/>Schaffhausen, Szwajcaria<br\/>Strona internetowa: <a href=\"https:\/\/pdrtools.ch\/pl\/\">https:\/\/pdrtools.ch<\/a><br\/>E-mail: <a>info@pdrtools.ch<\/a><br\/>Telefon: +41 78 947 43 88<\/p>\n\n<hr class=\"wp-block-separator has-alpha-channel-opacity\"\/>\n\n<h2 class=\"wp-block-heading\">10. synchronizacja<\/h2>\n\n<p>Niniejsza Polityka dotycz\u0105ca plik\u00f3w cookie zosta\u0142a ostatnio sprawdzona i zmieniona w dniu <strong>14\/01\/2026<\/strong>.<\/p>\n\n<p><\/p>\n","protected":false},"excerpt":{"rendered":"<p>Polityka dotycz\u0105ca plik\u00f3w cookie Niniejsza Polityka dotycz\u0105ca plik\u00f3w cookie zosta\u0142a ostatnio zaktualizowana w dniu 14.01.2026 r. i ma zastosowanie do u\u017cytkownik\u00f3w zamieszka\u0142ych w Szwajcarii i Europejskim Obszarze Gospodarczym (EOG). 1. wprowadzenie Nasza strona internetowa https:\/\/pdrtools.ch wykorzystuje pliki cookie i podobne technologie. Pliki cookie s\u0105 ustawiane zar\u00f3wno przez nas, jak i przez autoryzowanych dostawc\u00f3w zewn\u0119trznych. W [&#8230;]\n","protected":false},"author":1,"featured_media":0,"parent":0,"menu_order":0,"comment_status":"closed","ping_status":"closed","template":"","meta":{"footnotes":""},"class_list":["post-5532","page","type-page","status-publish","hentry"],"_links":{"self":[{"href":"https:\/\/pdrtools.ch\/pl\/wp-json\/wp\/v2\/pages\/5532","targetHints":{"allow":["GET"]}}],"collection":[{"href":"https:\/\/pdrtools.ch\/pl\/wp-json\/wp\/v2\/pages"}],"about":[{"href":"https:\/\/pdrtools.ch\/pl\/wp-json\/wp\/v2\/types\/page"}],"author":[{"embeddable":true,"href":"https:\/\/pdrtools.ch\/pl\/wp-json\/wp\/v2\/users\/1"}],"replies":[{"embeddable":true,"href":"https:\/\/pdrtools.ch\/pl\/wp-json\/wp\/v2\/comments?post=5532"}],"version-history":[{"count":3,"href":"https:\/\/pdrtools.ch\/pl\/wp-json\/wp\/v2\/pages\/5532\/revisions"}],"predecessor-version":[{"id":11021,"href":"https:\/\/pdrtools.ch\/pl\/wp-json\/wp\/v2\/pages\/5532\/revisions\/11021"}],"wp:attachment":[{"href":"https:\/\/pdrtools.ch\/pl\/wp-json\/wp\/v2\/media?parent=5532"}],"curies":[{"name":"wp","href":"https:\/\/api.w.org\/{rel}","templated":true}]}}