{"id":5520,"date":"2024-09-23T20:34:12","date_gmt":"2024-09-23T18:34:12","guid":{"rendered":"https:\/\/pdrtools.ch\/odcisk\/"},"modified":"2026-04-10T10:13:09","modified_gmt":"2026-04-10T08:13:09","slug":"odcisk","status":"publish","type":"page","link":"https:\/\/pdrtools.ch\/pl\/odcisk\/","title":{"rendered":"Nadruk"},"content":{"rendered":"\n<h3 class=\"wp-block-heading\"><strong>Nadruk<\/strong><\/h3>\n\n<p><strong>Balmer Storm Solutions<\/strong><br\/>Sp\u00f3\u0142ka jednoosobowa<\/p>\n\n<p><strong>W\u0142a\u015bciciel:<\/strong><br\/>Dieter Balmer<\/p>\n\n<p><strong>Siedziba sp\u00f3\u0142ki:<\/strong><br\/>Schaffhausen<br\/>Szwajcaria<\/p>\n\n<p><strong>Kontakt:<\/strong><br\/>E-mail: <a href=\"mailto:info@pdrtools.ch\">info@pdrtools.ch<\/a><br\/>Telefon: +41 78 947 43 88<\/p>\n\n<p><strong>Numer identyfikacyjny firmy (UID):<\/strong><br\/>CHE-375.250.746<\/p>\n\n<p><strong>Podatek VAT:<\/strong><br\/>Nr UID\/MWST: CHE-375.250.746<\/p>\n\n<p><strong>Odpowiedzialny za tre\u015b\u0107 tej strony internetowej:<\/strong><br\/>Dieter Balmer<\/p>\n\n<p>Nie jeste\u015bmy zobowi\u0105zani ani ch\u0119tni do udzia\u0142u w post\u0119powaniu rozstrzygaj\u0105cym spory przed konsumenckim organem arbitra\u017cowym.<\/p>\n","protected":false},"excerpt":{"rendered":"<p>Nadruk Balmer Storm SolutionsSp\u00f3\u0142ka jednoosobowa W\u0142a\u015bciciel:Dieter Balmer Siedziba sp\u00f3\u0142ki:SchaffhausenSzwajcaria Kontakt:E-mail: info@pdrtools.chTelefon: +41 78 947 43 88 Numer identyfikacyjny firmy (UID):CHE-375.250.746 Podatek VAT:Nr UID\/MWST: CHE-375.250.746 Odpowiedzialny za tre\u015b\u0107 tej strony internetowej:Dieter Balmer Nie jeste\u015bmy zobowi\u0105zani ani ch\u0119tni do udzia\u0142u w post\u0119powaniu rozstrzygaj\u0105cym spory przed konsumenckim organem arbitra\u017cowym.<\/p>\n","protected":false},"author":1,"featured_media":0,"parent":0,"menu_order":0,"comment_status":"closed","ping_status":"closed","template":"","meta":{"footnotes":""},"class_list":["post-5520","page","type-page","status-publish","hentry"],"_links":{"self":[{"href":"https:\/\/pdrtools.ch\/pl\/wp-json\/wp\/v2\/pages\/5520","targetHints":{"allow":["GET"]}}],"collection":[{"href":"https:\/\/pdrtools.ch\/pl\/wp-json\/wp\/v2\/pages"}],"about":[{"href":"https:\/\/pdrtools.ch\/pl\/wp-json\/wp\/v2\/types\/page"}],"author":[{"embeddable":true,"href":"https:\/\/pdrtools.ch\/pl\/wp-json\/wp\/v2\/users\/1"}],"replies":[{"embeddable":true,"href":"https:\/\/pdrtools.ch\/pl\/wp-json\/wp\/v2\/comments?post=5520"}],"version-history":[{"count":2,"href":"https:\/\/pdrtools.ch\/pl\/wp-json\/wp\/v2\/pages\/5520\/revisions"}],"predecessor-version":[{"id":11015,"href":"https:\/\/pdrtools.ch\/pl\/wp-json\/wp\/v2\/pages\/5520\/revisions\/11015"}],"wp:attachment":[{"href":"https:\/\/pdrtools.ch\/pl\/wp-json\/wp\/v2\/media?parent=5520"}],"curies":[{"name":"wp","href":"https:\/\/api.w.org\/{rel}","templated":true}]}}