{"id":10550,"date":"2021-04-12T15:35:47","date_gmt":"2021-04-12T13:35:47","guid":{"rendered":"https:\/\/pdrtools.ch\/o-nas\/"},"modified":"2026-04-10T10:03:29","modified_gmt":"2026-04-10T08:03:29","slug":"o-nas","status":"publish","type":"page","link":"https:\/\/pdrtools.ch\/pl\/o-nas\/","title":{"rendered":"O nas"},"content":{"rendered":"\n\n\t<section class=\"section\" id=\"section_1094764717\">\n\t\t<div class=\"section-bg fill\" >\n\t\t\t\t\t\t\t\t\t\n\t\t\t\n\n\t\t<\/div>\n\n\t\t\n\n\t\t<div class=\"section-content relative\">\n\t\t\t\n\n\t<div id=\"gap-1881191198\" class=\"gap-element clearfix\" style=\"display:block; height:auto;\">\n\t\t\n<style>\n#gap-1881191198 {\n  padding-top: 55px;\n}\n<\/style>\n\t<\/div>\n\t\n\n<div class=\"row align-center\"  id=\"row-1775470650\">\n\n\n\t<div id=\"col-2094643179\" class=\"col medium-8 small-12 large-9\"  >\n\t\t\t\t<div class=\"col-inner text-center\"  >\n\t\t\t\n\t\t\t\n\n\t<div id=\"text-3883698398\" class=\"text\">\n\t\t\n\n<h1>\n<\/span>Nasza historia<\/h1>\n\t\t\n<style>\n#text-3883698398 {\n  font-size: 1.5rem;\n  color: rgb(255, 0, 0);\n}\n#text-3883698398 > * {\n  color: rgb(255, 0, 0);\n}\n<\/style>\n\t<\/div>\n\t\n\t<div id=\"text-2066071654\" class=\"text\">\n\t\t\n\n<p data-start=\"237\" data-end=\"543\"><strong data-start=\"237\" data-end=\"254\">BSS PDR Tools<\/strong> to zaawansowane akcesoria i sprytne rozwi\u0105zania dla technologii bezlakierowego usuwania wgniece\u0144 (PDR) i przemys\u0142u motoryzacyjnego. Naszym celem jest opracowywanie narz\u0119dzi, kt\u00f3re sprawiaj\u0105, \u017ce codzienna praca profesjonalist\u00f3w PDR, warsztat\u00f3w i warsztat\u00f3w blacharskich jest bardziej wydajna, bezpieczniejsza i wygodniejsza. <\/p>\n<p data-start=\"545\" data-end=\"917\">\u0141\u0105czymy nowoczesne techniki produkcyjne, takie jak druk 3D, z wieloletnim do\u015bwiadczeniem w bran\u017cy, aby tworzy\u0107 produkty, kt\u00f3re imponuj\u0105 w praktyce &#8211; od funkcjonalnych akcesori\u00f3w i specjalnych uchwyt\u00f3w po niestandardowe cz\u0119\u015bci silikonowe i os\u0142ony ochronne. Nasze rozwi\u0105zania powstaj\u0105 bezpo\u015brednio z codziennej praktyki warsztatowej i s\u0105 stale ulepszane i rozbudowywane. <\/p>\n<p data-start=\"919\" data-end=\"1072\">Nasi klienci korzystaj\u0105 z wypr\u00f3bowanych i przetestowanych rozwi\u0105za\u0144, szybkiej dost\u0119pno\u015bci i niezawodnego sklepu internetowego z naciskiem na jako\u015b\u0107 i innowacje.<\/p>\n\t\t\n<style>\n#text-2066071654 {\n  text-align: left;\n}\n<\/style>\n\t<\/div>\n\t\n\n\t\t<\/div>\n\t\t\t\t\t<\/div>\n\n\t\n\n<\/div>\n\n\t\t<\/div>\n\n\t\t\n<style>\n#section_1094764717 {\n  padding-top: 5px;\n  padding-bottom: 5px;\n  background-color: rgb(66, 66, 66);\n}\n<\/style>\n\t<\/section>\n\t\n\n","protected":false},"excerpt":{"rendered":"","protected":false},"author":1,"featured_media":0,"parent":0,"menu_order":0,"comment_status":"closed","ping_status":"closed","template":"page-blank.php","meta":{"footnotes":""},"class_list":["post-10550","page","type-page","status-publish","hentry"],"_links":{"self":[{"href":"https:\/\/pdrtools.ch\/pl\/wp-json\/wp\/v2\/pages\/10550","targetHints":{"allow":["GET"]}}],"collection":[{"href":"https:\/\/pdrtools.ch\/pl\/wp-json\/wp\/v2\/pages"}],"about":[{"href":"https:\/\/pdrtools.ch\/pl\/wp-json\/wp\/v2\/types\/page"}],"author":[{"embeddable":true,"href":"https:\/\/pdrtools.ch\/pl\/wp-json\/wp\/v2\/users\/1"}],"replies":[{"embeddable":true,"href":"https:\/\/pdrtools.ch\/pl\/wp-json\/wp\/v2\/comments?post=10550"}],"version-history":[{"count":3,"href":"https:\/\/pdrtools.ch\/pl\/wp-json\/wp\/v2\/pages\/10550\/revisions"}],"predecessor-version":[{"id":10588,"href":"https:\/\/pdrtools.ch\/pl\/wp-json\/wp\/v2\/pages\/10550\/revisions\/10588"}],"wp:attachment":[{"href":"https:\/\/pdrtools.ch\/pl\/wp-json\/wp\/v2\/media?parent=10550"}],"curies":[{"name":"wp","href":"https:\/\/api.w.org\/{rel}","templated":true}]}}