{"id":10532,"date":"2021-04-12T15:36:54","date_gmt":"2021-04-12T13:36:54","guid":{"rendered":"https:\/\/pdrtools.ch\/skontaktuj-sie-z-nami\/"},"modified":"2026-04-10T10:03:14","modified_gmt":"2026-04-10T08:03:14","slug":"skontaktuj-sie-z-nami","status":"publish","type":"page","link":"https:\/\/pdrtools.ch\/pl\/skontaktuj-sie-z-nami\/","title":{"rendered":"Skontaktuj si\u0119 z nami"},"content":{"rendered":"\n\n\t<section class=\"section\" id=\"section_1916853395\">\n\t\t<div class=\"section-bg fill\" >\n\t\t\t\t\t\t\t\t\t\n\t\t\t\n\n\t\t<\/div>\n\n\t\t\n\n\t\t<div class=\"section-content relative\">\n\t\t\t\n\n\t<div id=\"gap-708277075\" class=\"gap-element clearfix\" style=\"display:block; height:auto;\">\n\t\t\n<style>\n#gap-708277075 {\n  padding-top: 55px;\n}\n<\/style>\n\t<\/div>\n\t\n\n<div class=\"row align-center\"  id=\"row-1094634207\">\n\n\n\t<div id=\"col-1975791910\" class=\"col medium-8 small-12 large-8\"  >\n\t\t\t\t<div class=\"col-inner text-center\"  >\n\t\t\t\n\t\t\t\n\n\t<div id=\"text-3601676925\" class=\"text\">\n\t\t\n\n<h1>Skontaktuj si\u0119 z nami<\/h1>\n\t\t\n<style>\n#text-3601676925 {\n  font-size: 1.5rem;\n  color: rgb(255, 0, 0);\n}\n#text-3601676925 > * {\n  color: rgb(255, 0, 0);\n}\n<\/style>\n\t<\/div>\n\t\n<p>Masz pomys\u0142 na nowe narz\u0119dzie lub potrzebujesz niestandardowego rozwi\u0105zania? A mo\u017ce masz pytania dotycz\u0105ce moich produkt\u00f3w?   <\/p>\n<p>Nie wahaj si\u0119 ze mn\u0105 skontaktowa\u0107! Mo\u017cesz wys\u0142a\u0107 mi wiadomo\u015b\u0107 w dowolnym momencie, korzystaj\u0105c z poni\u017cszego formularza. Z niecierpliwo\u015bci\u0105 czekam na pomoc i wsp\u00f3lne opracowywanie innowacyjnych rozwi\u0105za\u0144.  <\/p>\n\n\t\t<\/div>\n\t\t\t\t\t<\/div>\n\n\t\n\n<\/div>\n\n\t\t<\/div>\n\n\t\t\n<style>\n#section_1916853395 {\n  padding-top: 5px;\n  padding-bottom: 5px;\n  background-color: rgb(0,0,0);\n}\n<\/style>\n\t<\/section>\n\t\n<div class=\"is-divider divider clearfix\" style=\"margin-top:1.0px;margin-bottom:1.0px;max-width:100%;height:1px;background-color:rgb(237, 237, 237);\"><\/div>\n\n\n\t<section class=\"section\" id=\"section_352625943\">\n\t\t<div class=\"section-bg fill\" >\n\t\t\t\t\t\t\t\t\t\n\t\t\t\n\n\t\t<\/div>\n\n\t\t\n\n\t\t<div class=\"section-content relative\">\n\t\t\t\n\n<div class=\"row row-collapse align-center\"  id=\"row-17205794\">\n\n\n\t<div id=\"col-471846730\" class=\"col medium-10 small-10 large-10\"  >\n\t\t\t\t<div class=\"col-inner text-left\"  >\n\t\t\t\n\t\t\t\n\n\t<div id=\"gap-912441241\" class=\"gap-element clearfix\" style=\"display:block; height:auto;\">\n\t\t\n<style>\n#gap-912441241 {\n  padding-top: 30px;\n}\n@media (min-width:550px) {\n  #gap-912441241 {\n    padding-top: 40px;\n  }\n}\n<\/style>\n\t<\/div>\n\t\n\n\n\t\t<\/div>\n\t\t\t\t\t<\/div>\n\n\t\n\n\n<style>\n#row-17205794 > .col > .col-inner {\n  background-color: rgb(0,0,0);\n}\n<\/style>\n<\/div>\n<div class=\"row align-center\"  id=\"row-105992237\">\n\n\n\t<div id=\"col-1840088478\" class=\"col medium-11 small-12 large-8\"  >\n\t\t\t\t<div class=\"col-inner\" style=\"background-color:rgb(62, 62, 62);\" >\n\t\t\t\n\t\t\t\n\n\n<div class=\"wpcf7 no-js\" id=\"wpcf7-f4957-o1\" lang=\"pl-PL\" dir=\"ltr\" data-wpcf7-id=\"4957\">\n<div class=\"screen-reader-response\"><p role=\"status\" aria-live=\"polite\" aria-atomic=\"true\"><\/p> <ul><\/ul><\/div>\n<form action=\"\/pl\/wp-json\/wp\/v2\/pages\/10532#wpcf7-f4957-o1\" method=\"post\" class=\"wpcf7-form init\" aria-label=\"Formularz kontaktowy\" novalidate=\"novalidate\" data-status=\"init\">\n<fieldset class=\"hidden-fields-container\"><input type=\"hidden\" name=\"_wpcf7\" value=\"4957\" \/><input type=\"hidden\" name=\"_wpcf7_version\" value=\"6.1.5\" \/><input type=\"hidden\" name=\"_wpcf7_locale\" value=\"pl_PL\" \/><input type=\"hidden\" name=\"_wpcf7_unit_tag\" value=\"wpcf7-f4957-o1\" \/><input type=\"hidden\" name=\"_wpcf7_container_post\" value=\"0\" \/><input type=\"hidden\" name=\"_wpcf7_posted_data_hash\" value=\"\" \/>\n<\/fieldset>\n<p><label>Nazwa *<\/label><br \/>\n<span class=\"wpcf7-form-control-wrap\" data-name=\"kunde-name\"><input size=\"40\" maxlength=\"400\" class=\"wpcf7-form-control wpcf7-text wpcf7-validates-as-required\" aria-required=\"true\" aria-invalid=\"false\" value=\"\" type=\"text\" name=\"kunde-name\" \/><\/span>\n<\/p>\n<p><label>E-mail *<\/label><br \/>\n<span class=\"wpcf7-form-control-wrap\" data-name=\"email\"><input size=\"40\" maxlength=\"400\" class=\"wpcf7-form-control wpcf7-email wpcf7-validates-as-required wpcf7-text wpcf7-validates-as-email\" aria-required=\"true\" aria-invalid=\"false\" value=\"\" type=\"email\" name=\"email\" \/><\/span>\n<\/p>\n<p><label>Wiadomo\u015b\u0107 *<\/label><br \/>\n<span class=\"wpcf7-form-control-wrap\" data-name=\"nachricht\"><textarea cols=\"40\" rows=\"10\" maxlength=\"2000\" class=\"wpcf7-form-control wpcf7-textarea\" aria-invalid=\"false\" name=\"nachricht\"><\/textarea><\/span>\n<\/p>\n<p><input class=\"wpcf7-form-control wpcf7-submit has-spinner button\" type=\"submit\" value=\"Wy\u015blij wiadomo\u015b\u0107\" \/>\n<\/p><div class=\"wpcf7-response-output\" aria-hidden=\"true\"><\/div>\n<\/form>\n<\/div>\n\n\n\n\t\t<\/div>\n\t\t\t\t\n<style>\n#col-1840088478 > .col-inner {\n  padding: 0px 0px 0px 0;\n  border-radius: 6px;\n}\n@media (min-width:850px) {\n  #col-1840088478 > .col-inner {\n    padding: 15px 0px 0px 23px;\n  }\n}\n<\/style>\n\t<\/div>\n\n\t\n\n<\/div>\n\n\t\t<\/div>\n\n\t\t\n<style>\n#section_352625943 {\n  padding-top: 20px;\n  padding-bottom: 20px;\n  background-color: rgb(0,0,0);\n}\n@media (min-width:550px) {\n  #section_352625943 {\n    padding-top: 20px;\n    padding-bottom: 20px;\n  }\n}\n<\/style>\n\t<\/section>\n\t\n\n","protected":false},"excerpt":{"rendered":"","protected":false},"author":1,"featured_media":0,"parent":0,"menu_order":0,"comment_status":"closed","ping_status":"closed","template":"page-blank.php","meta":{"footnotes":""},"class_list":["post-10532","page","type-page","status-publish","hentry"],"_links":{"self":[{"href":"https:\/\/pdrtools.ch\/pl\/wp-json\/wp\/v2\/pages\/10532","targetHints":{"allow":["GET"]}}],"collection":[{"href":"https:\/\/pdrtools.ch\/pl\/wp-json\/wp\/v2\/pages"}],"about":[{"href":"https:\/\/pdrtools.ch\/pl\/wp-json\/wp\/v2\/types\/page"}],"author":[{"embeddable":true,"href":"https:\/\/pdrtools.ch\/pl\/wp-json\/wp\/v2\/users\/1"}],"replies":[{"embeddable":true,"href":"https:\/\/pdrtools.ch\/pl\/wp-json\/wp\/v2\/comments?post=10532"}],"version-history":[{"count":1,"href":"https:\/\/pdrtools.ch\/pl\/wp-json\/wp\/v2\/pages\/10532\/revisions"}],"predecessor-version":[{"id":10533,"href":"https:\/\/pdrtools.ch\/pl\/wp-json\/wp\/v2\/pages\/10532\/revisions\/10533"}],"wp:attachment":[{"href":"https:\/\/pdrtools.ch\/pl\/wp-json\/wp\/v2\/media?parent=10532"}],"curies":[{"name":"wp","href":"https:\/\/api.w.org\/{rel}","templated":true}]}}