{"id":4864,"date":"2024-08-08T19:53:22","date_gmt":"2024-08-08T17:53:22","guid":{"rendered":"https:\/\/pdrtools.ch\/produkt\/blocco-magnetico-per-affilatura\/"},"modified":"2026-04-10T10:06:45","modified_gmt":"2026-04-10T08:06:45","slug":"blocco-magnetico-per-affilatura","status":"publish","type":"product","link":"https:\/\/pdrtools.ch\/it\/produkt\/blocco-magnetico-per-affilatura\/","title":{"rendered":"Blocco di levigatura magnetico"},"content":{"rendered":"<p><img data-opt-id=1406007410  fetchpriority=\"high\" decoding=\"async\" class=\"size-medium wp-image-9885 alignright\" style=\"color: #555555; font-size: 14.4px; font-weight: bold;\" src=\"https:\/\/mlzzjckobjnb.i.optimole.com\/w:283\/h:400\/q:mauto\/f:best\/https:\/\/pdrtools.ch\/wp-content\/uploads\/\/IMG_6857.jpeg\" alt=\"\" width=\"283\" height=\"400\" srcset=\"https:\/\/mlzzjckobjnb.i.optimole.com\/w:283\/h:400\/q:mauto\/f:best\/https:\/\/pdrtools.ch\/wp-content\/uploads\/IMG_6857-scaled.jpeg 283w, https:\/\/mlzzjckobjnb.i.optimole.com\/w:567\/h:800\/q:mauto\/f:best\/https:\/\/pdrtools.ch\/wp-content\/uploads\/IMG_6857-scaled.jpeg 567w, https:\/\/mlzzjckobjnb.i.optimole.com\/w:768\/h:1084\/q:mauto\/f:best\/https:\/\/pdrtools.ch\/wp-content\/uploads\/IMG_6857-scaled.jpeg 768w, https:\/\/mlzzjckobjnb.i.optimole.com\/w:1088\/h:1536\/q:mauto\/f:best\/https:\/\/pdrtools.ch\/wp-content\/uploads\/IMG_6857-scaled.jpeg 1088w, https:\/\/mlzzjckobjnb.i.optimole.com\/w:1451\/h:2048\/q:mauto\/f:best\/https:\/\/pdrtools.ch\/wp-content\/uploads\/IMG_6857-scaled.jpeg 1451w, https:\/\/mlzzjckobjnb.i.optimole.com\/w:1200\/h:1693\/q:mauto\/f:best\/https:\/\/pdrtools.ch\/wp-content\/uploads\/IMG_6857-scaled.jpeg 1200w, https:\/\/mlzzjckobjnb.i.optimole.com\/w:1814\/h:2560\/q:mauto\/f:best\/https:\/\/pdrtools.ch\/wp-content\/uploads\/IMG_6857-scaled.jpeg 1814w, https:\/\/mlzzjckobjnb.i.optimole.com\/w:1814\/h:2560\/q:mauto\/f:best\/dpr:2\/https:\/\/pdrtools.ch\/wp-content\/uploads\/IMG_6857-scaled.jpeg 2x\" sizes=\"(max-width: 283px) 100vw, 283px\" \/><span style=\"font-size: 14.4px;\">Blocco di levigatura magnetico &#8211; Compatto e preciso<\/span><\/p>\n<p data-start=\"143\" data-end=\"362\">Il blocco di levigatura magnetico \u00e8 un accessorio compatto e versatile per i tecnici PDR professionisti &#8211; ora con un <strong data-start=\"284\" data-end=\"329\">magnete pi\u00f9 forte e un design ottimizzato<\/strong> per un lavoro ancora pi\u00f9 efficiente.<\/p>\n<p data-start=\"364\" data-end=\"483\">Con le sue pratiche dimensioni di soli 35 \u00d7 28,5 mm, questo strumento \u00e8 perfetto per lavorare con precisione negli spazi pi\u00f9 ristretti.<\/p>\n<p data-start=\"485\" data-end=\"791\">Un lato \u00e8 dotato di un potente magnete, ideale per identificare rapidamente i tipi di metallo direttamente sul veicolo. Il lato opposto \u00e8 dotato di un morbido cuscinetto in schiuma che trattiene in modo sicuro i supporti abrasivi come i fogli Tolecut e ti permette di lavorare in modo uniforme. <\/p>\n<p data-start=\"793\" data-end=\"1154\"><strong data-start=\"793\" data-end=\"808\">Caratteristiche principali:<\/strong><br data-start=\"808\" data-end=\"811\">&#8211; <strong data-start=\"813\" data-end=\"834\">Magnete pi\u00f9 forte:<\/strong> Rilevamento affidabile del materiale direttamente sul veicolo<br data-start=\"884\" data-end=\"887\">&#8211; <strong data-start=\"889\" data-end=\"912\">Design ottimizzato:<\/strong> migliore maneggevolezza e controllo<br data-start=\"945\" data-end=\"948\">&#8211; <strong data-start=\"950\" data-end=\"969\" data-is-only-node=\"\">Lato morbido del pad:<\/strong> perfetto per i lavori di taglio e levigatura fine<br data-start=\"1015\" data-end=\"1018\">&#8211; <strong data-start=\"1020\" data-end=\"1042\">Design compatto:<\/strong> Ideale per lavori di dettaglio precisi<br data-start=\"1075\" data-end=\"1078\">&#8211; <strong data-start=\"1080\" data-end=\"1106\">Versatile:<\/strong> Prova, leviga e rifinisce in un unico strumento<\/p>\n<p data-start=\"1156\" data-end=\"1238\" data-is-last-node=\"\" data-is-only-node=\"\">Uno strumento piccolo e ben studiato che fa una grande differenza nella vita di tutti i giorni.<\/p>\n<p>&nbsp;<\/p>\n","protected":false},"excerpt":{"rendered":"<p>Questo blocco di levigatura compatto (35 \u00d7 28,5 mm) \u00e8 dotato di un magnete rinforzato per controllare rapidamente i tipi di metallo presenti sul veicolo. Il lato opposto \u00e8 dotato di un morbido cuscinetto in schiuma che tiene saldamente in posizione i fogli abrasivi Tolecut &#8211; ora con un design migliorato per un&#8217;applicazione ancora pi\u00f9 precisa. <\/p>\n","protected":false},"featured_media":10087,"comment_status":"closed","ping_status":"closed","template":"","meta":[],"product_brand":[],"product_cat":[371],"product_tag":[377],"class_list":{"0":"post-4864","1":"product","2":"type-product","3":"status-publish","4":"has-post-thumbnail","6":"product_cat-accessori","7":"product_tag-blocco-di-levigatura","9":"first","10":"instock","11":"taxable","12":"shipping-taxable","13":"purchasable","14":"product-type-simple"},"_links":{"self":[{"href":"https:\/\/pdrtools.ch\/it\/wp-json\/wp\/v2\/product\/4864","targetHints":{"allow":["GET"]}}],"collection":[{"href":"https:\/\/pdrtools.ch\/it\/wp-json\/wp\/v2\/product"}],"about":[{"href":"https:\/\/pdrtools.ch\/it\/wp-json\/wp\/v2\/types\/product"}],"replies":[{"embeddable":true,"href":"https:\/\/pdrtools.ch\/it\/wp-json\/wp\/v2\/comments?post=4864"}],"wp:featuredmedia":[{"embeddable":true,"href":"https:\/\/pdrtools.ch\/it\/wp-json\/wp\/v2\/media\/10087"}],"wp:attachment":[{"href":"https:\/\/pdrtools.ch\/it\/wp-json\/wp\/v2\/media?parent=4864"}],"wp:term":[{"taxonomy":"product_brand","embeddable":true,"href":"https:\/\/pdrtools.ch\/it\/wp-json\/wp\/v2\/product_brand?post=4864"},{"taxonomy":"product_cat","embeddable":true,"href":"https:\/\/pdrtools.ch\/it\/wp-json\/wp\/v2\/product_cat?post=4864"},{"taxonomy":"product_tag","embeddable":true,"href":"https:\/\/pdrtools.ch\/it\/wp-json\/wp\/v2\/product_tag?post=4864"}],"curies":[{"name":"wp","href":"https:\/\/api.w.org\/{rel}","templated":true}]}}