{"id":4763,"date":"2024-08-09T12:31:49","date_gmt":"2024-08-09T10:31:49","guid":{"rendered":"https:\/\/pdrtools.ch\/produkt\/punta-rapida-grande\/"},"modified":"2026-01-03T12:18:18","modified_gmt":"2026-01-03T11:18:18","slug":"punta-rapida-grande","status":"publish","type":"product","link":"https:\/\/pdrtools.ch\/it\/produkt\/punta-rapida-grande\/","title":{"rendered":"Suggerimento rapido &#8211; Grande"},"content":{"rendered":"<p><img data-opt-id=420917386  fetchpriority=\"high\" decoding=\"async\" class=\"alignright wp-image-4422 \" src=\"https:\/\/mlzzjckobjnb.i.optimole.com\/w:533\/h:400\/q:mauto\/f:best\/https:\/\/pdrtools.ch\/wp-content\/uploads\/\/IMG_9272.jpeg\" alt=\"\" width=\"406\" height=\"278\">Organizza i tuoi strumenti PDR come mai prima d&#8217;ora con il portapunte in silicone Quick-Tip! Questo innovativo supporto pu\u00f2 contenere fino a 60 punte PDR ed \u00e8 realizzato in silicone di alta qualit\u00e0, che rende incredibilmente facile l&#8217;inserimento e la rimozione delle punte. Questo accelera il processo di riparazione e aumenta la tua efficienza.  <\/p>\n<p>Il design flessibile in silicone garantisce una presa sicura sia per i puntali normali che per quelli pi\u00f9 piccoli. L&#8217;alloggiamento in plastica fornisce ulteriore stabilit\u00e0 e impedisce alle punte di cadere, mantenendo il tuo carrello degli attrezzi pulito e ordinato. Con dimensioni di 155x125x13 mm e un peso di soli 240 g, il Quick-Tip \u00e8 compatto e robusto e si inserisce perfettamente nel tuo spazio di lavoro senza occupare spazio.  <\/p>\n<p>Disponibile in tre colori vivaci &#8211; giallo, grigio e rosso &#8211; il Quick-Tip aggiunge un tocco personale alla tua cassetta degli attrezzi e garantisce che le punte PDR siano sempre a portata di mano.<\/p>\n<p>Migliora il tuo lavoro di riparazione con Quick-Tip: la soluzione definitiva per l&#8217;efficienza, l&#8217;organizzazione e lo stile in un unico pacchetto.<\/p>\n<p>&nbsp;<\/p>\n","protected":false},"excerpt":{"rendered":"<p>Il portapunte Quick-Tip in silicone offre spazio per un massimo di 60 punte PDR e il suo design flessibile in silicone facilita l&#8217;inserimento e la rimozione delle punte in modo rapido. Grazie alla robusta custodia in plastica, i tuoi strumenti sono sempre organizzati e riposti in modo sicuro. <\/p>\n","protected":false},"featured_media":4764,"comment_status":"closed","ping_status":"closed","template":"","meta":[],"product_brand":[],"product_cat":[359],"product_tag":[360],"class_list":{"0":"post-4763","1":"product","2":"type-product","3":"status-publish","4":"has-post-thumbnail","6":"product_cat-portautensili","7":"product_tag-quicktip-it","9":"first","10":"instock","11":"taxable","12":"shipping-taxable","13":"purchasable","14":"product-type-variable","15":"has-default-attributes"},"_links":{"self":[{"href":"https:\/\/pdrtools.ch\/it\/wp-json\/wp\/v2\/product\/4763","targetHints":{"allow":["GET"]}}],"collection":[{"href":"https:\/\/pdrtools.ch\/it\/wp-json\/wp\/v2\/product"}],"about":[{"href":"https:\/\/pdrtools.ch\/it\/wp-json\/wp\/v2\/types\/product"}],"replies":[{"embeddable":true,"href":"https:\/\/pdrtools.ch\/it\/wp-json\/wp\/v2\/comments?post=4763"}],"wp:featuredmedia":[{"embeddable":true,"href":"https:\/\/pdrtools.ch\/it\/wp-json\/wp\/v2\/media\/4764"}],"wp:attachment":[{"href":"https:\/\/pdrtools.ch\/it\/wp-json\/wp\/v2\/media?parent=4763"}],"wp:term":[{"taxonomy":"product_brand","embeddable":true,"href":"https:\/\/pdrtools.ch\/it\/wp-json\/wp\/v2\/product_brand?post=4763"},{"taxonomy":"product_cat","embeddable":true,"href":"https:\/\/pdrtools.ch\/it\/wp-json\/wp\/v2\/product_cat?post=4763"},{"taxonomy":"product_tag","embeddable":true,"href":"https:\/\/pdrtools.ch\/it\/wp-json\/wp\/v2\/product_tag?post=4763"}],"curies":[{"name":"wp","href":"https:\/\/api.w.org\/{rel}","templated":true}]}}