{"id":11243,"date":"2026-04-15T10:03:49","date_gmt":"2026-04-15T08:03:49","guid":{"rendered":"https:\/\/pdrtools.ch\/?post_type=product&#038;p=11243"},"modified":"2026-04-15T10:24:33","modified_gmt":"2026-04-15T08:24:33","slug":"portabottiglie-spray-kopie","status":"publish","type":"product","link":"https:\/\/pdrtools.ch\/it\/produkt\/portabottiglie-spray-kopie\/","title":{"rendered":"Colla Tomba con coperchio"},"content":{"rendered":"<p style=\"line-height: 1.2; margin-bottom: 6px;\"><strong style=\"font-size: 20px;\">Tab Tower &#8211; Tomba di colla<\/strong><br \/>\n<span style=\"font-size: 15px; font-weight: 500;\">Pulito. Organizzato. Pronti a intervenire.  <\/span><\/p>\n<p style=\"margin-bottom: 12px;\"><img data-opt-id=1949794250  fetchpriority=\"high\" decoding=\"async\" class=\"size-medium wp-image-11254 alignright\" src=\"https:\/\/mlzzjckobjnb.i.optimole.com\/w:533\/h:400\/q:mauto\/f:best\/https:\/\/pdrtools.ch\/wp-content\/uploads\/\/IMG_6918.jpeg\" alt=\"\" width=\"533\" height=\"400\" srcset=\"https:\/\/mlzzjckobjnb.i.optimole.com\/w:533\/h:400\/q:mauto\/f:best\/https:\/\/pdrtools.ch\/wp-content\/uploads\/IMG_6918-scaled.jpeg 533w, https:\/\/mlzzjckobjnb.i.optimole.com\/w:1067\/h:800\/q:mauto\/f:best\/https:\/\/pdrtools.ch\/wp-content\/uploads\/IMG_6918-scaled.jpeg 1067w, https:\/\/mlzzjckobjnb.i.optimole.com\/w:768\/h:576\/q:mauto\/f:best\/https:\/\/pdrtools.ch\/wp-content\/uploads\/IMG_6918-scaled.jpeg 768w, https:\/\/mlzzjckobjnb.i.optimole.com\/w:1536\/h:1152\/q:mauto\/f:best\/https:\/\/pdrtools.ch\/wp-content\/uploads\/IMG_6918-scaled.jpeg 1536w, https:\/\/mlzzjckobjnb.i.optimole.com\/w:1920\/h:1440\/q:mauto\/f:best\/https:\/\/pdrtools.ch\/wp-content\/uploads\/IMG_6918-scaled.jpeg 2048w, https:\/\/mlzzjckobjnb.i.optimole.com\/w:1200\/h:900\/q:mauto\/f:best\/https:\/\/pdrtools.ch\/wp-content\/uploads\/IMG_6918-scaled.jpeg 1200w, https:\/\/mlzzjckobjnb.i.optimole.com\/w:1920\/h:1440\/q:mauto\/f:best\/dpr:2\/https:\/\/pdrtools.ch\/wp-content\/uploads\/IMG_6918-scaled.jpeg 2x\" sizes=\"(max-width: 533px) 100vw, 533px\" \/><\/p>\n<p data-start=\"175\" data-end=\"322\">Con la Tab Tower &#8211; Glue Grave, hai finalmente un posto permanente per i residui di colla, le linguette usate o i piccoli pezzi di scarto, proprio sulla tua Tab Tower.<\/p>\n<p data-start=\"324\" data-end=\"619\">Il pratico contenitore a scorrimento si inserisce semplicemente in una fessura libera e garantisce immediatamente un posto di lavoro pulito e organizzato. Il Glue Grave si rivela davvero perfetto in combinazione con il Double Stacker: tutto rimane compatto, a portata di mano e organizzato. <\/p>\n<p data-start=\"621\" data-end=\"852\">Il coperchio in dotazione pu\u00f2 essere attaccato al lato del contenitore ed \u00e8 quindi sempre disponibile. Quando il contenitore non \u00e8 in uso, pu\u00f2 essere posizionato sopra e viene fissato saldamente in posizione non appena la Tab Tower viene chiusa. <\/p>\n<p data-start=\"854\" data-end=\"1253\"><strong>Caratteristiche:<\/strong><br data-start=\"863\" data-end=\"866\">&#8211; Sistema a scorrimento: si inserisce nelle fessure libere della Tab Tower Reloaded<br data-start=\"928\" data-end=\"931\">&#8211; Flusso di lavoro pulito: ideale per residui adesivi, schede e piccoli scarti<br data-start=\"997\" data-end=\"1000\">&#8211; Coperchio laterale: sempre a portata di mano, non si perde<br data-start=\"1066\" data-end=\"1069\">&#8211; Chiusura sicura: \u00e8 fissato in posizione dal coperchio della Tab Tower<br data-start=\"1133\" data-end=\"1136\">&#8211; Perfetto con l&#8217;impilatore doppio: massima efficienza e ordine<br data-start=\"1196\" data-end=\"1199\">&#8211; Robusto e leggero: fatto per l&#8217;uso quotidiano<\/p>\n<p data-start=\"1255\" data-end=\"1324\">Un piccolo dettaglio che rende il tuo posto di lavoro molto pi\u00f9 pulito.<\/p>\n<p data-start=\"1326\" data-end=\"1386\"><em><strong>Compatibile esclusivamente con il nuovo Tab Tower Reloaded.<\/strong><\/em><\/p>\n<p style=\"line-height: 1.15; margin-bottom: 0;\"><strong style=\"font-size: 20px;\"> <\/strong><\/p>\n","protected":false},"excerpt":{"rendered":"<p>Pratico contenitore a scorrimento per i residui e gli scarti di adesivo &#8211; incluso il coperchio. Per un flusso di lavoro pulito e organizzato sulla Tab Tower Reloaded.  <\/p>\n","protected":false},"featured_media":11271,"comment_status":"closed","ping_status":"closed","template":"","meta":[],"product_brand":[],"product_cat":[925],"product_tag":[410],"class_list":{"0":"post-11243","1":"product","2":"type-product","3":"status-publish","4":"has-post-thumbnail","6":"product_cat-torre-della-linguetta","7":"product_tag-torre-della-linguetta","9":"first","10":"instock","11":"taxable","12":"shipping-taxable","13":"purchasable","14":"product-type-simple"},"_links":{"self":[{"href":"https:\/\/pdrtools.ch\/it\/wp-json\/wp\/v2\/product\/11243","targetHints":{"allow":["GET"]}}],"collection":[{"href":"https:\/\/pdrtools.ch\/it\/wp-json\/wp\/v2\/product"}],"about":[{"href":"https:\/\/pdrtools.ch\/it\/wp-json\/wp\/v2\/types\/product"}],"replies":[{"embeddable":true,"href":"https:\/\/pdrtools.ch\/it\/wp-json\/wp\/v2\/comments?post=11243"}],"wp:featuredmedia":[{"embeddable":true,"href":"https:\/\/pdrtools.ch\/it\/wp-json\/wp\/v2\/media\/11271"}],"wp:attachment":[{"href":"https:\/\/pdrtools.ch\/it\/wp-json\/wp\/v2\/media?parent=11243"}],"wp:term":[{"taxonomy":"product_brand","embeddable":true,"href":"https:\/\/pdrtools.ch\/it\/wp-json\/wp\/v2\/product_brand?post=11243"},{"taxonomy":"product_cat","embeddable":true,"href":"https:\/\/pdrtools.ch\/it\/wp-json\/wp\/v2\/product_cat?post=11243"},{"taxonomy":"product_tag","embeddable":true,"href":"https:\/\/pdrtools.ch\/it\/wp-json\/wp\/v2\/product_tag?post=11243"}],"curies":[{"name":"wp","href":"https:\/\/api.w.org\/{rel}","templated":true}]}}