{"id":10913,"date":"2026-04-12T12:50:01","date_gmt":"2026-04-12T10:50:01","guid":{"rendered":"https:\/\/pdrtools.ch\/?post_type=product&#038;p=10913"},"modified":"2026-04-16T21:41:46","modified_gmt":"2026-04-16T19:41:46","slug":"impilatore-doppio","status":"publish","type":"product","link":"https:\/\/pdrtools.ch\/it\/produkt\/impilatore-doppio\/","title":{"rendered":"Impilatore doppio"},"content":{"rendered":"<p style=\"line-height: 1.2;\"><strong style=\"font-size: 20px;\"><img data-opt-id=321513990  fetchpriority=\"high\" decoding=\"async\" class=\"size-medium wp-image-9868 alignright\" src=\"https:\/\/mlzzjckobjnb.i.optimole.com\/w:300\/h:400\/q:mauto\/f:best\/https:\/\/pdrtools.ch\/wp-content\/uploads\/\/IMG_6832.jpeg\" alt=\"\" width=\"300\" height=\"400\" srcset=\"https:\/\/mlzzjckobjnb.i.optimole.com\/w:300\/h:400\/q:mauto\/f:best\/https:\/\/pdrtools.ch\/wp-content\/uploads\/IMG_6832-scaled.jpeg 300w, https:\/\/mlzzjckobjnb.i.optimole.com\/w:600\/h:800\/q:mauto\/f:best\/https:\/\/pdrtools.ch\/wp-content\/uploads\/IMG_6832-scaled.jpeg 600w, https:\/\/mlzzjckobjnb.i.optimole.com\/w:768\/h:1024\/q:mauto\/f:best\/https:\/\/pdrtools.ch\/wp-content\/uploads\/IMG_6832-scaled.jpeg 768w, https:\/\/mlzzjckobjnb.i.optimole.com\/w:1152\/h:1536\/q:mauto\/f:best\/https:\/\/pdrtools.ch\/wp-content\/uploads\/IMG_6832-scaled.jpeg 1152w, https:\/\/mlzzjckobjnb.i.optimole.com\/w:1536\/h:2048\/q:mauto\/f:best\/https:\/\/pdrtools.ch\/wp-content\/uploads\/IMG_6832-scaled.jpeg 1536w, https:\/\/mlzzjckobjnb.i.optimole.com\/w:1200\/h:1600\/q:mauto\/f:best\/https:\/\/pdrtools.ch\/wp-content\/uploads\/IMG_6832-scaled.jpeg 1200w, https:\/\/mlzzjckobjnb.i.optimole.com\/w:1920\/h:2560\/q:mauto\/f:best\/https:\/\/pdrtools.ch\/wp-content\/uploads\/IMG_6832-scaled.jpeg 1920w, https:\/\/mlzzjckobjnb.i.optimole.com\/w:1920\/h:2560\/q:mauto\/f:best\/dpr:2\/https:\/\/pdrtools.ch\/wp-content\/uploads\/IMG_6832-scaled.jpeg 2x\" sizes=\"(max-width: 300px) 100vw, 300px\" \/>Torre delle linguette &#8211; Impilatore doppio<\/strong><br \/>\n<span style=\"font-size: 14px; opacity: 0.7;\">Pi\u00f9 schede. Pi\u00f9 controllo. <\/span><\/p>\n<p data-start=\"208\" data-end=\"268\">Potenzia la tua Tab Tower con il<strong data-start=\"249\" data-end=\"267\"> Double Stacker<\/strong>.<\/p>\n<p data-start=\"270\" data-end=\"443\">Questo ingegnoso componente aggiuntivo espande la tua Tab Tower con un livello aggiuntivo per un numero ancora maggiore di schede &#8211; riposto in modo compatto all&#8217;interno e facile da estrarre e inserire quando necessario.<\/p>\n<p data-start=\"445\" data-end=\"596\">L&#8217;impilatore doppio offre 5 slot aggiuntivi e ti permette di avere ancora pi\u00f9 scelta a portata di mano, senza occupare spazio.<\/p>\n<p data-start=\"598\" data-end=\"873\">E se hai fretta:<br data-start=\"628\" data-end=\"631\">Puoi semplicemente rimuoverlo e usarlo in movimento senza dover portare con te l&#8217;intera torre di linguette.<br data-start=\"723\" data-end=\"726\">Grazie al magnete integrato nella base, il Double Stacker si attacca saldamente alle superfici metalliche: perfetto per un rapido utilizzo direttamente sul veicolo.<\/p>\n<p data-start=\"752\" data-end=\"787\"><strong data-start=\"752\" data-end=\"787\">Arma la tua Tab Tower. Preparati! <\/strong><\/p>\n<p data-start=\"789\" data-end=\"1108\"><strong data-start=\"789\" data-end=\"802\">Caratteristiche:<\/strong><br data-start=\"802\" data-end=\"805\">&#8211; <strong data-start=\"938\" data-end=\"956\">Design 2-in-1:<\/strong> pu\u00f2 essere riposto in modo compatto o esteso<br data-start=\"998\" data-end=\"1001\">&#8211; <strong data-start=\"1003\" data-end=\"1027\">5 slot aggiuntivi:<\/strong> Pi\u00f9 schede, pi\u00f9 efficienza<br data-start=\"1053\" data-end=\"1056\">&#8211; <strong data-start=\"1058\" data-end=\"1082\">Meccanismo di blocco:<\/strong> tenuta sicura durante l&#8217;uso<br data-start=\"1107\" data-end=\"1110\">&#8211; <strong data-start=\"1112\" data-end=\"1139\">Supporto magnetico:<\/strong> tenuta sicura su superfici metalliche<br \/>\n&#8211; <strong>4 piedini in silicone: <\/strong>Per una presa sicura su tutte le superfici<br \/>\n&#8211; <strong data-start=\"1187\" data-end=\"1207\">Design modulare:<\/strong> estensione perfetta per la tua torre di schede<br data-start=\"1248\" data-end=\"1251\">&#8211; <strong data-start=\"1253\" data-end=\"1274\">Utilizzo mobile:<\/strong> Ideale per lavori veloci o di piccole dimensioni<\/p>\n<p data-start=\"1110\" data-end=\"1146\">Un miglioramento che si nota immediatamente.<\/p>\n<p data-start=\"1110\" data-end=\"1146\"><em><strong>Nota: questo accessorio \u00e8 compatibile solo con il nuovo Tab Tower &#8220;RELOADED&#8221;.<\/strong><\/em><\/p>\n","protected":false},"excerpt":{"rendered":"<p>L&#8217;impilatore doppio aggiunge 5 slot aggiuntivi alla tua Tab Tower e pu\u00f2 essere estratto o utilizzato come unit\u00e0 mobile se necessario: pi\u00f9 schede, pi\u00f9 flessibilit\u00e0.<\/p>\n","protected":false},"featured_media":11228,"comment_status":"closed","ping_status":"closed","template":"","meta":[],"product_brand":[],"product_cat":[925],"product_tag":[410],"class_list":{"0":"post-10913","1":"product","2":"type-product","3":"status-publish","4":"has-post-thumbnail","6":"product_cat-torre-della-linguetta","7":"product_tag-torre-della-linguetta","9":"first","10":"instock","11":"taxable","12":"shipping-taxable","13":"purchasable","14":"product-type-simple"},"_links":{"self":[{"href":"https:\/\/pdrtools.ch\/it\/wp-json\/wp\/v2\/product\/10913","targetHints":{"allow":["GET"]}}],"collection":[{"href":"https:\/\/pdrtools.ch\/it\/wp-json\/wp\/v2\/product"}],"about":[{"href":"https:\/\/pdrtools.ch\/it\/wp-json\/wp\/v2\/types\/product"}],"replies":[{"embeddable":true,"href":"https:\/\/pdrtools.ch\/it\/wp-json\/wp\/v2\/comments?post=10913"}],"wp:featuredmedia":[{"embeddable":true,"href":"https:\/\/pdrtools.ch\/it\/wp-json\/wp\/v2\/media\/11228"}],"wp:attachment":[{"href":"https:\/\/pdrtools.ch\/it\/wp-json\/wp\/v2\/media?parent=10913"}],"wp:term":[{"taxonomy":"product_brand","embeddable":true,"href":"https:\/\/pdrtools.ch\/it\/wp-json\/wp\/v2\/product_brand?post=10913"},{"taxonomy":"product_cat","embeddable":true,"href":"https:\/\/pdrtools.ch\/it\/wp-json\/wp\/v2\/product_cat?post=10913"},{"taxonomy":"product_tag","embeddable":true,"href":"https:\/\/pdrtools.ch\/it\/wp-json\/wp\/v2\/product_tag?post=10913"}],"curies":[{"name":"wp","href":"https:\/\/api.w.org\/{rel}","templated":true}]}}