{"id":9536,"date":"2026-01-03T11:34:05","date_gmt":"2026-01-03T10:34:05","guid":{"rendered":"https:\/\/pdrtools.ch\/produkt\/clip-de-securite-de-rechange-pour-quick-bench\/"},"modified":"2026-01-03T11:34:05","modified_gmt":"2026-01-03T10:34:05","slug":"clip-de-securite-de-rechange-pour-quick-bench","status":"publish","type":"product","link":"https:\/\/pdrtools.ch\/fr\/produkt\/clip-de-securite-de-rechange-pour-quick-bench\/","title":{"rendered":"Clip de s\u00e9curit\u00e9 de rechange pour Quick Bench"},"content":{"rendered":"<p><img data-opt-id=1133314912  fetchpriority=\"high\" decoding=\"async\" class=\" wp-image-9481 alignright\" src=\"https:\/\/mlzzjckobjnb.i.optimole.com\/w:533\/h:400\/q:mauto\/f:best\/https:\/\/pdrtools.ch\/wp-content\/uploads\/\/2.jpeg\" alt=\"\" width=\"390\" height=\"282\">Ce clip de s\u00e9curit\u00e9 de remplacement a \u00e9t\u00e9 sp\u00e9cialement con\u00e7u comme solution de rechange pour le Quick Bench. Il se glisse sur le tube correspondant et sert \u00e0 s\u00e9curiser le Quick Bench de mani\u00e8re fiable pendant le montage. <\/p>\n<p>Par rapport aux solutions traditionnelles, cette pi\u00e8ce est fabriqu\u00e9e en caoutchouc TPU dur de haute qualit\u00e9, ce qui la rend beaucoup plus r\u00e9sistante et durable, tout en \u00e9tant suffisamment flexible pour un montage s\u00fbr.<\/p>\n<p>La couleur vert vif a \u00e9t\u00e9 d\u00e9lib\u00e9r\u00e9ment choisie pour assurer une visibilit\u00e9 maximale &#8211; ainsi, le clip ne passe pas inaper\u00e7u lors du montage et les erreurs de montage sont \u00e9vit\u00e9es.<\/p>\n<h2>Caract\u00e9ristiques<\/h2>\n<ul>\n<li>Pi\u00e8ce de rechange et de mise \u00e0 niveau pour Quick Bench\u2122<\/li>\n<li><span style=\"color: #555555; font-size: 14.4px;\">Fabriqu\u00e9 en caoutchouc TPU dur (robuste, r\u00e9sistant aux chocs, l\u00e9g\u00e8rement flexible)<\/span><\/li>\n<li><span style=\"color: #555555; font-size: 14.4px;\">Haute visibilit\u00e9 gr\u00e2ce \u00e0 la couleur verte voyante<\/span><\/li>\n<li><span style=\"color: #555555; font-size: 14.4px;\">Facile \u00e0 glisser &#8211; aucun outil n\u00e9cessaire<\/span><\/li>\n<li><span style=\"color: #555555; font-size: 14.4px;\">Maintien s\u00fbr lors de l&rsquo;installation du Quick Bench<\/span><\/li>\n<li><span style=\"color: #555555; font-size: 14.4px;\">R\u00e9sistance \u00e0 l&rsquo;usure en atelier et en ext\u00e9rieur<\/span><\/li>\n<\/ul>\n<h2>Avantages<\/h2>\n<ul>\n<li>S\u00e9curit\u00e9 accrue lors de l&rsquo;assemblage<\/li>\n<li><span style=\"color: #555555; font-size: 14.4px;\">Nettement plus visible que les pi\u00e8ces d&rsquo;origine<\/span><\/li>\n<li><span style=\"color: #555555; font-size: 14.4px;\">Plus durable que les solutions plastiques fragiles<\/span><\/li>\n<li><span style=\"color: #555555; font-size: 14.4px;\">Id\u00e9al comme pi\u00e8ce de remplacement ou de sauvegarde<\/span><\/li>\n<\/ul>\n<h4>Remarque importante<\/h4>\n<p>Il s&rsquo;agit d&rsquo;un produit du march\u00e9 secondaire. Quick Bench\u2122 est une marque d\u00e9pos\u00e9e du d\u00e9tenteur des droits respectifs. Ce produit n&rsquo;est pas li\u00e9 au fabricant d&rsquo;origine et remplace uniquement l&rsquo;\u00e9l\u00e9ment de s\u00e9curit\u00e9 correspondant.  <\/p>\n","protected":false},"excerpt":{"rendered":"<p>Fabriqu\u00e9 en TPU robuste et dur, de couleur verte bien visible. Se glisse et s\u00e9curise le Quick Bench de mani\u00e8re fiable lors du montage. Durable, flexible et bien plus visible que les solutions standard.  <\/p>\n","protected":false},"featured_media":9537,"comment_status":"closed","ping_status":"closed","template":"","meta":[],"product_brand":[],"product_cat":[248],"product_tag":[275,915],"class_list":{"0":"post-9536","1":"product","2":"type-product","3":"status-publish","4":"has-post-thumbnail","6":"product_cat-accessoires","7":"product_tag-accessoires-fr","8":"product_tag-quickbench","10":"first","11":"instock","12":"taxable","13":"shipping-taxable","14":"purchasable","15":"product-type-simple"},"_links":{"self":[{"href":"https:\/\/pdrtools.ch\/fr\/wp-json\/wp\/v2\/product\/9536","targetHints":{"allow":["GET"]}}],"collection":[{"href":"https:\/\/pdrtools.ch\/fr\/wp-json\/wp\/v2\/product"}],"about":[{"href":"https:\/\/pdrtools.ch\/fr\/wp-json\/wp\/v2\/types\/product"}],"replies":[{"embeddable":true,"href":"https:\/\/pdrtools.ch\/fr\/wp-json\/wp\/v2\/comments?post=9536"}],"wp:featuredmedia":[{"embeddable":true,"href":"https:\/\/pdrtools.ch\/fr\/wp-json\/wp\/v2\/media\/9537"}],"wp:attachment":[{"href":"https:\/\/pdrtools.ch\/fr\/wp-json\/wp\/v2\/media?parent=9536"}],"wp:term":[{"taxonomy":"product_brand","embeddable":true,"href":"https:\/\/pdrtools.ch\/fr\/wp-json\/wp\/v2\/product_brand?post=9536"},{"taxonomy":"product_cat","embeddable":true,"href":"https:\/\/pdrtools.ch\/fr\/wp-json\/wp\/v2\/product_cat?post=9536"},{"taxonomy":"product_tag","embeddable":true,"href":"https:\/\/pdrtools.ch\/fr\/wp-json\/wp\/v2\/product_tag?post=9536"}],"curies":[{"name":"wp","href":"https:\/\/api.w.org\/{rel}","templated":true}]}}