{"id":4404,"date":"2024-10-30T16:12:36","date_gmt":"2024-10-30T15:12:36","guid":{"rendered":"https:\/\/pdrtools.ch\/produkt\/casquettes-slim-fit-vip-knockdown\/"},"modified":"2026-04-10T10:06:31","modified_gmt":"2026-04-10T08:06:31","slug":"casquettes-slim-fit-vip-knockdown","status":"publish","type":"product","link":"https:\/\/pdrtools.ch\/fr\/produkt\/casquettes-slim-fit-vip-knockdown\/","title":{"rendered":"Slim Fit &#8211; Casquettes VIP Knockdown (Soft\/Hard)"},"content":{"rendered":"<p><strong><img data-opt-id=1493036500  fetchpriority=\"high\" decoding=\"async\" class=\"wp-image-9883 size-medium alignright\" src=\"https:\/\/mlzzjckobjnb.i.optimole.com\/w:533\/h:400\/q:mauto\/f:best\/https:\/\/pdrtools.ch\/wp-content\/uploads\/IMG_6855.jpeg\" alt=\"\" width=\"533\" height=\"400\" srcset=\"https:\/\/mlzzjckobjnb.i.optimole.com\/w:533\/h:400\/q:mauto\/f:best\/https:\/\/pdrtools.ch\/wp-content\/uploads\/IMG_6855-scaled.jpeg 533w, https:\/\/mlzzjckobjnb.i.optimole.com\/w:1067\/h:800\/q:mauto\/f:best\/https:\/\/pdrtools.ch\/wp-content\/uploads\/IMG_6855-scaled.jpeg 1067w, https:\/\/mlzzjckobjnb.i.optimole.com\/w:768\/h:576\/q:mauto\/f:best\/https:\/\/pdrtools.ch\/wp-content\/uploads\/IMG_6855-scaled.jpeg 768w, https:\/\/mlzzjckobjnb.i.optimole.com\/w:1536\/h:1152\/q:mauto\/f:best\/https:\/\/pdrtools.ch\/wp-content\/uploads\/IMG_6855-scaled.jpeg 1536w, https:\/\/mlzzjckobjnb.i.optimole.com\/w:1920\/h:1440\/q:mauto\/f:best\/https:\/\/pdrtools.ch\/wp-content\/uploads\/IMG_6855-scaled.jpeg 2048w, https:\/\/mlzzjckobjnb.i.optimole.com\/w:1200\/h:900\/q:mauto\/f:best\/https:\/\/pdrtools.ch\/wp-content\/uploads\/IMG_6855-scaled.jpeg 1200w, https:\/\/mlzzjckobjnb.i.optimole.com\/w:1920\/h:1440\/q:mauto\/f:best\/dpr:2\/https:\/\/pdrtools.ch\/wp-content\/uploads\/IMG_6855-scaled.jpeg 2x\" sizes=\"(max-width: 533px) 100vw, 533px\" \/><\/strong><\/p>\n<p data-start=\"146\" data-end=\"454\">Les capuchons Slim Fit &#8211; VIP Knockdown sont des accessoires indispensables pour les techniciens PDR professionnels. Ils ont \u00e9t\u00e9 sp\u00e9cialement con\u00e7us pour s&rsquo;adapter parfaitement au VIP Knockdown et offrent une couche de protection suppl\u00e9mentaire qui \u00e9vite les traces ind\u00e9sirables sur les surfaces peintes d\u00e9licates. <\/p>\n<p data-start=\"456\" data-end=\"600\">Gr\u00e2ce \u00e0 leur ajustement pr\u00e9cis, vous conservez \u00e0 tout moment la pleine sensation et le contr\u00f4le de votre outil &#8211; sans compromis sur la pr\u00e9cision.<\/p>\n<p data-start=\"602\" data-end=\"654\"><strong data-start=\"602\" data-end=\"654\">Deux variantes pour des applications diff\u00e9rentes :<\/strong><\/p>\n<p data-start=\"656\" data-end=\"800\">&#8211; <strong data-start=\"658\" data-end=\"674\">Jaune (Soft) :<\/strong><br data-start=\"674\" data-end=\"677\">Caoutchouc souple &#8211; id\u00e9al pour les peintures tr\u00e8s d\u00e9licates et les couleurs sombres, o\u00f9 m\u00eame les plus petites traces sont imm\u00e9diatement visibles.<\/p>\n<p data-start=\"802\" data-end=\"933\">&#8211; <strong data-start=\"804\" data-end=\"820\">Bleu (Hard) :<\/strong><br data-start=\"820\" data-end=\"823\">Mat\u00e9riau plus dur &#8211; particuli\u00e8rement durable et parfaitement adapt\u00e9 \u00e0 l&rsquo;aluminium ainsi qu&rsquo;\u00e0 des travaux de knockdown plus pr\u00e9cis.<\/p>\n<p data-start=\"935\" data-end=\"1065\">Fabriqu\u00e9es dans des mat\u00e9riaux r\u00e9sistants de haute qualit\u00e9, les deux versions offrent des performances fiables pour une utilisation quotidienne.<\/p>\n<p data-start=\"1067\" data-end=\"1188\"><strong data-start=\"1067\" data-end=\"1086\">D\u00e9tails du produit :<\/strong><br data-start=\"1086\" data-end=\"1089\">&#8211; Convient pour VIP Knockdown<br data-start=\"1116\" data-end=\"1119\">&#8211; 20 bouchons par paquet<br data-start=\"1142\" data-end=\"1145\">&#8211; Disponible en Soft (jaune) et Hard (bleu)<\/p>\n<p data-start=\"1190\" data-end=\"1267\">Assurez-vous un contr\u00f4le maximal et une protection optimale \u00e0 chaque r\u00e9paration.<\/p>\n<p><strong> <\/strong><\/p>\n","protected":false},"excerpt":{"rendered":"<p>Les capuchons Slim Fit &#8211; VIP Knockdown prot\u00e8gent efficacement les surfaces peintes sensibles et garantissent un travail pr\u00e9cis sans laisser de traces. Disponibles en <strong data-start=\"217\" data-end=\"232\">jaune (soft)<\/strong> pour les peintures sensibles et les couleurs fonc\u00e9es et en <strong data-start=\"276\" data-end=\"291\">bleu (hard)<\/strong> pour des applications plus durables et plus pr\u00e9cises sur l&rsquo;aluminium par exemple. Convient parfaitement au VIP Knockdown &#8211; en pack pratique de 20.  <\/p>\n","protected":false},"featured_media":9946,"comment_status":"closed","ping_status":"closed","template":"","meta":[],"product_brand":[],"product_cat":[248],"product_tag":[316],"class_list":{"0":"post-4404","1":"product","2":"type-product","3":"status-publish","4":"has-post-thumbnail","6":"product_cat-accessoires","7":"product_tag-casquettes-vip","9":"first","10":"instock","11":"taxable","12":"shipping-taxable","13":"purchasable","14":"product-type-variable"},"_links":{"self":[{"href":"https:\/\/pdrtools.ch\/fr\/wp-json\/wp\/v2\/product\/4404","targetHints":{"allow":["GET"]}}],"collection":[{"href":"https:\/\/pdrtools.ch\/fr\/wp-json\/wp\/v2\/product"}],"about":[{"href":"https:\/\/pdrtools.ch\/fr\/wp-json\/wp\/v2\/types\/product"}],"replies":[{"embeddable":true,"href":"https:\/\/pdrtools.ch\/fr\/wp-json\/wp\/v2\/comments?post=4404"}],"wp:featuredmedia":[{"embeddable":true,"href":"https:\/\/pdrtools.ch\/fr\/wp-json\/wp\/v2\/media\/9946"}],"wp:attachment":[{"href":"https:\/\/pdrtools.ch\/fr\/wp-json\/wp\/v2\/media?parent=4404"}],"wp:term":[{"taxonomy":"product_brand","embeddable":true,"href":"https:\/\/pdrtools.ch\/fr\/wp-json\/wp\/v2\/product_brand?post=4404"},{"taxonomy":"product_cat","embeddable":true,"href":"https:\/\/pdrtools.ch\/fr\/wp-json\/wp\/v2\/product_cat?post=4404"},{"taxonomy":"product_tag","embeddable":true,"href":"https:\/\/pdrtools.ch\/fr\/wp-json\/wp\/v2\/product_tag?post=4404"}],"curies":[{"name":"wp","href":"https:\/\/api.w.org\/{rel}","templated":true}]}}