{"id":4348,"date":"2024-10-20T18:58:14","date_gmt":"2024-10-20T16:58:14","guid":{"rendered":"https:\/\/pdrtools.ch\/?post_type=product&#038;p=4348"},"modified":"2024-10-20T19:21:02","modified_gmt":"2024-10-20T17:21:02","slug":"kit-capuchon-en-silicone-pour-laka-slayer-set","status":"publish","type":"product","link":"https:\/\/pdrtools.ch\/fr\/produkt\/kit-capuchon-en-silicone-pour-laka-slayer-set\/","title":{"rendered":"Kit de bouchons en silicone pour le kit LAKA Slayer"},"content":{"rendered":"<h1>Kit de capuchons en silicone pour le kit LAKA Slayer<\/h1>\n<p>Ce kit sp\u00e9cialement con\u00e7u contient des capuchons en silicone de haute qualit\u00e9 qui s&rsquo;adaptent parfaitement au kit LAKA Slayer. Con\u00e7u pour prolonger la dur\u00e9e de vie de vos pastilles de colle froide et offrir une protection optimale lors de l&rsquo;utilisation. <\/p>\n<h2>Contenu du set LAKA Slayer :<\/h2>\n<ul>\n<li style=\"list-style-type: none;\">\n<ul>\n<li>1x capuchon en silicone de 13mm<\/li>\n<li>1x bouchon en silicone de 19mm<\/li>\n<li>1x capuchon en silicone de 23mm<\/li>\n<li>1x capuchon en silicone de 30mm<\/li>\n<li>1x 42mm capuchon en silicone<\/li>\n<li>1x 56mm capuchon en silicone<\/li>\n<li>1x 21x65mm capuchon en silicone<\/li>\n<\/ul>\n<\/li>\n<\/ul>\n<p>Nos capsules sont durables, flexibles et id\u00e9ales pour une utilisation professionnelle dans le secteur du PDR. Si vous avez besoin de tailles personnalis\u00e9es, nous proposons \u00e9galement des solutions sur mesure. <\/p>\n","protected":false},"excerpt":{"rendered":"<p>Kit de capuchons en silicone sp\u00e9cialement con\u00e7u pour le kit LAKA Slayer, offrant une protection optimale et prolongeant la dur\u00e9e de vie de vos pastilles de colle froide.<\/p>\n","protected":false},"featured_media":4356,"comment_status":"closed","ping_status":"closed","template":"","meta":[],"product_brand":[],"product_cat":[238],"product_tag":[240,294],"class_list":{"0":"post-4348","1":"product","2":"type-product","3":"status-publish","4":"has-post-thumbnail","6":"product_cat-capuchons","7":"product_tag-capuchons-de-colle-a-froid","8":"product_tag-laka-fr","10":"first","11":"instock","12":"sale","13":"taxable","14":"shipping-taxable","15":"purchasable","16":"product-type-simple"},"_links":{"self":[{"href":"https:\/\/pdrtools.ch\/fr\/wp-json\/wp\/v2\/product\/4348","targetHints":{"allow":["GET"]}}],"collection":[{"href":"https:\/\/pdrtools.ch\/fr\/wp-json\/wp\/v2\/product"}],"about":[{"href":"https:\/\/pdrtools.ch\/fr\/wp-json\/wp\/v2\/types\/product"}],"replies":[{"embeddable":true,"href":"https:\/\/pdrtools.ch\/fr\/wp-json\/wp\/v2\/comments?post=4348"}],"wp:featuredmedia":[{"embeddable":true,"href":"https:\/\/pdrtools.ch\/fr\/wp-json\/wp\/v2\/media\/4356"}],"wp:attachment":[{"href":"https:\/\/pdrtools.ch\/fr\/wp-json\/wp\/v2\/media?parent=4348"}],"wp:term":[{"taxonomy":"product_brand","embeddable":true,"href":"https:\/\/pdrtools.ch\/fr\/wp-json\/wp\/v2\/product_brand?post=4348"},{"taxonomy":"product_cat","embeddable":true,"href":"https:\/\/pdrtools.ch\/fr\/wp-json\/wp\/v2\/product_cat?post=4348"},{"taxonomy":"product_tag","embeddable":true,"href":"https:\/\/pdrtools.ch\/fr\/wp-json\/wp\/v2\/product_tag?post=4348"}],"curies":[{"name":"wp","href":"https:\/\/api.w.org\/{rel}","templated":true}]}}