{"id":4319,"date":"2024-10-20T11:21:40","date_gmt":"2024-10-20T09:21:40","guid":{"rendered":"https:\/\/pdrtools.ch\/produkt\/kit-capuchon-en-silicone-pour-glexo-hail-kit\/"},"modified":"2024-10-20T18:57:45","modified_gmt":"2024-10-20T16:57:45","slug":"kit-capuchon-en-silicone-pour-glexo-hail-kit","status":"publish","type":"product","link":"https:\/\/pdrtools.ch\/fr\/produkt\/kit-capuchon-en-silicone-pour-glexo-hail-kit\/","title":{"rendered":"Kit de bouchons en silicone pour Glexo Hail Kit"},"content":{"rendered":"<h1>Kit de capuchons en silicone pour Glexo Hail Kit<\/h1>\n<p>Ce kit sp\u00e9cialement compos\u00e9 contient des capuchons en silicone de haute qualit\u00e9 qui s&rsquo;adaptent parfaitement au kit Glexo Hail. Con\u00e7u pour prolonger la dur\u00e9e de vie de vos pastilles de colle froide et offrir une protection optimale lors de l&rsquo;application. <\/p>\n<h2>Contenu de l&rsquo;ensemble Glexo :<\/h2>\n<ul>\n<li>2x 30mm capuchons en silicone<\/li>\n<li>2x 26mm capuchons en silicone<\/li>\n<li>1x 10x35mm capuchon en silicone<\/li>\n<\/ul>\n<p>Nos capsules sont durables, flexibles et id\u00e9ales pour une utilisation professionnelle dans le secteur du PDR. Si vous avez besoin de tailles personnalis\u00e9es, nous proposons \u00e9galement des solutions sur mesure. <\/p>\n","protected":false},"excerpt":{"rendered":"<p>Kit de capuchons en silicone sp\u00e9cialement con\u00e7u pour le kit Glexo Hail, offrant une protection optimale et prolongeant la dur\u00e9e de vie de vos pastilles de colle froide.<\/p>\n","protected":false},"featured_media":4314,"comment_status":"closed","ping_status":"closed","template":"","meta":[],"product_brand":[],"product_cat":[238],"product_tag":[240,286],"class_list":{"0":"post-4319","1":"product","2":"type-product","3":"status-publish","4":"has-post-thumbnail","6":"product_cat-capuchons","7":"product_tag-capuchons-de-colle-a-froid","8":"product_tag-glexo-fr","10":"first","11":"instock","12":"sale","13":"taxable","14":"shipping-taxable","15":"purchasable","16":"product-type-simple"},"_links":{"self":[{"href":"https:\/\/pdrtools.ch\/fr\/wp-json\/wp\/v2\/product\/4319","targetHints":{"allow":["GET"]}}],"collection":[{"href":"https:\/\/pdrtools.ch\/fr\/wp-json\/wp\/v2\/product"}],"about":[{"href":"https:\/\/pdrtools.ch\/fr\/wp-json\/wp\/v2\/types\/product"}],"replies":[{"embeddable":true,"href":"https:\/\/pdrtools.ch\/fr\/wp-json\/wp\/v2\/comments?post=4319"}],"wp:featuredmedia":[{"embeddable":true,"href":"https:\/\/pdrtools.ch\/fr\/wp-json\/wp\/v2\/media\/4314"}],"wp:attachment":[{"href":"https:\/\/pdrtools.ch\/fr\/wp-json\/wp\/v2\/media?parent=4319"}],"wp:term":[{"taxonomy":"product_brand","embeddable":true,"href":"https:\/\/pdrtools.ch\/fr\/wp-json\/wp\/v2\/product_brand?post=4319"},{"taxonomy":"product_cat","embeddable":true,"href":"https:\/\/pdrtools.ch\/fr\/wp-json\/wp\/v2\/product_cat?post=4319"},{"taxonomy":"product_tag","embeddable":true,"href":"https:\/\/pdrtools.ch\/fr\/wp-json\/wp\/v2\/product_tag?post=4319"}],"curies":[{"name":"wp","href":"https:\/\/api.w.org\/{rel}","templated":true}]}}