{"id":4304,"date":"2024-10-19T20:09:25","date_gmt":"2024-10-19T18:09:25","guid":{"rendered":"https:\/\/pdrtools.ch\/produkt\/couvercle-personnalise-pour-tab-tower-logo-texte\/"},"modified":"2024-10-20T19:37:17","modified_gmt":"2024-10-20T17:37:17","slug":"couvercle-personnalise-pour-tab-tower-logo-texte","status":"publish","type":"product","link":"https:\/\/pdrtools.ch\/fr\/produkt\/couvercle-personnalise-pour-tab-tower-logo-texte\/","title":{"rendered":"Couvercle personnalis\u00e9 pour Tab Tower &#8211; logo\/texte"},"content":{"rendered":"<p>Transformez votre Tab Tower avec un couvercle \u00e9l\u00e9gant et sur mesure, sp\u00e9cialement con\u00e7u pour mettre en valeur votre entreprise. Que vous souhaitiez ajouter un logo ou un texte, notre design pr\u00e9cis garantit une finition impeccable qui met en valeur votre Tab Tower. Choisissez jusqu&rsquo;\u00e0 4 couleurs parmi le noir, le blanc, le gris, le rouge et le jaune pour donner vie \u00e0 votre vision. Ce couvercle personnalis\u00e9 remplace parfaitement le couvercle standard lorsqu&rsquo;il est command\u00e9 avec une Tab Tower. Parfait pour les professionnels du PDR qui recherchent un look personnalis\u00e9 et de qualit\u00e9, il constitue \u00e9galement un excellent cadeau pour les techniciens PDR, les clients de l&rsquo;atelier de carrosserie, les \u00e9tudiants, les employ\u00e9s, etc. <strong>Couleurs disponibles :<\/strong> Noir, Blanc, Gris, Rouge, Jaune (jusqu&rsquo;\u00e0 4 s\u00e9lectionnables) <strong>Compatibilit\u00e9 :<\/strong> S&rsquo;adapte aux petits et grands Tab Towers <strong>Durabilit\u00e9 :<\/strong> Fabriqu\u00e9 pour une utilisation durable dans des environnements professionnels  <\/p>\n<h2>Caract\u00e9ristiques :<\/h2>\n<ul>\n<li>Options de personnalisation avec votre logo ou texte<\/li>\n<li>Design de haute qualit\u00e9, parfaitement adapt\u00e9 \u00e0 la Tab Tower<\/li>\n<li>Choix de diff\u00e9rentes couleurs pour cr\u00e9er votre couvercle unique<\/li>\n<\/ul>\n<h3><strong>Exigences :<\/strong><\/h3>\n<p>Nous avons besoin d&rsquo;une image haute r\u00e9solution de votre logo et de tout texte souhait\u00e9. Veuillez nous envoyer l&rsquo;image par e-mail ou par message d\u00e8s que la commande est pass\u00e9e. <\/p>\n<h3><strong>Remarque :<\/strong><\/h3>\n<p>En raison de la technique d&rsquo;impression 3D FDM, il existe des restrictions sur les d\u00e9tails tr\u00e8s fins d&rsquo;un logo. Nous vous enverrons un projet pour approbation avant la production. <\/p>\n","protected":false},"excerpt":{"rendered":"<p>Ajoutez une touche personnelle \u00e0 votre Tab Tower avec un couvercle sur mesure qui affiche votre logo ou votre texte personnalis\u00e9. Disponible en plusieurs couleurs, ce couvercle remplace le mod\u00e8le standard et vous permet d&rsquo;obtenir un aspect professionnel et unique. <\/p>\n","protected":false},"featured_media":4302,"comment_status":"closed","ping_status":"closed","template":"","meta":[],"product_brand":[],"product_cat":[248,246],"product_tag":[275,263],"class_list":{"0":"post-4304","1":"product","2":"type-product","3":"status-publish","4":"has-post-thumbnail","6":"product_cat-accessoires","7":"product_cat-support-doutils","8":"product_tag-accessoires-fr","9":"product_tag-tour-donglet","11":"first","12":"onbackorder","13":"taxable","14":"shipping-taxable","15":"purchasable","16":"product-type-simple"},"_links":{"self":[{"href":"https:\/\/pdrtools.ch\/fr\/wp-json\/wp\/v2\/product\/4304","targetHints":{"allow":["GET"]}}],"collection":[{"href":"https:\/\/pdrtools.ch\/fr\/wp-json\/wp\/v2\/product"}],"about":[{"href":"https:\/\/pdrtools.ch\/fr\/wp-json\/wp\/v2\/types\/product"}],"replies":[{"embeddable":true,"href":"https:\/\/pdrtools.ch\/fr\/wp-json\/wp\/v2\/comments?post=4304"}],"wp:featuredmedia":[{"embeddable":true,"href":"https:\/\/pdrtools.ch\/fr\/wp-json\/wp\/v2\/media\/4302"}],"wp:attachment":[{"href":"https:\/\/pdrtools.ch\/fr\/wp-json\/wp\/v2\/media?parent=4304"}],"wp:term":[{"taxonomy":"product_brand","embeddable":true,"href":"https:\/\/pdrtools.ch\/fr\/wp-json\/wp\/v2\/product_brand?post=4304"},{"taxonomy":"product_cat","embeddable":true,"href":"https:\/\/pdrtools.ch\/fr\/wp-json\/wp\/v2\/product_cat?post=4304"},{"taxonomy":"product_tag","embeddable":true,"href":"https:\/\/pdrtools.ch\/fr\/wp-json\/wp\/v2\/product_tag?post=4304"}],"curies":[{"name":"wp","href":"https:\/\/api.w.org\/{rel}","templated":true}]}}