{"id":3690,"date":"2024-06-11T10:21:48","date_gmt":"2024-06-11T08:21:48","guid":{"rendered":"https:\/\/pdrtools.ch\/produkt\/onglet-tour-bleu\/"},"modified":"2026-04-10T10:13:24","modified_gmt":"2026-04-10T08:13:24","slug":"onglet-tour-bleu","status":"publish","type":"product","link":"https:\/\/pdrtools.ch\/fr\/produkt\/onglet-tour-bleu\/","title":{"rendered":"Onglet Tour &#8211; Bleu"},"content":{"rendered":"<h3>Tab Tower bleu (LIMITED EDITION) : organisez efficacement vos languettes de collage PDR<\/h3>\n<p><span class=\"hljs-variable\">Ce<\/span> <span class=\"hljs-built_in\">Onglet<\/span> <span class=\"hljs-variable\">Tour<\/span> <span class=\"hljs-variable\">est<\/span> <span class=\"hljs-variable\">un<\/span> <span class=\"hljs-variable\">\u00e9dition limit\u00e9e<\/span> <span class=\"hljs-variable\">Tirage<\/span><span class=\"hljs-operator\">.<\/span> <span class=\"hljs-variable\">Le site<\/span> <span class=\"hljs-variable\">Atteindre<\/span> <span class=\"hljs-variable\">du site<\/span> <span class=\"hljs-variable\">translucide<\/span> <span class=\"hljs-variable\">bleu<\/span> <span class=\"hljs-variable\">Finitions<\/span> <span class=\"hljs-variable\">dure<\/span> <span class=\"hljs-variable\">dans<\/span> <span class=\"hljs-variable\">le<\/span> <span class=\"hljs-variable\">Production<\/span> <span class=\"hljs-variable\">presque<\/span> <span class=\"hljs-variable\">double<\/span> <span class=\"hljs-variable\">ainsi<\/span> <span class=\"hljs-variable\">long<\/span><span class=\"hljs-operator\">.<\/span> <span class=\"hljs-variable\">Le site<\/span> <span class=\"hljs-built_in\">Onglet<\/span> <span class=\"hljs-variable\">Tour<\/span><span class=\"hljs-operator\">,<\/span> <span class=\"hljs-variable\">le sol<\/span><span class=\"hljs-operator\">,<\/span> <span class=\"hljs-variable\">le<\/span> <span class=\"hljs-variable\">Couvercle<\/span> <span class=\"hljs-variable\">et<\/span> <span class=\"hljs-variable\">le<\/span> <span class=\"hljs-variable\">moyen<\/span> <span class=\"hljs-variable\">Beh<\/span><span class=\"hljs-variable\">\u00e9s<\/span> <span class=\"hljs-variable\">ont tous<\/span> <span class=\"hljs-variable\">la<\/span> <span class=\"hljs-variable\">m\u00eame<\/span> <span class=\"hljs-variable\">couleur<\/span> <span class=\"hljs-variable\">uniforme<\/span><span class=\"hljs-operator\">.<\/span><\/p>\n<p>Le Tab Tower est la solution id\u00e9ale pour garder vos pastilles adh\u00e9sives PDR organis\u00e9es et accessibles. Cet accessoire compact maximise l&rsquo;efficacit\u00e9 du poste de travail et offre une mobilit\u00e9 aux professionnels du PDR.  <strong>Principales caract\u00e9ristiques :<\/strong><\/p>\n<ul>\n<li><strong>Design rotatif :<\/strong> acc\u00e9dez sans effort \u00e0 tous vos diff\u00e9rents onglets en faisant simplement pivoter l&rsquo;onglet Tower.<\/li>\n<li><strong>8 rainures :<\/strong> Conservez diff\u00e9rentes tailles d&rsquo;onglets, du plus petit au plus grand.<\/li>\n<li><strong>R\u00e9cipient central amovible :<\/strong> \u00e9liminez les d\u00e9chets de colle ou stockez facilement les knockdowns. Rapide \u00e0 retirer et \u00e0 nettoyer. <\/li>\n<li><strong>Couvercle s\u00e9curis\u00e9 :<\/strong> gardez vos onglets en s\u00e9curit\u00e9 et prot\u00e9g\u00e9s pendant le transport.<\/li>\n<\/ul>\n<p>Dans la limite des stocks disponibles !<\/p>\n<p><em>* Exp\u00e9dition vers les pays de l&rsquo;UE depuis la Suisse, des frais suppl\u00e9mentaires pourraient s&rsquo;appliquer, tels que les droits de douane ou les taxes. *<\/em><\/p>\n","protected":false},"excerpt":{"rendered":"<p>Votre chariot \u00e0 outils est surcharg\u00e9 de tabs ? La Tab Tower lib\u00e8re de l&rsquo;espace, acc\u00e9l\u00e8re les r\u00e9parations gr\u00e2ce \u00e0 un acc\u00e8s rapide et mobile et offre un endroit appropri\u00e9 pour jeter les d\u00e9chets de colle. Une solution professionnelle pour les techniciens PDR s\u00e9rieux.  <\/p>\n<p>&nbsp;<\/p>\n","protected":false},"featured_media":2996,"comment_status":"closed","ping_status":"closed","template":"","meta":[],"product_brand":[],"product_cat":[246],"product_tag":[263],"class_list":{"0":"post-3690","1":"product","2":"type-product","3":"status-publish","4":"has-post-thumbnail","6":"product_cat-support-doutils","7":"product_tag-tour-donglet","9":"first","10":"instock","11":"sale","12":"sold-individually","13":"taxable","14":"shipping-taxable","15":"purchasable","16":"product-type-simple"},"_links":{"self":[{"href":"https:\/\/pdrtools.ch\/fr\/wp-json\/wp\/v2\/product\/3690","targetHints":{"allow":["GET"]}}],"collection":[{"href":"https:\/\/pdrtools.ch\/fr\/wp-json\/wp\/v2\/product"}],"about":[{"href":"https:\/\/pdrtools.ch\/fr\/wp-json\/wp\/v2\/types\/product"}],"replies":[{"embeddable":true,"href":"https:\/\/pdrtools.ch\/fr\/wp-json\/wp\/v2\/comments?post=3690"}],"wp:featuredmedia":[{"embeddable":true,"href":"https:\/\/pdrtools.ch\/fr\/wp-json\/wp\/v2\/media\/2996"}],"wp:attachment":[{"href":"https:\/\/pdrtools.ch\/fr\/wp-json\/wp\/v2\/media?parent=3690"}],"wp:term":[{"taxonomy":"product_brand","embeddable":true,"href":"https:\/\/pdrtools.ch\/fr\/wp-json\/wp\/v2\/product_brand?post=3690"},{"taxonomy":"product_cat","embeddable":true,"href":"https:\/\/pdrtools.ch\/fr\/wp-json\/wp\/v2\/product_cat?post=3690"},{"taxonomy":"product_tag","embeddable":true,"href":"https:\/\/pdrtools.ch\/fr\/wp-json\/wp\/v2\/product_tag?post=3690"}],"curies":[{"name":"wp","href":"https:\/\/api.w.org\/{rel}","templated":true}]}}