{"id":3681,"date":"2024-06-06T20:04:54","date_gmt":"2024-06-06T18:04:54","guid":{"rendered":"https:\/\/pdrtools.ch\/produkt\/tab-tower-rouge-jaune-ou-gris\/"},"modified":"2026-04-10T10:12:50","modified_gmt":"2026-04-10T08:12:50","slug":"tab-tower-rouge-jaune-ou-gris","status":"publish","type":"product","link":"https:\/\/pdrtools.ch\/fr\/produkt\/tab-tower-rouge-jaune-ou-gris\/","title":{"rendered":"Tab Tower &#8211; Reloaded"},"content":{"rendered":"<h2><img data-opt-id=171546654  fetchpriority=\"high\" decoding=\"async\" class=\"wp-image-9867 size-medium alignright\" src=\"https:\/\/mlzzjckobjnb.i.optimole.com\/w:300\/h:400\/q:mauto\/f:best\/https:\/\/pdrtools.ch\/wp-content\/uploads\/IMG_6831.jpeg\" alt=\"\" width=\"300\" height=\"400\" srcset=\"https:\/\/mlzzjckobjnb.i.optimole.com\/w:300\/h:400\/q:mauto\/f:best\/https:\/\/pdrtools.ch\/wp-content\/uploads\/IMG_6831-scaled.jpeg 300w, https:\/\/mlzzjckobjnb.i.optimole.com\/w:600\/h:800\/q:mauto\/f:best\/https:\/\/pdrtools.ch\/wp-content\/uploads\/IMG_6831-scaled.jpeg 600w, https:\/\/mlzzjckobjnb.i.optimole.com\/w:768\/h:1024\/q:mauto\/f:best\/https:\/\/pdrtools.ch\/wp-content\/uploads\/IMG_6831-scaled.jpeg 768w, https:\/\/mlzzjckobjnb.i.optimole.com\/w:1152\/h:1536\/q:mauto\/f:best\/https:\/\/pdrtools.ch\/wp-content\/uploads\/IMG_6831-scaled.jpeg 1152w, https:\/\/mlzzjckobjnb.i.optimole.com\/w:1536\/h:2048\/q:mauto\/f:best\/https:\/\/pdrtools.ch\/wp-content\/uploads\/IMG_6831-scaled.jpeg 1536w, https:\/\/mlzzjckobjnb.i.optimole.com\/w:1200\/h:1600\/q:mauto\/f:best\/https:\/\/pdrtools.ch\/wp-content\/uploads\/IMG_6831-scaled.jpeg 1200w, https:\/\/mlzzjckobjnb.i.optimole.com\/w:1920\/h:2560\/q:mauto\/f:best\/https:\/\/pdrtools.ch\/wp-content\/uploads\/IMG_6831-scaled.jpeg 1920w, https:\/\/mlzzjckobjnb.i.optimole.com\/w:1920\/h:2560\/q:mauto\/f:best\/dpr:2\/https:\/\/pdrtools.ch\/wp-content\/uploads\/IMG_6831-scaled.jpeg 2x\" sizes=\"(max-width: 300px) 100vw, 300px\" \/><strong data-start=\"397\" data-end=\"421\">Tab Tower &#8211; Reloaded<\/strong><br data-start=\"421\" data-end=\"424\"><em data-start=\"424\" data-end=\"462\">Armez votre Tab Tower avec des accessoires.<\/em><\/h2>\n<p data-start=\"211\" data-end=\"402\">Le Tab Tower &#8211; Reloaded est plus qu&rsquo;un simple support.<br data-start=\"517\" data-end=\"520\">C&rsquo;est un syst\u00e8me d&rsquo;organisation modulaire pour les professionnels du PDR, con\u00e7u pour une efficacit\u00e9 maximale directement sur le v\u00e9hicule.<\/p>\n<p data-start=\"694\" data-end=\"768\"><strong>Le d\u00e9sordre fait perdre du temps.<\/strong><br data-start=\"716\" data-end=\"719\">Des onglets en vrac, des outils qui tra\u00eenent, des recherches incessantes.<\/p>\n<p data-start=\"770\" data-end=\"884\">Avec la Tab Tower &#8211; Reloaded, vous avez tout l\u00e0 o\u00f9 vous en avez besoin &#8211; rapidement, proprement et \u00e0 port\u00e9e de main.<\/p>\n<p data-start=\"1018\" data-end=\"1140\"><strong data-start=\"1018\" data-end=\"1036\">Maintien maximal<\/strong><br data-start=\"1036\" data-end=\"1039\">L&rsquo;aimant ultra puissant maintient le Tower en toute s\u00e9curit\u00e9 sur les surfaces m\u00e9talliques, m\u00eame dans l&rsquo;agitation du travail quotidien.<\/p>\n<p data-start=\"1142\" data-end=\"1271\"><strong data-start=\"1142\" data-end=\"1165\">Protection &amp; stabilit\u00e9<\/strong><br data-start=\"1165\" data-end=\"1168\">Les pieds en silicone prot\u00e8gent la peinture tout en assurant une stabilit\u00e9 antid\u00e9rapante. Rempla\u00e7ables si n\u00e9cessaire. <\/p>\n<p data-start=\"1273\" data-end=\"1397\"><strong data-start=\"1273\" data-end=\"1303\">Plus d&rsquo;espace, plus de contr\u00f4le<\/strong><br data-start=\"1303\" data-end=\"1306\">Avec <strong data-start=\"1310\" data-end=\"1322\">10 emplacements<\/strong>, vous avez encore plus de possibilit\u00e9s pour garder les onglets et les accessoires organis\u00e9s.<\/p>\n<p data-start=\"1399\" data-end=\"1493\"><strong data-start=\"1399\" data-end=\"1421\">Design optimis\u00e9<\/strong><br data-start=\"1421\" data-end=\"1424\">Ergonomie am\u00e9lior\u00e9e pour un acc\u00e8s rapide et un travail efficace.<\/p>\n<hr data-start=\"1058\" data-end=\"1061\">\n<h1 data-start=\"1063\" data-end=\"1105\"><strong data-start=\"1063\" data-end=\"1103\">Construisez votre propre configuration :<\/strong><\/h1>\n<p data-start=\"1589\" data-end=\"1638\">L&rsquo;onglet Tower &#8211; Reloaded est enti\u00e8rement modulaire.<\/p>\n<p data-start=\"1640\" data-end=\"1678\">Adaptez-le exactement \u00e0 votre flux de travail avec nos accessoires :<\/p>\n<p data-start=\"1680\" data-end=\"1813\">&#8211; Knockdown Holder<br data-start=\"1698\" data-end=\"1701\">&#8211; Magnetic Tip Holder<br data-start=\"1726\" data-end=\"1729\">&#8211; Spray Bottle Holder<br data-start=\"1751\" data-end=\"1754\">&#8211; Double Stacker<br data-start=\"1770\" data-end=\"1773\">&#8211; Bin Buckets<br data-start=\"1786\" data-end=\"1789\">&#8211; Glue Grave Container<\/p>\n<p data-start=\"1815\" data-end=\"1844\">\ud83d\udc49 Pas de standard. Votre configuration. <\/p>\n<hr data-start=\"1292\" data-end=\"1295\">\n<p style=\"text-align: center;\" data-start=\"1297\" data-end=\"1452\">Un outil pour les professionnels qui veulent travailler de mani\u00e8re organis\u00e9e &#8211; et terminer plus rapidement.<\/p>\n<hr data-start=\"1454\" data-end=\"1457\">\n<p data-start=\"1459\" data-end=\"1536\"><em data-start=\"1459\" data-end=\"1536\">Les onglets et les accessoires sont fournis \u00e0 titre de d\u00e9monstration uniquement et ne sont pas inclus.<\/em><\/p>\n","protected":false},"excerpt":{"rendered":"<p>La <strong data-start=\"45\" data-end=\"69\">Tab Tower &#8211; Reloaded<\/strong> est la nouvelle g\u00e9n\u00e9ration d&rsquo;organisation PDR &#8211; avec un aimant ultra puissant, des pieds en silicone et maintenant 10 slots pour une efficacit\u00e9 maximale. Gr\u00e2ce \u00e0 son syst\u00e8me modulaire, la Tower peut \u00eatre compl\u00e9t\u00e9e individuellement par des accessoires et s&rsquo;adapter parfaitement \u00e0 votre flux de travail. <\/p>\n<p>&nbsp;<\/p>\n","protected":false},"featured_media":10214,"comment_status":"closed","ping_status":"closed","template":"","meta":[],"product_brand":[],"product_cat":[246,926],"product_tag":[263],"class_list":{"0":"post-3681","1":"product","2":"type-product","3":"status-publish","4":"has-post-thumbnail","6":"product_cat-support-doutils","7":"product_cat-tour-donglet","8":"product_tag-tour-donglet","10":"first","11":"instock","12":"taxable","13":"shipping-taxable","14":"purchasable","15":"product-type-simple"},"_links":{"self":[{"href":"https:\/\/pdrtools.ch\/fr\/wp-json\/wp\/v2\/product\/3681","targetHints":{"allow":["GET"]}}],"collection":[{"href":"https:\/\/pdrtools.ch\/fr\/wp-json\/wp\/v2\/product"}],"about":[{"href":"https:\/\/pdrtools.ch\/fr\/wp-json\/wp\/v2\/types\/product"}],"replies":[{"embeddable":true,"href":"https:\/\/pdrtools.ch\/fr\/wp-json\/wp\/v2\/comments?post=3681"}],"wp:featuredmedia":[{"embeddable":true,"href":"https:\/\/pdrtools.ch\/fr\/wp-json\/wp\/v2\/media\/10214"}],"wp:attachment":[{"href":"https:\/\/pdrtools.ch\/fr\/wp-json\/wp\/v2\/media?parent=3681"}],"wp:term":[{"taxonomy":"product_brand","embeddable":true,"href":"https:\/\/pdrtools.ch\/fr\/wp-json\/wp\/v2\/product_brand?post=3681"},{"taxonomy":"product_cat","embeddable":true,"href":"https:\/\/pdrtools.ch\/fr\/wp-json\/wp\/v2\/product_cat?post=3681"},{"taxonomy":"product_tag","embeddable":true,"href":"https:\/\/pdrtools.ch\/fr\/wp-json\/wp\/v2\/product_tag?post=3681"}],"curies":[{"name":"wp","href":"https:\/\/api.w.org\/{rel}","templated":true}]}}