{"id":3669,"date":"2024-07-18T13:22:15","date_gmt":"2024-07-18T11:22:15","guid":{"rendered":"https:\/\/pdrtools.ch\/produkt\/tab-tower-xl-gris\/"},"modified":"2026-04-10T10:12:54","modified_gmt":"2026-04-10T08:12:54","slug":"tab-tower-xl-gris","status":"publish","type":"product","link":"https:\/\/pdrtools.ch\/fr\/produkt\/tab-tower-xl-gris\/","title":{"rendered":"Tab Tower XL &#8211; Gris"},"content":{"rendered":"<h3>Tab Tower XL &#8211; Gris : organisez efficacement vos onglets adh\u00e9sifs PDR<\/h3>\n<p>Le Tab Tower XL est la solution id\u00e9ale pour garder vos tablettes adh\u00e9sives PDR organis\u00e9es et accessibles. Cet accessoire compact maximise l&rsquo;efficacit\u00e9 du poste de travail et offre une mobilit\u00e9 aux professionnels du PDR. <\/p>\n<p><strong>Principales caract\u00e9ristiques :<\/strong><\/p>\n<ul>\n<li><strong>Extra large :<\/strong> contient plus d&rsquo;onglets<\/li>\n<li><strong>Design rotatif :<\/strong> acc\u00e9dez sans effort \u00e0 tous vos diff\u00e9rents onglets en faisant simplement pivoter l&rsquo;onglet Tower.<\/li>\n<li><strong>8 rainures :<\/strong> Conservez diff\u00e9rentes tailles d&rsquo;onglets, du plus petit au plus grand.<\/li>\n<li><strong>R\u00e9cipient central amovible :<\/strong> \u00e9liminez les d\u00e9chets de colle ou stockez facilement les knockdowns. Rapide \u00e0 retirer et \u00e0 nettoyer. <\/li>\n<li><strong>Couvercle s\u00e9curis\u00e9 :<\/strong> gardez vos onglets en s\u00e9curit\u00e9 et prot\u00e9g\u00e9s pendant le transport.<\/li>\n<\/ul>\n<h5>* Les onglets sont fournis \u00e0 des fins de d\u00e9monstration uniquement et ne sont pas inclus.<br \/>\n *<em> Exp\u00e9dition vers les pays de l&rsquo;UE depuis la Suisse, des frais suppl\u00e9mentaires pourraient s&rsquo;appliquer, tels que les droits de douane ou les taxes. *<\/em><\/h5>\n","protected":false},"excerpt":{"rendered":"<p>Votre chariot \u00e0 outils est surcharg\u00e9 de tabs ? Le Tab Tower XL lib\u00e8re de l&rsquo;espace, acc\u00e9l\u00e8re les r\u00e9parations gr\u00e2ce \u00e0 un acc\u00e8s rapide et mobile et offre un endroit appropri\u00e9 pour jeter les d\u00e9chets de colle. Une solution professionnelle pour les techniciens PDR s\u00e9rieux.  <\/p>\n<p>&nbsp;<\/p>\n","protected":false},"featured_media":2618,"comment_status":"closed","ping_status":"closed","template":"","meta":[],"product_brand":[],"product_cat":[246],"product_tag":[263],"class_list":{"0":"post-3669","1":"product","2":"type-product","3":"status-publish","4":"has-post-thumbnail","6":"product_cat-support-doutils","7":"product_tag-tour-donglet","9":"first","10":"outofstock","11":"taxable","12":"shipping-taxable","13":"purchasable","14":"product-type-simple"},"_links":{"self":[{"href":"https:\/\/pdrtools.ch\/fr\/wp-json\/wp\/v2\/product\/3669","targetHints":{"allow":["GET"]}}],"collection":[{"href":"https:\/\/pdrtools.ch\/fr\/wp-json\/wp\/v2\/product"}],"about":[{"href":"https:\/\/pdrtools.ch\/fr\/wp-json\/wp\/v2\/types\/product"}],"replies":[{"embeddable":true,"href":"https:\/\/pdrtools.ch\/fr\/wp-json\/wp\/v2\/comments?post=3669"}],"wp:featuredmedia":[{"embeddable":true,"href":"https:\/\/pdrtools.ch\/fr\/wp-json\/wp\/v2\/media\/2618"}],"wp:attachment":[{"href":"https:\/\/pdrtools.ch\/fr\/wp-json\/wp\/v2\/media?parent=3669"}],"wp:term":[{"taxonomy":"product_brand","embeddable":true,"href":"https:\/\/pdrtools.ch\/fr\/wp-json\/wp\/v2\/product_brand?post=3669"},{"taxonomy":"product_cat","embeddable":true,"href":"https:\/\/pdrtools.ch\/fr\/wp-json\/wp\/v2\/product_cat?post=3669"},{"taxonomy":"product_tag","embeddable":true,"href":"https:\/\/pdrtools.ch\/fr\/wp-json\/wp\/v2\/product_tag?post=3669"}],"curies":[{"name":"wp","href":"https:\/\/api.w.org\/{rel}","templated":true}]}}