{"id":3639,"date":"2024-08-08T19:53:22","date_gmt":"2024-08-08T17:53:22","guid":{"rendered":"https:\/\/pdrtools.ch\/produkt\/bloc-de-poncage-magnetique\/"},"modified":"2026-04-10T10:06:45","modified_gmt":"2026-04-10T08:06:45","slug":"bloc-de-poncage-magnetique","status":"publish","type":"product","link":"https:\/\/pdrtools.ch\/fr\/produkt\/bloc-de-poncage-magnetique\/","title":{"rendered":"Bloc de pon\u00e7age magn\u00e9tique"},"content":{"rendered":"<p><img data-opt-id=1406007410  fetchpriority=\"high\" decoding=\"async\" class=\"size-medium wp-image-9885 alignright\" style=\"color: #555555; font-size: 14.4px; font-weight: bold;\" src=\"https:\/\/mlzzjckobjnb.i.optimole.com\/w:283\/h:400\/q:mauto\/f:best\/https:\/\/pdrtools.ch\/wp-content\/uploads\/\/IMG_6857.jpeg\" alt=\"\" width=\"283\" height=\"400\" srcset=\"https:\/\/mlzzjckobjnb.i.optimole.com\/w:283\/h:400\/q:mauto\/f:best\/https:\/\/pdrtools.ch\/wp-content\/uploads\/IMG_6857-scaled.jpeg 283w, https:\/\/mlzzjckobjnb.i.optimole.com\/w:567\/h:800\/q:mauto\/f:best\/https:\/\/pdrtools.ch\/wp-content\/uploads\/IMG_6857-scaled.jpeg 567w, https:\/\/mlzzjckobjnb.i.optimole.com\/w:768\/h:1084\/q:mauto\/f:best\/https:\/\/pdrtools.ch\/wp-content\/uploads\/IMG_6857-scaled.jpeg 768w, https:\/\/mlzzjckobjnb.i.optimole.com\/w:1088\/h:1536\/q:mauto\/f:best\/https:\/\/pdrtools.ch\/wp-content\/uploads\/IMG_6857-scaled.jpeg 1088w, https:\/\/mlzzjckobjnb.i.optimole.com\/w:1451\/h:2048\/q:mauto\/f:best\/https:\/\/pdrtools.ch\/wp-content\/uploads\/IMG_6857-scaled.jpeg 1451w, https:\/\/mlzzjckobjnb.i.optimole.com\/w:1200\/h:1693\/q:mauto\/f:best\/https:\/\/pdrtools.ch\/wp-content\/uploads\/IMG_6857-scaled.jpeg 1200w, https:\/\/mlzzjckobjnb.i.optimole.com\/w:1814\/h:2560\/q:mauto\/f:best\/https:\/\/pdrtools.ch\/wp-content\/uploads\/IMG_6857-scaled.jpeg 1814w, https:\/\/mlzzjckobjnb.i.optimole.com\/w:1814\/h:2560\/q:mauto\/f:best\/dpr:2\/https:\/\/pdrtools.ch\/wp-content\/uploads\/IMG_6857-scaled.jpeg 2x\" sizes=\"(max-width: 283px) 100vw, 283px\" \/><span style=\"font-size: 14.4px;\">Bloc de pon\u00e7age magn\u00e9tique &#8211; Compact et pr\u00e9cis<\/span><\/p>\n<p data-start=\"143\" data-end=\"362\">Le bloc de pon\u00e7age magn\u00e9tique est un accessoire compact et polyvalent pour les techniciens PDR professionnels &#8211; d\u00e9sormais dot\u00e9 d&rsquo;<strong data-start=\"284\" data-end=\"329\">un aimant plus puissant et d&rsquo;une conception optimis\u00e9e<\/strong> pour un travail encore plus efficace.<\/p>\n<p data-start=\"364\" data-end=\"483\">Avec sa taille pratique de seulement 35 \u00d7 28,5 mm, cet outil est parfait pour un travail pr\u00e9cis dans les espaces restreints.<\/p>\n<p data-start=\"485\" data-end=\"791\">Un c\u00f4t\u00e9 est \u00e9quip\u00e9 d&rsquo;un aimant puissant, id\u00e9al pour identifier rapidement les types de m\u00e9taux directement sur le v\u00e9hicule. Le c\u00f4t\u00e9 oppos\u00e9 est dot\u00e9 d&rsquo;un tampon en mousse souple qui maintient fermement en place les supports abrasifs tels que les feuilles Tolecut et permet de travailler de mani\u00e8re uniforme. <\/p>\n<p data-start=\"793\" data-end=\"1154\"><strong data-start=\"793\" data-end=\"808\">Points forts :<\/strong><br data-start=\"808\" data-end=\"811\">&#8211; <strong data-start=\"813\" data-end=\"834\">Aimant plus puissant :<\/strong> D\u00e9tection fiable du mat\u00e9riau directement sur le v\u00e9hicule<br data-start=\"884\" data-end=\"887\">&#8211; <strong data-start=\"889\" data-end=\"912\">Design optimis\u00e9 :<\/strong> meilleure prise en main et meilleur contr\u00f4le<br data-start=\"945\" data-end=\"948\">&#8211; <strong data-start=\"950\" data-end=\"969\" data-is-only-node=\"\">C\u00f4t\u00e9 soft-pad :<\/strong> parfait pour le tolecut et les travaux de pon\u00e7age fins<br data-start=\"1015\" data-end=\"1018\">&#8211; <strong data-start=\"1020\" data-end=\"1042\">Design compact :<\/strong> Id\u00e9al pour les travaux de d\u00e9tail pr\u00e9cis<br data-start=\"1075\" data-end=\"1078\">&#8211; <strong data-start=\"1080\" data-end=\"1106\">Polyvalent :<\/strong> contr\u00f4le, pon\u00e7age et finition en un seul outil<\/p>\n<p data-start=\"1156\" data-end=\"1238\" data-is-last-node=\"\" data-is-only-node=\"\">Un petit outil bien pens\u00e9 qui fait une grande diff\u00e9rence au quotidien.<\/p>\n<p>&nbsp;<\/p>\n","protected":false},"excerpt":{"rendered":"<p>Ce bloc de pon\u00e7age compact (35 \u00d7 28,5 mm) est dot\u00e9 d&rsquo;un aimant renforc\u00e9 pour une v\u00e9rification rapide des types de m\u00e9taux sur le v\u00e9hicule. Le c\u00f4t\u00e9 oppos\u00e9 est \u00e9quip\u00e9 d&rsquo;un tampon en mousse souple qui maintient fermement en place les feuilles abrasives Tolecut &#8211; d\u00e9sormais avec un design am\u00e9lior\u00e9 pour une application encore plus pr\u00e9cise. <\/p>\n","protected":false},"featured_media":10086,"comment_status":"closed","ping_status":"closed","template":"","meta":[],"product_brand":[],"product_cat":[248],"product_tag":[258],"class_list":{"0":"post-3639","1":"product","2":"type-product","3":"status-publish","4":"has-post-thumbnail","6":"product_cat-accessoires","7":"product_tag-bloc-de-poncage","9":"first","10":"instock","11":"taxable","12":"shipping-taxable","13":"purchasable","14":"product-type-simple"},"_links":{"self":[{"href":"https:\/\/pdrtools.ch\/fr\/wp-json\/wp\/v2\/product\/3639","targetHints":{"allow":["GET"]}}],"collection":[{"href":"https:\/\/pdrtools.ch\/fr\/wp-json\/wp\/v2\/product"}],"about":[{"href":"https:\/\/pdrtools.ch\/fr\/wp-json\/wp\/v2\/types\/product"}],"replies":[{"embeddable":true,"href":"https:\/\/pdrtools.ch\/fr\/wp-json\/wp\/v2\/comments?post=3639"}],"wp:featuredmedia":[{"embeddable":true,"href":"https:\/\/pdrtools.ch\/fr\/wp-json\/wp\/v2\/media\/10086"}],"wp:attachment":[{"href":"https:\/\/pdrtools.ch\/fr\/wp-json\/wp\/v2\/media?parent=3639"}],"wp:term":[{"taxonomy":"product_brand","embeddable":true,"href":"https:\/\/pdrtools.ch\/fr\/wp-json\/wp\/v2\/product_brand?post=3639"},{"taxonomy":"product_cat","embeddable":true,"href":"https:\/\/pdrtools.ch\/fr\/wp-json\/wp\/v2\/product_cat?post=3639"},{"taxonomy":"product_tag","embeddable":true,"href":"https:\/\/pdrtools.ch\/fr\/wp-json\/wp\/v2\/product_tag?post=3639"}],"curies":[{"name":"wp","href":"https:\/\/api.w.org\/{rel}","templated":true}]}}