{"id":3624,"date":"2024-08-09T12:31:49","date_gmt":"2024-08-09T10:31:49","guid":{"rendered":"https:\/\/pdrtools.ch\/produkt\/quick-tip-60-trous-porte-embout-en-silicone\/"},"modified":"2026-01-03T12:18:16","modified_gmt":"2026-01-03T11:18:16","slug":"quick-tip-gross","status":"publish","type":"product","link":"https:\/\/pdrtools.ch\/fr\/produkt\/quick-tip-gross\/","title":{"rendered":"Astuce &#8211; Grande"},"content":{"rendered":"<p><img data-opt-id=420917386  fetchpriority=\"high\" decoding=\"async\" class=\"alignright wp-image-4422 \" src=\"https:\/\/mlzzjckobjnb.i.optimole.com\/w:533\/h:400\/q:mauto\/f:best\/https:\/\/pdrtools.ch\/wp-content\/uploads\/\/IMG_9272.jpeg\" alt=\"\" width=\"406\" height=\"278\">Organisez vos outils PDR comme jamais auparavant avec le support d&#8217;embouts en silicone Quick-Tip ! Ce support innovant peut accueillir jusqu&rsquo;\u00e0 60 embouts PDR et est fabriqu\u00e9 en silicone de haute qualit\u00e9, ce qui rend l&rsquo;insertion et le retrait des embouts incroyablement faciles. Cela acc\u00e9l\u00e8re le processus de r\u00e9paration et augmente votre efficacit\u00e9.  <\/p>\n<p>La conception flexible en silicone permet de maintenir en place les pointes normales et petites. Le bo\u00eetier en plastique qui l&rsquo;entoure offre une stabilit\u00e9 suppl\u00e9mentaire et emp\u00eache les embouts de tomber, ce qui permet de garder votre chariot \u00e0 outils propre et bien rang\u00e9. Avec des dimensions de 155x125x13mm et un poids de 240g seulement, le Quick-Tip est \u00e0 la fois compact et robuste et s&rsquo;int\u00e8gre parfaitement dans votre espace de travail sans prendre de place inutilement.  <\/p>\n<p>Disponible en trois couleurs vives &#8211; jaune, gris et rouge &#8211; le Quick-Tip ajoute une touche personnelle \u00e0 votre trousse \u00e0 outils tout en garantissant que vos pointes PDR sont toujours \u00e0 port\u00e9e de main.<\/p>\n<p>Am\u00e9liorez vos travaux de r\u00e9paration avec le Quick-Tip : la solution ultime en mati\u00e8re d&rsquo;efficacit\u00e9, d&rsquo;organisation et de style dans un ensemble all\u00e9g\u00e9.<\/p>\n<p>&nbsp;<\/p>\n","protected":false},"excerpt":{"rendered":"<p>Le support de pointes en silicone Quick-Tip peut contenir jusqu&rsquo;\u00e0 60 pointes PDR et sa conception flexible en silicone facilite l&rsquo;insertion et le retrait rapides des pointes.<br \/>\nGr\u00e2ce \u00e0 son bo\u00eetier en plastique solide, vos outils restent toujours organis\u00e9s et bien rang\u00e9s. <\/p>\n","protected":false},"featured_media":2723,"comment_status":"closed","ping_status":"closed","template":"","meta":[],"product_brand":[],"product_cat":[246],"product_tag":[247],"class_list":{"0":"post-3624","1":"product","2":"type-product","3":"status-publish","4":"has-post-thumbnail","6":"product_cat-support-doutils","7":"product_tag-quicktip-fr","9":"first","10":"instock","11":"taxable","12":"shipping-taxable","13":"purchasable","14":"product-type-variable","15":"has-default-attributes"},"_links":{"self":[{"href":"https:\/\/pdrtools.ch\/fr\/wp-json\/wp\/v2\/product\/3624","targetHints":{"allow":["GET"]}}],"collection":[{"href":"https:\/\/pdrtools.ch\/fr\/wp-json\/wp\/v2\/product"}],"about":[{"href":"https:\/\/pdrtools.ch\/fr\/wp-json\/wp\/v2\/types\/product"}],"replies":[{"embeddable":true,"href":"https:\/\/pdrtools.ch\/fr\/wp-json\/wp\/v2\/comments?post=3624"}],"wp:featuredmedia":[{"embeddable":true,"href":"https:\/\/pdrtools.ch\/fr\/wp-json\/wp\/v2\/media\/2723"}],"wp:attachment":[{"href":"https:\/\/pdrtools.ch\/fr\/wp-json\/wp\/v2\/media?parent=3624"}],"wp:term":[{"taxonomy":"product_brand","embeddable":true,"href":"https:\/\/pdrtools.ch\/fr\/wp-json\/wp\/v2\/product_brand?post=3624"},{"taxonomy":"product_cat","embeddable":true,"href":"https:\/\/pdrtools.ch\/fr\/wp-json\/wp\/v2\/product_cat?post=3624"},{"taxonomy":"product_tag","embeddable":true,"href":"https:\/\/pdrtools.ch\/fr\/wp-json\/wp\/v2\/product_tag?post=3624"}],"curies":[{"name":"wp","href":"https:\/\/api.w.org\/{rel}","templated":true}]}}