{"id":3621,"date":"2024-09-22T09:26:42","date_gmt":"2024-09-22T07:26:42","guid":{"rendered":"https:\/\/pdrtools.ch\/produkt\/protection-contre-la-lumiere-pro-v2\/"},"modified":"2026-04-10T10:06:23","modified_gmt":"2026-04-10T08:06:23","slug":"lichtschutz-pro-v3","status":"publish","type":"product","link":"https:\/\/pdrtools.ch\/fr\/produkt\/lichtschutz-pro-v3\/","title":{"rendered":"Protection contre la lumi\u00e8re Pro"},"content":{"rendered":"<h3><strong><img data-opt-id=1791613347  fetchpriority=\"high\" decoding=\"async\" class=\"wp-image-9880 size-medium alignright\" src=\"https:\/\/mlzzjckobjnb.i.optimole.com\/w:533\/h:400\/q:mauto\/f:best\/https:\/\/pdrtools.ch\/wp-content\/uploads\/\/IMG_6852.jpeg\" alt=\"\" width=\"533\" height=\"400\" srcset=\"https:\/\/mlzzjckobjnb.i.optimole.com\/w:533\/h:400\/q:mauto\/f:best\/https:\/\/pdrtools.ch\/wp-content\/uploads\/IMG_6852-scaled.jpeg 533w, https:\/\/mlzzjckobjnb.i.optimole.com\/w:1067\/h:800\/q:mauto\/f:best\/https:\/\/pdrtools.ch\/wp-content\/uploads\/IMG_6852-scaled.jpeg 1067w, https:\/\/mlzzjckobjnb.i.optimole.com\/w:768\/h:576\/q:mauto\/f:best\/https:\/\/pdrtools.ch\/wp-content\/uploads\/IMG_6852-scaled.jpeg 768w, https:\/\/mlzzjckobjnb.i.optimole.com\/w:1536\/h:1152\/q:mauto\/f:best\/https:\/\/pdrtools.ch\/wp-content\/uploads\/IMG_6852-scaled.jpeg 1536w, https:\/\/mlzzjckobjnb.i.optimole.com\/w:1920\/h:1440\/q:mauto\/f:best\/https:\/\/pdrtools.ch\/wp-content\/uploads\/IMG_6852-scaled.jpeg 2048w, https:\/\/mlzzjckobjnb.i.optimole.com\/w:1200\/h:900\/q:mauto\/f:best\/https:\/\/pdrtools.ch\/wp-content\/uploads\/IMG_6852-scaled.jpeg 1200w, https:\/\/mlzzjckobjnb.i.optimole.com\/w:1920\/h:1440\/q:mauto\/f:best\/dpr:2\/https:\/\/pdrtools.ch\/wp-content\/uploads\/IMG_6852-scaled.jpeg 2x\" sizes=\"(max-width: 533px) 100vw, 533px\" \/>Informations sur le produit<\/strong><\/h3>\n<p data-start=\"117\" data-end=\"414\">Prot\u00e9gez de mani\u00e8re fiable votre syst\u00e8me d&rsquo;\u00e9clairage PDR contre tout dommage au v\u00e9hicule. Les capuchons de protection contre la lumi\u00e8re Pro ont \u00e9t\u00e9 sp\u00e9cialement con\u00e7us pour les cadres de 25 \u00d7 25 mm et \u00e9vitent les rayures, les bosses ou les dommages lorsque les feux \u00e0 LED sont trop proches des jantes, de la carrosserie ou du soubassement. <\/p>\n<p data-start=\"416\" data-end=\"569\">Gr\u00e2ce au <strong data-start=\"434\" data-end=\"462\">syst\u00e8me de fermeture s\u00e9curis\u00e9<\/strong> int\u00e9gr\u00e9, les capuchons s&rsquo;enclenchent fermement sur le cadre et restent bien en place, m\u00eame dans l&rsquo;utilisation quotidienne de l&rsquo;atelier.<\/p>\n<h3>Principales caract\u00e9ristiques :<\/h3>\n<ul>\n<li>&#8211; <strong data-start=\"708\" data-end=\"730\">Ajustement parfait :<\/strong> pour cadre 25 \u00d7 25 mm &#8211; compatible avec DNE, Ultra Dent, Pro PDR et de nombreux autres \u00e9clairages<br data-start=\"823\" data-end=\"826\">&#8211; <strong data-start=\"828\" data-end=\"849\">Protection maximale :<\/strong> pr\u00e9vient de mani\u00e8re fiable les rayures et les dommages sur les v\u00e9hicules des clients<br data-start=\"912\" data-end=\"915\">&#8211; <strong data-start=\"917\" data-end=\"935\">Maintien s\u00fbr :<\/strong> le syst\u00e8me de fermeture int\u00e9gr\u00e9 emp\u00eache tout glissement pendant le travail<br data-start=\"1011\" data-end=\"1014\">&#8211; <strong data-start=\"1016\" data-end=\"1037\">Montage facile :<\/strong> embo\u00eetement sans outil avec ajustement ferme<br data-start=\"1078\" data-end=\"1081\">&#8211; <strong data-start=\"1083\" data-end=\"1105\">Mat\u00e9riau robuste :<\/strong> caoutchouc durable absorbant les chocs pour une utilisation quotidienne<br data-start=\"1169\" data-end=\"1172\">&#8211; <strong data-start=\"1174\" data-end=\"1200\">Utilisation polyvalente :<\/strong> Id\u00e9al pour les techniciens PDR, les carrossiers et les garagistes<\/li>\n<\/ul>\n<p>Prot\u00e9gez les v\u00e9hicules de vos clients contre les rayures et les dommages avec nos capuchons de protection en caoutchouc &#8211; l&rsquo;accessoire indispensable pour l&rsquo;entretien professionnel des feux PDR.<\/p>\n<p><iframe title=\"Lecteur vid\u00e9o YouTube\" src=\"https:\/\/www.youtube.com\/embed\/Z1tU0nCJU9I?si=xwlX6-3UKxzJYtuf\" width=\"560\" height=\"315\" frameborder=\"0\" allowfullscreen=\"allowfullscreen\"><\/iframe><\/p>\n","protected":false},"excerpt":{"rendered":"<p>Prot\u00e9gez les v\u00e9hicules de vos clients contre les rayures et les dommages lorsque les lampes LED d&rsquo;atelier sont d\u00e9plac\u00e9es accidentellement de trop pr\u00e8s. Ces capuchons en caoutchouc r\u00e9sistant s&rsquo;adaptent aux cadres de 25&#215;25 mm et sont compatibles avec les lampes DNEPro, Ultra Dent, Pro PDR Lights et autres. Facile \u00e0 installer sans outils, pour une utilisation professionnelle en toute s\u00e9curit\u00e9. D\u00e9sormais disponibles en <strong data-start=\"591\" data-end=\"606\">jaune (soft)<\/strong> et <strong data-start=\"611\" data-end=\"626\">en bleu (hard).<\/strong>   <\/p>\n","protected":false},"featured_media":9400,"comment_status":"closed","ping_status":"closed","template":"","meta":[],"product_brand":[],"product_cat":[248],"product_tag":[249],"class_list":{"0":"post-3621","1":"product","2":"type-product","3":"status-publish","4":"has-post-thumbnail","6":"product_cat-accessoires","7":"product_tag-protection-contre-la-lumiere-pro","9":"first","10":"instock","11":"taxable","12":"shipping-taxable","13":"purchasable","14":"product-type-variable"},"_links":{"self":[{"href":"https:\/\/pdrtools.ch\/fr\/wp-json\/wp\/v2\/product\/3621","targetHints":{"allow":["GET"]}}],"collection":[{"href":"https:\/\/pdrtools.ch\/fr\/wp-json\/wp\/v2\/product"}],"about":[{"href":"https:\/\/pdrtools.ch\/fr\/wp-json\/wp\/v2\/types\/product"}],"replies":[{"embeddable":true,"href":"https:\/\/pdrtools.ch\/fr\/wp-json\/wp\/v2\/comments?post=3621"}],"wp:featuredmedia":[{"embeddable":true,"href":"https:\/\/pdrtools.ch\/fr\/wp-json\/wp\/v2\/media\/9400"}],"wp:attachment":[{"href":"https:\/\/pdrtools.ch\/fr\/wp-json\/wp\/v2\/media?parent=3621"}],"wp:term":[{"taxonomy":"product_brand","embeddable":true,"href":"https:\/\/pdrtools.ch\/fr\/wp-json\/wp\/v2\/product_brand?post=3621"},{"taxonomy":"product_cat","embeddable":true,"href":"https:\/\/pdrtools.ch\/fr\/wp-json\/wp\/v2\/product_cat?post=3621"},{"taxonomy":"product_tag","embeddable":true,"href":"https:\/\/pdrtools.ch\/fr\/wp-json\/wp\/v2\/product_tag?post=3621"}],"curies":[{"name":"wp","href":"https:\/\/api.w.org\/{rel}","templated":true}]}}