{"id":3613,"date":"2024-09-03T18:26:54","date_gmt":"2024-09-03T16:26:54","guid":{"rendered":"https:\/\/pdrtools.ch\/produkt\/protection-contre-la-lumiere-pro\/"},"modified":"2024-09-03T18:26:54","modified_gmt":"2024-09-03T16:26:54","slug":"protection-contre-la-lumiere-pro","status":"publish","type":"product","link":"https:\/\/pdrtools.ch\/fr\/produkt\/protection-contre-la-lumiere-pro\/","title":{"rendered":"Protection contre la lumi\u00e8re Pro"},"content":{"rendered":"<h3><strong><img data-opt-id=1979094883  fetchpriority=\"high\" decoding=\"async\" class=\"alignright wp-image-1313 size-medium\" src=\"https:\/\/autoausbeulen.ch\/wp-content\/uploads\/IMG_8086-225x300.jpeg\" alt=\"Protection contre la lumi\u00e8re Pro\" width=\"225\" height=\"300\">Informations sur le produit<\/strong><\/h3>\n<p>  Prot\u00e9gez votre syst\u00e8me d&rsquo;\u00e9clairage PDR avec nos capuchons de protection en caoutchouc, sp\u00e9cialement con\u00e7us pour les cadres de 25&#215;25 mm.<br \/>\nCes capuchons en caoutchouc robustes et de haute qualit\u00e9 \u00e9vitent les rayures, les bosses ou les dommages au v\u00e9hicule lorsque les \u00e9clairages LED d&rsquo;atelier sont accidentellement pouss\u00e9s trop pr\u00e8s des roues ou du soubassement.   <\/p>\n<h3><strong>Principales caract\u00e9ristiques :<\/strong><\/h3>\n<ul>\n<li><strong>Ajustement parfait<\/strong>: sp\u00e9cialement con\u00e7u pour les cadres de 25&#215;25 mm et compatible avec les lampes PDR courantes telles que DNE, Ultra Dent, lampes Pro PDR et autres.<\/li>\n<li><strong>Protection maximale des v\u00e9hicules<\/strong>: \u00e9vite les rayures et les dommages aux v\u00e9hicules des clients dus \u00e0 un choc accidentel des pieds des luminaires.<\/li>\n<li><strong>Montage facile<\/strong>: il suffit de faire glisser les capuchons sur les extr\u00e9mit\u00e9s du cadre &#8211; aucun outil n&rsquo;est n\u00e9cessaire, le montage est s\u00fbr et solide.<\/li>\n<li><strong>Mat\u00e9riau de haute qualit\u00e9<\/strong>: Fabriqu\u00e9 \u00e0 partir de caoutchouc flexible qui absorbe les chocs, il est fermement fix\u00e9 et offre une protection fiable lors de l&rsquo;utilisation dans les ateliers.<\/li>\n<li><strong>Utilisations multiples<\/strong> et <strong>vari\u00e9es<\/strong>: Id\u00e9al pour une utilisation dans les environnements PDR (d\u00e9bosselage sans peinture), les ateliers de r\u00e9paration automobile et partout o\u00f9 des lampes \u00e0 LED sont utilis\u00e9es \u00e0 proximit\u00e9 des v\u00e9hicules.<\/li>\n<\/ul>\n<p>  Prot\u00e9gez les v\u00e9hicules de vos clients contre les rayures et les dommages avec nos capuchons de protection en caoutchouc &#8211; l&rsquo;accessoire indispensable pour l&rsquo;entretien professionnel des feux PDR.  <iframe title=\"Lecteur vid\u00e9o YouTube\" src=\"https:\/\/www.youtube.com\/embed\/Z1tU0nCJU9I?si=xwlX6-3UKxzJYtuf\" width=\"560\" height=\"315\" frameborder=\"0\" allowfullscreen=\"allowfullscreen\"><\/iframe><\/p>\n","protected":false},"excerpt":{"rendered":"<p>Prot\u00e9gez les v\u00e9hicules de vos clients contre les rayures et les dommages lorsque les lampes LED d&rsquo;atelier sont d\u00e9plac\u00e9es accidentellement de trop pr\u00e8s.<br \/>\nCes capuchons en caoutchouc r\u00e9sistant s&rsquo;adaptent aux cadres de 25&#215;25 mm et sont compatibles avec les lampes DNEPro, Ultra Dent, Pro PDR Lights et autres.<br \/>\nMontage facile sans outils &#8211; pour une utilisation professionnelle en toute s\u00e9curit\u00e9  <\/p>\n","protected":false},"featured_media":0,"comment_status":"closed","ping_status":"closed","template":"","meta":[],"product_brand":[],"product_cat":[248],"product_tag":[249],"class_list":{"0":"post-3613","1":"product","2":"type-product","3":"status-publish","5":"product_cat-accessoires","6":"product_tag-protection-contre-la-lumiere-pro","8":"first","9":"instock","10":"sale","11":"taxable","12":"shipping-taxable","13":"purchasable","14":"product-type-simple"},"_links":{"self":[{"href":"https:\/\/pdrtools.ch\/fr\/wp-json\/wp\/v2\/product\/3613","targetHints":{"allow":["GET"]}}],"collection":[{"href":"https:\/\/pdrtools.ch\/fr\/wp-json\/wp\/v2\/product"}],"about":[{"href":"https:\/\/pdrtools.ch\/fr\/wp-json\/wp\/v2\/types\/product"}],"replies":[{"embeddable":true,"href":"https:\/\/pdrtools.ch\/fr\/wp-json\/wp\/v2\/comments?post=3613"}],"wp:attachment":[{"href":"https:\/\/pdrtools.ch\/fr\/wp-json\/wp\/v2\/media?parent=3613"}],"wp:term":[{"taxonomy":"product_brand","embeddable":true,"href":"https:\/\/pdrtools.ch\/fr\/wp-json\/wp\/v2\/product_brand?post=3613"},{"taxonomy":"product_cat","embeddable":true,"href":"https:\/\/pdrtools.ch\/fr\/wp-json\/wp\/v2\/product_cat?post=3613"},{"taxonomy":"product_tag","embeddable":true,"href":"https:\/\/pdrtools.ch\/fr\/wp-json\/wp\/v2\/product_tag?post=3613"}],"curies":[{"name":"wp","href":"https:\/\/api.w.org\/{rel}","templated":true}]}}