{"id":3609,"date":"2024-09-22T20:16:50","date_gmt":"2024-09-22T18:16:50","guid":{"rendered":"https:\/\/pdrtools.ch\/produkt\/quick-tip-petit-support-de-pointe-en-silicone-a-17-trous\/"},"modified":"2026-04-10T10:06:26","modified_gmt":"2026-04-10T08:06:26","slug":"quick-tip-petit-support-de-pointe-en-silicone-a-17-trous","status":"publish","type":"product","link":"https:\/\/pdrtools.ch\/fr\/produkt\/quick-tip-petit-support-de-pointe-en-silicone-a-17-trous\/","title":{"rendered":"Conseil rapide &#8211; Petit"},"content":{"rendered":"<p><img data-opt-id=72858711  fetchpriority=\"high\" decoding=\"async\" class=\" wp-image-2192 alignright\" src=\"https:\/\/mlzzjckobjnb.i.optimole.com\/w:533\/h:400\/q:mauto\/f:best\/https:\/\/pdrtools.ch\/wp-content\/uploads\/\/QuickTip-SML-Blau.jpeg\" alt=\"\" width=\"482\" height=\"342\">Organisez vos outils PDR comme jamais auparavant avec le Quick-Tip Klein ! Ce support innovant peut accueillir jusqu&rsquo;\u00e0 17 embouts PDR et est fabriqu\u00e9 en silicone de haute qualit\u00e9, ce qui rend l&rsquo;insertion et le retrait des embouts incroyablement faciles. Cela acc\u00e9l\u00e8re le processus de r\u00e9paration et augmente votre efficacit\u00e9.  <\/p>\n<p>La conception flexible en silicone permet de maintenir en place les pointes normales et petites. Le bo\u00eetier en plastique qui l&rsquo;entoure offre une stabilit\u00e9 suppl\u00e9mentaire et emp\u00eache les embouts de tomber, ce qui permet de garder votre chariot \u00e0 outils propre et bien rang\u00e9. Avec des dimensions de 149x69x13mm et un poids de seulement 140g, le Quick-Tip est \u00e0 la fois compact et robuste et s&rsquo;int\u00e8gre parfaitement dans votre espace de travail sans prendre de place inutilement.  <\/p>\n<p>Disponible en deux couleurs vives &#8211; jaune et bleu &#8211; le Quick-Tip ajoute une touche personnelle \u00e0 votre trousse \u00e0 outils tout en garantissant que vos pointes PDR sont toujours \u00e0 port\u00e9e de main.<\/p>\n<p>Am\u00e9liorez vos travaux de r\u00e9paration avec le support d&#8217;embouts en silicone Quick-Tip : la solution ultime en mati\u00e8re d&rsquo;efficacit\u00e9, d&rsquo;organisation et de style dans un ensemble mince.<\/p>\n<h3><strong>Ce produit sera remplac\u00e9 par la nouvelle version Quick-Tip Klein V2. Assurez-vous d\u00e8s maintenant du stock restant avec une r\u00e9duction, jusqu&rsquo;\u00e0 \u00e9puisement des stocks ! <\/strong><\/h3>\n","protected":false},"excerpt":{"rendered":"<p>Le Quick-Tip Klein peut contenir jusqu&rsquo;\u00e0 17 pointes PDR et sa conception flexible en silicone facilite l&rsquo;insertion et le retrait rapides des pointes. Gr\u00e2ce \u00e0 son bo\u00eetier en plastique solide, vos outils restent toujours organis\u00e9s et bien rang\u00e9s. <\/p>\n","protected":false},"featured_media":2951,"comment_status":"closed","ping_status":"closed","template":"","meta":[],"product_brand":[],"product_cat":[246],"product_tag":[247],"class_list":{"0":"post-3609","1":"product","2":"type-product","3":"status-publish","4":"has-post-thumbnail","6":"product_cat-support-doutils","7":"product_tag-quicktip-fr","9":"first","10":"instock","11":"sale","12":"taxable","13":"shipping-taxable","14":"purchasable","15":"product-type-variable"},"_links":{"self":[{"href":"https:\/\/pdrtools.ch\/fr\/wp-json\/wp\/v2\/product\/3609","targetHints":{"allow":["GET"]}}],"collection":[{"href":"https:\/\/pdrtools.ch\/fr\/wp-json\/wp\/v2\/product"}],"about":[{"href":"https:\/\/pdrtools.ch\/fr\/wp-json\/wp\/v2\/types\/product"}],"replies":[{"embeddable":true,"href":"https:\/\/pdrtools.ch\/fr\/wp-json\/wp\/v2\/comments?post=3609"}],"wp:featuredmedia":[{"embeddable":true,"href":"https:\/\/pdrtools.ch\/fr\/wp-json\/wp\/v2\/media\/2951"}],"wp:attachment":[{"href":"https:\/\/pdrtools.ch\/fr\/wp-json\/wp\/v2\/media?parent=3609"}],"wp:term":[{"taxonomy":"product_brand","embeddable":true,"href":"https:\/\/pdrtools.ch\/fr\/wp-json\/wp\/v2\/product_brand?post=3609"},{"taxonomy":"product_cat","embeddable":true,"href":"https:\/\/pdrtools.ch\/fr\/wp-json\/wp\/v2\/product_cat?post=3609"},{"taxonomy":"product_tag","embeddable":true,"href":"https:\/\/pdrtools.ch\/fr\/wp-json\/wp\/v2\/product_tag?post=3609"}],"curies":[{"name":"wp","href":"https:\/\/api.w.org\/{rel}","templated":true}]}}