{"id":3601,"date":"2024-09-24T13:47:45","date_gmt":"2024-09-24T11:47:45","guid":{"rendered":"https:\/\/pdrtools.ch\/produkt\/capuchon-en-silicone-de-13mm-pour-les-pastilles-de-colle-froide\/"},"modified":"2026-04-10T10:06:26","modified_gmt":"2026-04-10T08:06:26","slug":"capuchon-en-silicone-de-13mm-pour-les-pastilles-de-colle-froide","status":"publish","type":"product","link":"https:\/\/pdrtools.ch\/fr\/produkt\/capuchon-en-silicone-de-13mm-pour-les-pastilles-de-colle-froide\/","title":{"rendered":"Capuchon en silicone de 13mm pour les pastilles de colle froide"},"content":{"rendered":"<p>Nos capuchons en silicone sp\u00e9cialement con\u00e7us pour les techniciens PDR offrent une protection optimale pour vos pastilles de colle froide. Ces capuchons en silicone emp\u00eachent la salet\u00e9 d&rsquo;atteindre la colle froide et offrent une solution de rangement pratique pour vos pastilles de colle froide.  Gr\u00e2ce \u00e0 la nature particuli\u00e8re du silicone, les capuchons n&rsquo;adh\u00e8rent pas \u00e0 la colle froide, ce qui permet d&rsquo;ins\u00e9rer et de retirer les pastilles de colle froide sans effort.<\/p>\n<p>Nos capuchons en silicone sont disponibles dans une grande vari\u00e9t\u00e9 de formes et de tailles pour s&rsquo;adapter \u00e0 toutes vos tablettes de colle froide. Con\u00e7us et fabriqu\u00e9s par un technicien PDR pour les techniciens PDR, ils garantissent la propret\u00e9 et l&rsquo;ordre dans votre bo\u00eete \u00e0 outils. <\/p>\n<p><strong>Dimension int\u00e9rieure : 13mm-14mm<\/strong><\/p>\n<p><em>\u00c9galement disponible en : 17mm, 19mm, 26mm, 30mm, 41mm, 35x10mm, 35x80mm et 35x150mm.  <\/em><\/p>\n","protected":false},"excerpt":{"rendered":"<p>Nos capuchons en silicone sp\u00e9cialement con\u00e7us prot\u00e8gent les pastilles de colle froide de la salet\u00e9 et offrent une solution de stockage pratique. Disponibles en diff\u00e9rentes formes et tailles, ils sont id\u00e9aux pour les techniciens PDR car ils n&rsquo;adh\u00e8rent pas \u00e0 la colle froide et sont faciles \u00e0 manipuler. <\/p>\n","protected":false},"featured_media":2630,"comment_status":"closed","ping_status":"closed","template":"","meta":[],"product_brand":[],"product_cat":[238],"product_tag":[240],"class_list":{"0":"post-3601","1":"product","2":"type-product","3":"status-publish","4":"has-post-thumbnail","6":"product_cat-capuchons","7":"product_tag-capuchons-de-colle-a-froid","9":"first","10":"instock","11":"taxable","12":"shipping-taxable","13":"purchasable","14":"product-type-simple"},"_links":{"self":[{"href":"https:\/\/pdrtools.ch\/fr\/wp-json\/wp\/v2\/product\/3601","targetHints":{"allow":["GET"]}}],"collection":[{"href":"https:\/\/pdrtools.ch\/fr\/wp-json\/wp\/v2\/product"}],"about":[{"href":"https:\/\/pdrtools.ch\/fr\/wp-json\/wp\/v2\/types\/product"}],"replies":[{"embeddable":true,"href":"https:\/\/pdrtools.ch\/fr\/wp-json\/wp\/v2\/comments?post=3601"}],"wp:featuredmedia":[{"embeddable":true,"href":"https:\/\/pdrtools.ch\/fr\/wp-json\/wp\/v2\/media\/2630"}],"wp:attachment":[{"href":"https:\/\/pdrtools.ch\/fr\/wp-json\/wp\/v2\/media?parent=3601"}],"wp:term":[{"taxonomy":"product_brand","embeddable":true,"href":"https:\/\/pdrtools.ch\/fr\/wp-json\/wp\/v2\/product_brand?post=3601"},{"taxonomy":"product_cat","embeddable":true,"href":"https:\/\/pdrtools.ch\/fr\/wp-json\/wp\/v2\/product_cat?post=3601"},{"taxonomy":"product_tag","embeddable":true,"href":"https:\/\/pdrtools.ch\/fr\/wp-json\/wp\/v2\/product_tag?post=3601"}],"curies":[{"name":"wp","href":"https:\/\/api.w.org\/{rel}","templated":true}]}}