{"id":11240,"date":"2026-04-15T10:03:49","date_gmt":"2026-04-15T08:03:49","guid":{"rendered":"https:\/\/pdrtools.ch\/?post_type=product&#038;p=11240"},"modified":"2026-04-15T10:24:33","modified_gmt":"2026-04-15T08:24:33","slug":"porte-bouteille-de-spray-kopie","status":"publish","type":"product","link":"https:\/\/pdrtools.ch\/fr\/produkt\/porte-bouteille-de-spray-kopie\/","title":{"rendered":"Grave \u00e0 colle avec couvercle"},"content":{"rendered":"<p style=\"line-height: 1.2; margin-bottom: 6px;\"><strong style=\"font-size: 20px;\">Tab Tower &#8211; Grave de colle<\/strong><br \/>\n<span style=\"font-size: 15px; font-weight: 500;\">Propret\u00e9 et s\u00e9curit\u00e9. Organis\u00e9 de mani\u00e8re efficace. \u00c0 port\u00e9e de main.  <\/span><\/p>\n<p style=\"margin-bottom: 12px;\"><img data-opt-id=1949794250  fetchpriority=\"high\" decoding=\"async\" class=\"size-medium wp-image-11254 alignright\" src=\"https:\/\/mlzzjckobjnb.i.optimole.com\/w:533\/h:400\/q:mauto\/f:best\/https:\/\/pdrtools.ch\/wp-content\/uploads\/\/IMG_6918.jpeg\" alt=\"\" width=\"533\" height=\"400\" srcset=\"https:\/\/mlzzjckobjnb.i.optimole.com\/w:533\/h:400\/q:mauto\/f:best\/https:\/\/pdrtools.ch\/wp-content\/uploads\/IMG_6918-scaled.jpeg 533w, https:\/\/mlzzjckobjnb.i.optimole.com\/w:1067\/h:800\/q:mauto\/f:best\/https:\/\/pdrtools.ch\/wp-content\/uploads\/IMG_6918-scaled.jpeg 1067w, https:\/\/mlzzjckobjnb.i.optimole.com\/w:768\/h:576\/q:mauto\/f:best\/https:\/\/pdrtools.ch\/wp-content\/uploads\/IMG_6918-scaled.jpeg 768w, https:\/\/mlzzjckobjnb.i.optimole.com\/w:1536\/h:1152\/q:mauto\/f:best\/https:\/\/pdrtools.ch\/wp-content\/uploads\/IMG_6918-scaled.jpeg 1536w, https:\/\/mlzzjckobjnb.i.optimole.com\/w:1920\/h:1440\/q:mauto\/f:best\/https:\/\/pdrtools.ch\/wp-content\/uploads\/IMG_6918-scaled.jpeg 2048w, https:\/\/mlzzjckobjnb.i.optimole.com\/w:1200\/h:900\/q:mauto\/f:best\/https:\/\/pdrtools.ch\/wp-content\/uploads\/IMG_6918-scaled.jpeg 1200w, https:\/\/mlzzjckobjnb.i.optimole.com\/w:1920\/h:1440\/q:mauto\/f:best\/dpr:2\/https:\/\/pdrtools.ch\/wp-content\/uploads\/IMG_6918-scaled.jpeg 2x\" sizes=\"(max-width: 533px) 100vw, 533px\" \/><\/p>\n<p data-start=\"175\" data-end=\"322\">Avec le Tab Tower &#8211; Glue Grave, vous avez enfin un endroit fixe pour les restes de colle, les onglets usag\u00e9s ou les petits d\u00e9chets &#8211; directement sur votre Tab Tower.<\/p>\n<p data-start=\"324\" data-end=\"619\">Le conteneur pratique s&rsquo;ins\u00e8re simplement dans un emplacement libre et garantit imm\u00e9diatement un espace de travail propre et structur\u00e9. C&rsquo;est surtout en combinaison avec le Double Stacker que la Glue Grave d\u00e9ploie tout son potentiel &#8211; tout reste compact, \u00e0 port\u00e9e de main et bien rang\u00e9. <\/p>\n<p data-start=\"621\" data-end=\"852\">Le couvercle fourni peut \u00eatre accroch\u00e9 sur le c\u00f4t\u00e9 du conteneur, ce qui le rend disponible \u00e0 tout moment. Lorsque le conteneur n&rsquo;est pas utilis\u00e9, il peut \u00eatre plac\u00e9 sur le dessus et est solidement fix\u00e9 d\u00e8s que l&rsquo;onglet Tower est ferm\u00e9. <\/p>\n<p data-start=\"854\" data-end=\"1253\"><strong>Caract\u00e9ristiques :<\/strong><br data-start=\"863\" data-end=\"866\">&#8211; Syst\u00e8me d&rsquo;insertion : s&rsquo;ins\u00e8re dans les emplacements libres de l&rsquo;onglet Tower Reloaded<br data-start=\"928\" data-end=\"931\">&#8211; Flux de travail propre : id\u00e9al pour les restes de colle, les onglets et les petits d\u00e9chets<br data-start=\"997\" data-end=\"1000\">&#8211; Couvercle \u00e0 fixation lat\u00e9rale : toujours \u00e0 port\u00e9e de main, pas de perte<br data-start=\"1066\" data-end=\"1069\">&#8211; Fermeture s\u00e9curis\u00e9e : se fixe par le couvercle de l&rsquo;onglet Tower<br data-start=\"1133\" data-end=\"1136\">&#8211; Parfait avec le Double Stacker : efficacit\u00e9 et ordre maximum<br data-start=\"1196\" data-end=\"1199\">&#8211; Robuste &amp; l\u00e9ger : con\u00e7u pour une utilisation quotidienne<\/p>\n<p data-start=\"1255\" data-end=\"1324\">Un petit d\u00e9tail &#8211; qui rend votre lieu de travail beaucoup plus propre.<\/p>\n<p data-start=\"1326\" data-end=\"1386\"><em><strong>Compatible uniquement avec le nouvel onglet Tower Reloaded.<\/strong><\/em><\/p>\n<p style=\"line-height: 1.15; margin-bottom: 0;\"><strong style=\"font-size: 20px;\"> <\/strong><\/p>\n","protected":false},"excerpt":{"rendered":"<p>R\u00e9cipient \u00e0 ins\u00e9rer pratique pour les restes de colle et les d\u00e9chets &#8211; couvercle inclus. Pour un flux de travail propre et organis\u00e9 sur la Tab Tower Reloaded.  <\/p>\n","protected":false},"featured_media":11270,"comment_status":"closed","ping_status":"closed","template":"","meta":[],"product_brand":[],"product_cat":[926],"product_tag":[263],"class_list":{"0":"post-11240","1":"product","2":"type-product","3":"status-publish","4":"has-post-thumbnail","6":"product_cat-tour-donglet","7":"product_tag-tour-donglet","9":"first","10":"instock","11":"taxable","12":"shipping-taxable","13":"purchasable","14":"product-type-simple"},"_links":{"self":[{"href":"https:\/\/pdrtools.ch\/fr\/wp-json\/wp\/v2\/product\/11240","targetHints":{"allow":["GET"]}}],"collection":[{"href":"https:\/\/pdrtools.ch\/fr\/wp-json\/wp\/v2\/product"}],"about":[{"href":"https:\/\/pdrtools.ch\/fr\/wp-json\/wp\/v2\/types\/product"}],"replies":[{"embeddable":true,"href":"https:\/\/pdrtools.ch\/fr\/wp-json\/wp\/v2\/comments?post=11240"}],"wp:featuredmedia":[{"embeddable":true,"href":"https:\/\/pdrtools.ch\/fr\/wp-json\/wp\/v2\/media\/11270"}],"wp:attachment":[{"href":"https:\/\/pdrtools.ch\/fr\/wp-json\/wp\/v2\/media?parent=11240"}],"wp:term":[{"taxonomy":"product_brand","embeddable":true,"href":"https:\/\/pdrtools.ch\/fr\/wp-json\/wp\/v2\/product_brand?post=11240"},{"taxonomy":"product_cat","embeddable":true,"href":"https:\/\/pdrtools.ch\/fr\/wp-json\/wp\/v2\/product_cat?post=11240"},{"taxonomy":"product_tag","embeddable":true,"href":"https:\/\/pdrtools.ch\/fr\/wp-json\/wp\/v2\/product_tag?post=11240"}],"curies":[{"name":"wp","href":"https:\/\/api.w.org\/{rel}","templated":true}]}}