{"id":10993,"date":"2026-04-12T12:44:21","date_gmt":"2026-04-12T10:44:21","guid":{"rendered":"https:\/\/pdrtools.ch\/?post_type=product&#038;p=10993"},"modified":"2026-04-12T13:16:26","modified_gmt":"2026-04-12T11:16:26","slug":"tab-tower-pieds-en-silicone","status":"publish","type":"product","link":"https:\/\/pdrtools.ch\/fr\/produkt\/tab-tower-pieds-en-silicone\/","title":{"rendered":"Tab Tower &#8211; Pieds en silicone"},"content":{"rendered":"<p style=\"line-height: 1.15; margin-bottom: 0;\"><strong style=\"font-size: 20px;\"><img data-opt-id=1249526302  fetchpriority=\"high\" decoding=\"async\" class=\"size-medium wp-image-10211 alignright\" src=\"https:\/\/mlzzjckobjnb.i.optimole.com\/w:300\/h:400\/q:mauto\/f:best\/https:\/\/pdrtools.ch\/wp-content\/uploads\/\/IMG_6887.jpeg\" alt=\"\" width=\"300\" height=\"400\" srcset=\"https:\/\/mlzzjckobjnb.i.optimole.com\/w:300\/h:400\/q:mauto\/f:best\/https:\/\/pdrtools.ch\/wp-content\/uploads\/IMG_6887-scaled.jpeg 300w, https:\/\/mlzzjckobjnb.i.optimole.com\/w:600\/h:800\/q:mauto\/f:best\/https:\/\/pdrtools.ch\/wp-content\/uploads\/IMG_6887-scaled.jpeg 600w, https:\/\/mlzzjckobjnb.i.optimole.com\/w:768\/h:1024\/q:mauto\/f:best\/https:\/\/pdrtools.ch\/wp-content\/uploads\/IMG_6887-scaled.jpeg 768w, https:\/\/mlzzjckobjnb.i.optimole.com\/w:1152\/h:1536\/q:mauto\/f:best\/https:\/\/pdrtools.ch\/wp-content\/uploads\/IMG_6887-scaled.jpeg 1152w, https:\/\/mlzzjckobjnb.i.optimole.com\/w:1536\/h:2048\/q:mauto\/f:best\/https:\/\/pdrtools.ch\/wp-content\/uploads\/IMG_6887-scaled.jpeg 1536w, https:\/\/mlzzjckobjnb.i.optimole.com\/w:1200\/h:1600\/q:mauto\/f:best\/https:\/\/pdrtools.ch\/wp-content\/uploads\/IMG_6887-scaled.jpeg 1200w, https:\/\/mlzzjckobjnb.i.optimole.com\/w:1920\/h:2560\/q:mauto\/f:best\/https:\/\/pdrtools.ch\/wp-content\/uploads\/IMG_6887-scaled.jpeg 1920w, https:\/\/mlzzjckobjnb.i.optimole.com\/w:1920\/h:2560\/q:mauto\/f:best\/dpr:2\/https:\/\/pdrtools.ch\/wp-content\/uploads\/IMG_6887-scaled.jpeg 2x\" sizes=\"(max-width: 300px) 100vw, 300px\" \/>Tab Tower &#8211; Pieds en silicone x8<\/strong><br \/>\n<span style=\"font-size: 14px; opacity: 0.7;\">Le grip. La protection. Stabilit\u00e9.  <\/span><\/p>\n<p data-start=\"233\" data-end=\"344\">Les pieds en silicone de la Tab Tower assurent une bonne stabilit\u00e9 tout en prot\u00e9geant vos surfaces de travail.<\/p>\n<p data-start=\"346\" data-end=\"558\">Ces inserts sp\u00e9cialement con\u00e7us offrent une adh\u00e9rence optimale, emp\u00eachent le Tab Tower de glisser et r\u00e9duisent l&rsquo;usure au fond de l&rsquo;outil. Ils prot\u00e8gent \u00e9galement les surfaces sensibles contre les rayures. <\/p>\n<p data-start=\"560\" data-end=\"635\">Id\u00e9al comme pi\u00e8ce de rechange lorsque les pieds existants s&rsquo;usent avec le temps.<\/p>\n<p data-start=\"637\" data-end=\"697\">Disponible en plusieurs couleurs &#8211; pour s&rsquo;adapter \u00e0 votre configuration.<\/p>\n<p data-start=\"699\" data-end=\"1042\">Caract\u00e9ristiques :<br data-start=\"712\" data-end=\"715\">&#8211; <strong data-start=\"717\" data-end=\"740\">Effet antid\u00e9rapant :<\/strong> stabilit\u00e9 m\u00eame sur les surfaces lisses<br data-start=\"780\" data-end=\"783\">&#8211; <strong data-start=\"785\" data-end=\"807\">Protection de surface :<\/strong> \u00e9vite les rayures sur les v\u00e9hicules et les surfaces de travail<br data-start=\"860\" data-end=\"863\">&#8211; <strong data-start=\"865\" data-end=\"894\">Protection pour la Tab Tower :<\/strong> r\u00e9duit l&rsquo;usure au sol<br data-start=\"923\" data-end=\"926\">&#8211; <strong data-start=\"928\" data-end=\"942\">Adapt\u00e9 :<\/strong> sp\u00e9cialement con\u00e7u pour la Tab Tower<br data-start=\"980\" data-end=\"983\">&#8211; <strong data-start=\"985\" data-end=\"1000\">Pi\u00e8ce de rechange :<\/strong> parfait pour remplacer en cas d&rsquo;usure<\/p>\n<h4 data-section-id=\"1xv5ws0\" data-start=\"1055\" data-end=\"1079\"><span role=\"text\"><strong data-start=\"1058\" data-end=\"1077\">Compatibilit\u00e9 :<\/strong><\/span><\/h4>\n<p data-start=\"1080\" data-end=\"1202\">Compatible avec toutes les versions de Tab Tower qui disposent de logements (trous) correspondants pour les pieds en silicone dans le sol.<\/p>\n<h4 data-section-id=\"k5qcig\" data-start=\"1049\" data-end=\"1066\"><span role=\"text\"><strong data-start=\"1052\" data-end=\"1064\">Remarque :<\/strong><\/span><\/h4>\n<p data-start=\"1067\" data-end=\"1223\">Veuillez indiquer la couleur souhait\u00e9e lors de votre commande.<br data-start=\"1123\" data-end=\"1126\">Si elle est disponible, elle sera prise en compte &#8211; sinon, la livraison se fera en <strong data-start=\"1206\" data-end=\"1222\">rouge standard<\/strong>.<\/p>\n<p data-start=\"1067\" data-end=\"1223\"><strong>Inclus dans la livraison :<\/strong> 8x pieds en silicone<\/p>\n","protected":false},"excerpt":{"rendered":"<p>Les pieds en silicone pour le Tab Tower offrent une meilleure adh\u00e9rence, prot\u00e8gent les surfaces et servent de pi\u00e8ces de rechange. Compatibles avec tous les mod\u00e8les dot\u00e9s de trous de fixation. 8 pi\u00e8ces.  <\/p>\n","protected":false},"featured_media":10225,"comment_status":"closed","ping_status":"closed","template":"","meta":[],"product_brand":[],"product_cat":[926],"product_tag":[263],"class_list":{"0":"post-10993","1":"product","2":"type-product","3":"status-publish","4":"has-post-thumbnail","6":"product_cat-tour-donglet","7":"product_tag-tour-donglet","9":"first","10":"instock","11":"taxable","12":"shipping-taxable","13":"purchasable","14":"product-type-simple"},"_links":{"self":[{"href":"https:\/\/pdrtools.ch\/fr\/wp-json\/wp\/v2\/product\/10993","targetHints":{"allow":["GET"]}}],"collection":[{"href":"https:\/\/pdrtools.ch\/fr\/wp-json\/wp\/v2\/product"}],"about":[{"href":"https:\/\/pdrtools.ch\/fr\/wp-json\/wp\/v2\/types\/product"}],"replies":[{"embeddable":true,"href":"https:\/\/pdrtools.ch\/fr\/wp-json\/wp\/v2\/comments?post=10993"}],"wp:featuredmedia":[{"embeddable":true,"href":"https:\/\/pdrtools.ch\/fr\/wp-json\/wp\/v2\/media\/10225"}],"wp:attachment":[{"href":"https:\/\/pdrtools.ch\/fr\/wp-json\/wp\/v2\/media?parent=10993"}],"wp:term":[{"taxonomy":"product_brand","embeddable":true,"href":"https:\/\/pdrtools.ch\/fr\/wp-json\/wp\/v2\/product_brand?post=10993"},{"taxonomy":"product_cat","embeddable":true,"href":"https:\/\/pdrtools.ch\/fr\/wp-json\/wp\/v2\/product_cat?post=10993"},{"taxonomy":"product_tag","embeddable":true,"href":"https:\/\/pdrtools.ch\/fr\/wp-json\/wp\/v2\/product_tag?post=10993"}],"curies":[{"name":"wp","href":"https:\/\/api.w.org\/{rel}","templated":true}]}}