{"id":10921,"date":"2026-04-12T12:50:01","date_gmt":"2026-04-12T10:50:01","guid":{"rendered":"https:\/\/pdrtools.ch\/?post_type=product&#038;p=10921"},"modified":"2026-04-16T21:41:47","modified_gmt":"2026-04-16T19:41:47","slug":"double-stacker","status":"publish","type":"product","link":"https:\/\/pdrtools.ch\/fr\/produkt\/double-stacker\/","title":{"rendered":"Double stacker"},"content":{"rendered":"<p style=\"line-height: 1.2;\"><strong style=\"font-size: 20px;\"><img data-opt-id=321513990  fetchpriority=\"high\" decoding=\"async\" class=\"size-medium wp-image-9868 alignright\" src=\"https:\/\/mlzzjckobjnb.i.optimole.com\/w:300\/h:400\/q:mauto\/f:best\/https:\/\/pdrtools.ch\/wp-content\/uploads\/\/IMG_6832.jpeg\" alt=\"\" width=\"300\" height=\"400\" srcset=\"https:\/\/mlzzjckobjnb.i.optimole.com\/w:300\/h:400\/q:mauto\/f:best\/https:\/\/pdrtools.ch\/wp-content\/uploads\/IMG_6832-scaled.jpeg 300w, https:\/\/mlzzjckobjnb.i.optimole.com\/w:600\/h:800\/q:mauto\/f:best\/https:\/\/pdrtools.ch\/wp-content\/uploads\/IMG_6832-scaled.jpeg 600w, https:\/\/mlzzjckobjnb.i.optimole.com\/w:768\/h:1024\/q:mauto\/f:best\/https:\/\/pdrtools.ch\/wp-content\/uploads\/IMG_6832-scaled.jpeg 768w, https:\/\/mlzzjckobjnb.i.optimole.com\/w:1152\/h:1536\/q:mauto\/f:best\/https:\/\/pdrtools.ch\/wp-content\/uploads\/IMG_6832-scaled.jpeg 1152w, https:\/\/mlzzjckobjnb.i.optimole.com\/w:1536\/h:2048\/q:mauto\/f:best\/https:\/\/pdrtools.ch\/wp-content\/uploads\/IMG_6832-scaled.jpeg 1536w, https:\/\/mlzzjckobjnb.i.optimole.com\/w:1200\/h:1600\/q:mauto\/f:best\/https:\/\/pdrtools.ch\/wp-content\/uploads\/IMG_6832-scaled.jpeg 1200w, https:\/\/mlzzjckobjnb.i.optimole.com\/w:1920\/h:2560\/q:mauto\/f:best\/https:\/\/pdrtools.ch\/wp-content\/uploads\/IMG_6832-scaled.jpeg 1920w, https:\/\/mlzzjckobjnb.i.optimole.com\/w:1920\/h:2560\/q:mauto\/f:best\/dpr:2\/https:\/\/pdrtools.ch\/wp-content\/uploads\/IMG_6832-scaled.jpeg 2x\" sizes=\"(max-width: 300px) 100vw, 300px\" \/>Tab Tower &#8211; Double Stacker<\/strong><br \/>\n<span style=\"font-size: 14px; opacity: 0.7;\">Plus d&rsquo;onglets. Plus de contr\u00f4le. <\/span><\/p>\n<p data-start=\"208\" data-end=\"268\">Am\u00e9liorez votre Tab Tower avec le<strong data-start=\"249\" data-end=\"267\"> Double Stacker<\/strong>.<\/p>\n<p data-start=\"270\" data-end=\"443\">Cet astucieux module compl\u00e9mentaire ajoute un niveau suppl\u00e9mentaire \u00e0 votre Tab Tower pour accueillir encore plus d&rsquo;onglets &#8211; il se range de mani\u00e8re compacte \u00e0 l&rsquo;int\u00e9rieur et il suffit de le sortir et de l&rsquo;enclencher si n\u00e9cessaire.<\/p>\n<p data-start=\"445\" data-end=\"596\">Le Double Stacker offre 5 slots suppl\u00e9mentaires et vous permet d&rsquo;avoir encore plus de choix directement \u00e0 port\u00e9e de main, sans prendre plus de place.<\/p>\n<p data-start=\"598\" data-end=\"873\">Et quand il faut aller vite :<br data-start=\"628\" data-end=\"631\">Il suffit de le retirer et de l&rsquo;utiliser de mani\u00e8re mobile, sans devoir emporter tout le Tab Tower.<br data-start=\"723\" data-end=\"726\">Gr\u00e2ce \u00e0 l&rsquo;aimant int\u00e9gr\u00e9 dans le fond, le Double Stacker adh\u00e8re solidement aux surfaces m\u00e9talliques &#8211; parfait pour les interventions rapides directement sur le v\u00e9hicule.<\/p>\n<p data-start=\"752\" data-end=\"787\"><strong data-start=\"752\" data-end=\"787\">Armez votre Tab Tower. Soyez pr\u00eat ! <\/strong><\/p>\n<p data-start=\"789\" data-end=\"1108\"><strong data-start=\"789\" data-end=\"802\">Caract\u00e9ristiques :<\/strong><br data-start=\"802\" data-end=\"805\">&#8211; <strong data-start=\"938\" data-end=\"956\">Design 2 en 1 :<\/strong> compact et utilisable en position \u00e9tendue<br data-start=\"998\" data-end=\"1001\">&#8211; <strong data-start=\"1003\" data-end=\"1027\">5 fentes suppl\u00e9mentaires :<\/strong> Plus d&rsquo;onglets, plus d&rsquo;efficacit\u00e9<br data-start=\"1053\" data-end=\"1056\">&#8211; <strong data-start=\"1058\" data-end=\"1082\">M\u00e9canisme de verrouillage :<\/strong> maintien s\u00fbr en utilisation<br data-start=\"1107\" data-end=\"1110\">&#8211; <strong data-start=\"1112\" data-end=\"1139\">Pied magn\u00e9tique :<\/strong> maintien s\u00fbr sur les surfaces m\u00e9talliques<br \/>\n&#8211; <strong>4x pieds en silicone : <\/strong>Pour un maintien s\u00fbr sur toutes les surfaces<br \/>\n&#8211; <strong data-start=\"1187\" data-end=\"1207\">Conception modulaire :<\/strong> Extension parfaite pour votre Tab Tower<br data-start=\"1248\" data-end=\"1251\">&#8211; <strong data-start=\"1253\" data-end=\"1274\">Utilisation mobile :<\/strong> Id\u00e9al pour les travaux rapides ou de petite taille<\/p>\n<p data-start=\"1110\" data-end=\"1146\">Une mise \u00e0 niveau qui se ressent imm\u00e9diatement.<\/p>\n<p data-start=\"1110\" data-end=\"1146\"><em><strong>Remarque : cet accessoire n&rsquo;est compatible qu&rsquo;avec le nouvel onglet Tower \u00ab\u00a0RELOADED\u00a0\u00bb.<\/strong><\/em><\/p>\n","protected":false},"excerpt":{"rendered":"<p>Le Double Stacker ajoute 5 slots suppl\u00e9mentaires \u00e0 votre Tab Tower et peut \u00eatre d\u00e9ploy\u00e9 ou utilis\u00e9 de mani\u00e8re mobile si n\u00e9cessaire &#8211; plus d&rsquo;onglets, plus de flexibilit\u00e9.<\/p>\n","protected":false},"featured_media":11227,"comment_status":"closed","ping_status":"closed","template":"","meta":[],"product_brand":[],"product_cat":[926],"product_tag":[263],"class_list":{"0":"post-10921","1":"product","2":"type-product","3":"status-publish","4":"has-post-thumbnail","6":"product_cat-tour-donglet","7":"product_tag-tour-donglet","9":"first","10":"instock","11":"taxable","12":"shipping-taxable","13":"purchasable","14":"product-type-simple"},"_links":{"self":[{"href":"https:\/\/pdrtools.ch\/fr\/wp-json\/wp\/v2\/product\/10921","targetHints":{"allow":["GET"]}}],"collection":[{"href":"https:\/\/pdrtools.ch\/fr\/wp-json\/wp\/v2\/product"}],"about":[{"href":"https:\/\/pdrtools.ch\/fr\/wp-json\/wp\/v2\/types\/product"}],"replies":[{"embeddable":true,"href":"https:\/\/pdrtools.ch\/fr\/wp-json\/wp\/v2\/comments?post=10921"}],"wp:featuredmedia":[{"embeddable":true,"href":"https:\/\/pdrtools.ch\/fr\/wp-json\/wp\/v2\/media\/11227"}],"wp:attachment":[{"href":"https:\/\/pdrtools.ch\/fr\/wp-json\/wp\/v2\/media?parent=10921"}],"wp:term":[{"taxonomy":"product_brand","embeddable":true,"href":"https:\/\/pdrtools.ch\/fr\/wp-json\/wp\/v2\/product_brand?post=10921"},{"taxonomy":"product_cat","embeddable":true,"href":"https:\/\/pdrtools.ch\/fr\/wp-json\/wp\/v2\/product_cat?post=10921"},{"taxonomy":"product_tag","embeddable":true,"href":"https:\/\/pdrtools.ch\/fr\/wp-json\/wp\/v2\/product_tag?post=10921"}],"curies":[{"name":"wp","href":"https:\/\/api.w.org\/{rel}","templated":true}]}}