{"id":10867,"date":"2026-04-12T12:50:51","date_gmt":"2026-04-12T10:50:51","guid":{"rendered":"https:\/\/pdrtools.ch\/?post_type=product&#038;p=10867"},"modified":"2026-04-12T12:50:51","modified_gmt":"2026-04-12T10:50:51","slug":"support-darret","status":"publish","type":"product","link":"https:\/\/pdrtools.ch\/fr\/produkt\/support-darret\/","title":{"rendered":"Support d&rsquo;arr\u00eat"},"content":{"rendered":"<p style=\"line-height: 1.2;\"><strong style=\"font-size: 20px;\">Tab Tower &#8211; Clip de knockdown<\/strong><br \/>\n<span style=\"font-size: 14px; letter-spacing: 1px; opacity: 0.8;\">LOCK &amp; LOAD<\/span><\/p>\n<p style=\"line-height: 1.2;\"><strong style=\"font-size: 20px;\"><img data-opt-id=1215829770  fetchpriority=\"high\" decoding=\"async\" class=\" wp-image-10292 alignright\" src=\"https:\/\/mlzzjckobjnb.i.optimole.com\/w:533\/h:400\/q:mauto\/f:best\/https:\/\/pdrtools.ch\/wp-content\/uploads\/\/IMG_6905.jpeg\" alt=\"\" width=\"456\" height=\"344\"><\/strong>Avec le Tab Tower &#8211; Knockdown Clip, vous avez toujours votre Knockdown \u00e0 port\u00e9e de main &#8211; il suffit de le clipser, de l&rsquo;enclencher, et c&rsquo;est parti.<\/p>\n<p data-start=\"397\" data-end=\"582\">Le design fin \u00e0 glissi\u00e8re assure une prise en main s\u00fbre directement sur l&rsquo;onglet de la tour, sans \u00eatre encombrant ou g\u00eanant.<br data-start=\"508\" data-end=\"511\">Vos outils restent exactement l\u00e0 o\u00f9 vous en avez besoin &#8211; pr\u00eats \u00e0 l&#8217;emploi.<\/p>\n<p data-start=\"584\" data-end=\"609\">Le verrouiller. Chargez le tout. Allez.  <\/p>\n<p data-start=\"611\" data-end=\"924\"><strong data-start=\"611\" data-end=\"624\">Caract\u00e9ristiques :<\/strong><br data-start=\"624\" data-end=\"627\">&#8211; <strong data-start=\"629\" data-end=\"649\">Syst\u00e8me Slide-On :<\/strong> montage rapide et fixation s\u00fbre<br data-start=\"685\" data-end=\"688\">&#8211; <strong data-start=\"690\" data-end=\"706\">Design fin :<\/strong> compact, l\u00e9ger et discret<br data-start=\"738\" data-end=\"741\">&#8211; <strong data-start=\"743\" data-end=\"761\">Fixation s\u00fbre :<\/strong> pour les knockdowns jusqu&rsquo;\u00e0 env. 14.5 mm de diam\u00e8tre<br data-start=\"808\" data-end=\"811\">&#8211; <strong data-start=\"813\" data-end=\"834\">Acc\u00e8s direct :<\/strong> pas de recherche &#8211; imm\u00e9diatement pr\u00eat \u00e0 l&#8217;emploi<br data-start=\"869\" data-end=\"872\">&#8211; <strong data-start=\"874\" data-end=\"892\">Construction robuste :<\/strong> Pour une utilisation quotidienne du PDR<\/p>\n<p data-start=\"926\" data-end=\"979\"><strong>Disponible en :<\/strong><br data-start=\"940\" data-end=\"943\">Hot Red et Industrial Black<\/p>\n<p data-start=\"926\" data-end=\"979\"><em><strong>Compatible avec toutes les versions de l&rsquo;onglet Tower &#8211; m\u00eame les anciennes g\u00e9n\u00e9rations.<\/strong><\/em><\/p>\n","protected":false},"excerpt":{"rendered":"<p><strong data-start=\"1014\" data-end=\"1030\">Lock &amp; Load.<\/strong>  Le Knockdown Clip maintient votre outil en toute s\u00e9curit\u00e9 sur le Tab Tower &#8211; rapidement install\u00e9, imm\u00e9diatement \u00e0 port\u00e9e de main. Convient pour les \u00d8 jusqu&rsquo;\u00e0 14,5 mm environ. <\/p>\n","protected":false},"featured_media":10868,"comment_status":"closed","ping_status":"closed","template":"","meta":[],"product_brand":[],"product_cat":[926],"product_tag":[263],"class_list":{"0":"post-10867","1":"product","2":"type-product","3":"status-publish","4":"has-post-thumbnail","6":"product_cat-tour-donglet","7":"product_tag-tour-donglet","9":"first","10":"instock","11":"taxable","12":"shipping-taxable","13":"purchasable","14":"product-type-variable"},"_links":{"self":[{"href":"https:\/\/pdrtools.ch\/fr\/wp-json\/wp\/v2\/product\/10867","targetHints":{"allow":["GET"]}}],"collection":[{"href":"https:\/\/pdrtools.ch\/fr\/wp-json\/wp\/v2\/product"}],"about":[{"href":"https:\/\/pdrtools.ch\/fr\/wp-json\/wp\/v2\/types\/product"}],"replies":[{"embeddable":true,"href":"https:\/\/pdrtools.ch\/fr\/wp-json\/wp\/v2\/comments?post=10867"}],"wp:featuredmedia":[{"embeddable":true,"href":"https:\/\/pdrtools.ch\/fr\/wp-json\/wp\/v2\/media\/10868"}],"wp:attachment":[{"href":"https:\/\/pdrtools.ch\/fr\/wp-json\/wp\/v2\/media?parent=10867"}],"wp:term":[{"taxonomy":"product_brand","embeddable":true,"href":"https:\/\/pdrtools.ch\/fr\/wp-json\/wp\/v2\/product_brand?post=10867"},{"taxonomy":"product_cat","embeddable":true,"href":"https:\/\/pdrtools.ch\/fr\/wp-json\/wp\/v2\/product_cat?post=10867"},{"taxonomy":"product_tag","embeddable":true,"href":"https:\/\/pdrtools.ch\/fr\/wp-json\/wp\/v2\/product_tag?post=10867"}],"curies":[{"name":"wp","href":"https:\/\/api.w.org\/{rel}","templated":true}]}}