{"id":10861,"date":"2026-04-12T12:51:12","date_gmt":"2026-04-12T10:51:12","guid":{"rendered":"https:\/\/pdrtools.ch\/?post_type=product&#038;p=10861"},"modified":"2026-04-12T12:51:12","modified_gmt":"2026-04-12T10:51:12","slug":"porte-bouteille-de-spray","status":"publish","type":"product","link":"https:\/\/pdrtools.ch\/fr\/produkt\/porte-bouteille-de-spray\/","title":{"rendered":"Porte-bouteille de spray"},"content":{"rendered":"<p style=\"line-height: 1.15; margin-bottom: 0;\"><strong style=\"font-size: 20px;\"><img data-opt-id=823622024  fetchpriority=\"high\" decoding=\"async\" class=\" wp-image-9871 alignright\" src=\"https:\/\/mlzzjckobjnb.i.optimole.com\/w:300\/h:400\/q:mauto\/f:best\/https:\/\/pdrtools.ch\/wp-content\/uploads\/\/IMG_6835.jpeg\" alt=\"\" width=\"258\" height=\"363\">Tab Tower &#8211; Porte-bouteille de spray<\/strong><br \/>\n<span style=\"font-size: 14px; opacity: 0.7;\">Propre. Pr\u00eat \u00e0 l&#8217;emploi. A port\u00e9e de main.  <\/span><\/p>\n<p data-start=\"231\" data-end=\"371\">Avec le Tab Tower &#8211; Spray Bottle Holder, vous avez toujours votre vaporisateur d&rsquo;alcool l\u00e0 o\u00f9 vous en avez besoin &#8211; directement sur le Tab Tower.<\/p>\n<p data-start=\"373\" data-end=\"559\">Il suffit de l&rsquo;ins\u00e9rer dans un emplacement libre et de commencer \u00e0 travailler. Pas de recherche, pas de manipulation &#8211; tout est \u00e0 port\u00e9e de main pour un travail rapide et propre lors du retrait des pastilles adh\u00e9sives. <\/p>\n<p data-start=\"561\" data-end=\"704\">Disponible en deux tailles :<br data-start=\"588\" data-end=\"591\">&#8211; <strong data-start=\"593\" data-end=\"603\">Small :<\/strong> pour les bouteilles jusqu&rsquo;\u00e0 26 mm de diam\u00e8tre environ<br data-start=\"646\" data-end=\"649\">&#8211; <strong data-start=\"651\" data-end=\"661\">Large :<\/strong> pour les bouteilles jusqu&rsquo;\u00e0 40 mm de diam\u00e8tre environ<\/p>\n<p data-start=\"706\" data-end=\"1034\">Caract\u00e9ristiques :<br data-start=\"719\" data-end=\"722\">&#8211; <strong data-start=\"724\" data-end=\"744\">Syst\u00e8me Slide-On :<\/strong> s&rsquo;ins\u00e8re dans les emplacements libres du Tab Tower<br data-start=\"780\" data-end=\"783\">&#8211; <strong data-start=\"785\" data-end=\"806\">Acc\u00e8s direct :<\/strong> spray toujours \u00e0 port\u00e9e de main pendant le travail<br data-start=\"849\" data-end=\"852\">&#8211; <strong data-start=\"854\" data-end=\"871\">Deux tailles :<\/strong> Pour diff\u00e9rents types de flacons<br data-start=\"906\" data-end=\"909\">&#8211; <strong data-start=\"911\" data-end=\"933\">Flux de travail propre :<\/strong> Id\u00e9al pour d\u00e9tacher rapidement les pastilles adh\u00e9sives<br data-start=\"973\" data-end=\"976\">&#8211; <strong data-start=\"978\" data-end=\"998\">Robuste &amp; l\u00e9ger :<\/strong> Con\u00e7u pour une utilisation quotidienne<\/p>\n<p data-start=\"1036\" data-end=\"1097\">Un petit module compl\u00e9mentaire &#8211; qui acc\u00e9l\u00e8re sensiblement votre flux de travail.<\/p>\n<p data-start=\"1036\" data-end=\"1097\"><em><strong>Compatible avec toutes les versions de l&rsquo;onglet Tower &#8211; m\u00eame les anciennes g\u00e9n\u00e9rations.<\/strong><\/em><\/p>\n","protected":false},"excerpt":{"rendered":"<p>Le Spray Bottle Holder s&rsquo;ins\u00e8re simplement dans le Tab Tower et garde votre bouteille d&rsquo;alcool \u00e0 port\u00e9e de main. Disponible pour les \u00d8 jusqu&rsquo;\u00e0 26 mm ou 40 mm. <\/p>\n","protected":false},"featured_media":10862,"comment_status":"closed","ping_status":"closed","template":"","meta":[],"product_brand":[],"product_cat":[926],"product_tag":[263],"class_list":{"0":"post-10861","1":"product","2":"type-product","3":"status-publish","4":"has-post-thumbnail","6":"product_cat-tour-donglet","7":"product_tag-tour-donglet","9":"first","10":"instock","11":"taxable","12":"shipping-taxable","13":"purchasable","14":"product-type-variable"},"_links":{"self":[{"href":"https:\/\/pdrtools.ch\/fr\/wp-json\/wp\/v2\/product\/10861","targetHints":{"allow":["GET"]}}],"collection":[{"href":"https:\/\/pdrtools.ch\/fr\/wp-json\/wp\/v2\/product"}],"about":[{"href":"https:\/\/pdrtools.ch\/fr\/wp-json\/wp\/v2\/types\/product"}],"replies":[{"embeddable":true,"href":"https:\/\/pdrtools.ch\/fr\/wp-json\/wp\/v2\/comments?post=10861"}],"wp:featuredmedia":[{"embeddable":true,"href":"https:\/\/pdrtools.ch\/fr\/wp-json\/wp\/v2\/media\/10862"}],"wp:attachment":[{"href":"https:\/\/pdrtools.ch\/fr\/wp-json\/wp\/v2\/media?parent=10861"}],"wp:term":[{"taxonomy":"product_brand","embeddable":true,"href":"https:\/\/pdrtools.ch\/fr\/wp-json\/wp\/v2\/product_brand?post=10861"},{"taxonomy":"product_cat","embeddable":true,"href":"https:\/\/pdrtools.ch\/fr\/wp-json\/wp\/v2\/product_cat?post=10861"},{"taxonomy":"product_tag","embeddable":true,"href":"https:\/\/pdrtools.ch\/fr\/wp-json\/wp\/v2\/product_tag?post=10861"}],"curies":[{"name":"wp","href":"https:\/\/api.w.org\/{rel}","templated":true}]}}